{"id":39190,"date":"2025-11-19T19:40:22","date_gmt":"2025-11-19T19:40:22","guid":{"rendered":"https:\/\/webonsai.com\/product\/kit-avanzato-per-lapprendimento-del-bonsai-in-kiribako\/"},"modified":"2025-11-19T19:40:22","modified_gmt":"2025-11-19T19:40:22","slug":"kit-avanzato-per-lapprendimento-del-bonsai-in-kiribako","status":"publish","type":"product","link":"https:\/\/webonsai.com\/it\/prodotto\/kit-avanzato-per-lapprendimento-del-bonsai-in-kiribako\/","title":{"rendered":"Kit avanzato per l&#8217;apprendimento del bonsai in kiribako"},"content":{"rendered":"<p>Questo kit intermedio per l&#8217;apprendimento del bonsai \u00e8 splendidamente presentato in un Kiribako fatto a mano e con scritte a mano, il che lo rende una meravigliosa idea regalo di Natale per chiunque desideri approfondire la propria conoscenza dell&#8217;arte del bonsai.<\/p>\n<p>Incluso nel kit:<\/p>\n<p>Cesoie da potatura spesse DINGMU 195 mm<\/p>\n<p>Tronchese concavo DINGMU 210 mm<\/p>\n<p>Tronchese per filo DINGMU 210 mm<\/p>\n<p>Gorbia DINGMU 195 mm (testa da 8 mm, acciaio inossidabile)<\/p>\n<p>Tronchese per radici DINGMU 200 mm<\/p>\n<p>2\u00d7 Filo di alluminio per bonsai (80 g ciascuno):<\/p>\n<p>1 mm<\/p>\n<p>2 mm<\/p>\n<p>3 mm<\/p>\n<p>4 mm<\/p>\n<p>5 mm<\/p>\n<p>6 mm<\/p>\n<p>Tutto ci\u00f2 di cui hai bisogno per far progredire la tua pratica del bonsai \u00e8 raccolto qui in un set completo ed elegante.<\/p>\n","protected":false},"excerpt":{"rendered":"<p>Questo kit intermedio per l&#8217;apprendimento del bonsai \u00e8 splendidamente presentato in un Kiribako fatto a mano e con scritte a mano, il che lo rende una meravigliosa idea regalo di Natale per chiunque desideri approfondire la propria conoscenza dell&#8217;arte del bonsai.<\/p>\n<p>Incluso nel kit:<\/p>\n<p>Cesoie da potatura spesse DINGMU 195 mm<\/p>\n<p>Tronchese concavo DINGMU 210 mm<\/p>\n<p>Tronchese per filo DINGMU 210 mm<\/p>\n<p>Gorbia DINGMU 195 mm (testa da 8 mm, acciaio inossidabile)<\/p>\n<p>Tronchese per radici DINGMU 200 mm<\/p>\n<p>2\u00d7 Filo di alluminio per bonsai (80 g ciascuno):<\/p>\n<p>1 mm<\/p>\n<p>2 mm<\/p>\n<p>3 mm<\/p>\n<p>4 mm<\/p>\n<p>5 mm<\/p>\n<p>6 mm<\/p>\n<p>Tutto ci\u00f2 di cui hai bisogno per far progredire la tua pratica del bonsai \u00e8 raccolto qui in un set completo ed elegante.<\/p>\n","protected":false},"featured_media":39189,"template":"","meta":[],"product_brand":[],"product_cat":[262],"product_tag":[],"class_list":{"0":"post-39190","1":"product","2":"type-product","3":"status-publish","4":"has-post-thumbnail","6":"product_cat-vasi","7":"product_shipping_class-wc-mp-1-17-it","10":"first","11":"instock","12":"sale","13":"shipping-taxable","14":"purchasable","15":"product-type-simple"},"yoast_head":"<!-- This site is optimized with the Yoast SEO plugin v27.5 - https:\/\/yoast.com\/product\/yoast-seo-wordpress\/ -->\n<title>Kit avanzato per l&#039;apprendimento del bonsai in kiribako - webonsai.com<\/title>\n<meta name=\"robots\" content=\"index, follow, max-snippet:-1, max-image-preview:large, max-video-preview:-1\" \/>\n<link rel=\"canonical\" href=\"https:\/\/webonsai.com\/it\/prodotto\/kit-avanzato-per-lapprendimento-del-bonsai-in-kiribako\/\" \/>\n<meta property=\"og:locale\" content=\"it_IT\" \/>\n<meta property=\"og:type\" content=\"article\" \/>\n<meta property=\"og:title\" content=\"Kit avanzato per l&#039;apprendimento del bonsai in kiribako - webonsai.com\" \/>\n<meta property=\"og:description\" content=\"Questo kit intermedio per l&#039;apprendimento del bonsai \u00e8 splendidamente presentato in un Kiribako fatto a mano e con scritte a mano, il che lo rende una meravigliosa idea regalo di Natale per chiunque desideri approfondire la propria conoscenza dell&#039;arte del bonsai. Incluso nel kit: Cesoie da potatura spesse DINGMU 195 mm Tronchese concavo DINGMU 210 mm Tronchese per filo DINGMU 210 mm Gorbia DINGMU 195 mm (testa da 8 mm, acciaio inossidabile) Tronchese per radici DINGMU 200 mm 2\u00d7 Filo di alluminio per bonsai (80 g ciascuno): 1 mm 2 mm 3 mm 4 mm 5 mm 6 mm Tutto ci\u00f2 di cui hai bisogno per far progredire la tua pratica del bonsai \u00e8 raccolto qui in un set completo ed elegante.\" \/>\n<meta property=\"og:url\" content=\"https:\/\/webonsai.com\/it\/prodotto\/kit-avanzato-per-lapprendimento-del-bonsai-in-kiribako\/\" \/>\n<meta property=\"og:site_name\" content=\"webonsai.com\" \/>\n<meta property=\"og:image\" content=\"https:\/\/webonsai.com\/wp-content\/uploads\/2025\/11\/8084c997-2011-4c67-8df3-fecc57c74312.jpg?wsr\" \/>\n\t<meta property=\"og:image:width\" content=\"810\" \/>\n\t<meta property=\"og:image:height\" content=\"1080\" \/>\n\t<meta property=\"og:image:type\" content=\"image\/jpeg\" \/>\n<meta name=\"twitter:card\" content=\"summary_large_image\" \/>\n<meta name=\"twitter:label1\" content=\"Tempo di lettura stimato\" \/>\n\t<meta name=\"twitter:data1\" content=\"1 minuto\" \/>\n<script type=\"application\/ld+json\" class=\"yoast-schema-graph\">{\"@context\":\"https:\\\/\\\/schema.org\",\"@graph\":[{\"@type\":\"WebPage\",\"@id\":\"https:\\\/\\\/webonsai.com\\\/it\\\/prodotto\\\/kit-avanzato-per-lapprendimento-del-bonsai-in-kiribako\\\/\",\"url\":\"https:\\\/\\\/webonsai.com\\\/it\\\/prodotto\\\/kit-avanzato-per-lapprendimento-del-bonsai-in-kiribako\\\/\",\"name\":\"Kit avanzato per l'apprendimento del bonsai in kiribako - webonsai.com\",\"isPartOf\":{\"@id\":\"https:\\\/\\\/webonsai.com\\\/it\\\/#website\"},\"primaryImageOfPage\":{\"@id\":\"https:\\\/\\\/webonsai.com\\\/it\\\/prodotto\\\/kit-avanzato-per-lapprendimento-del-bonsai-in-kiribako\\\/#primaryimage\"},\"image\":{\"@id\":\"https:\\\/\\\/webonsai.com\\\/it\\\/prodotto\\\/kit-avanzato-per-lapprendimento-del-bonsai-in-kiribako\\\/#primaryimage\"},\"thumbnailUrl\":\"https:\\\/\\\/webonsai.com\\\/wp-content\\\/uploads\\\/2025\\\/11\\\/8084c997-2011-4c67-8df3-fecc57c74312.jpg?wsr\",\"datePublished\":\"2025-11-19T19:40:22+00:00\",\"breadcrumb\":{\"@id\":\"https:\\\/\\\/webonsai.com\\\/it\\\/prodotto\\\/kit-avanzato-per-lapprendimento-del-bonsai-in-kiribako\\\/#breadcrumb\"},\"inLanguage\":\"it-IT\",\"potentialAction\":[{\"@type\":\"ReadAction\",\"target\":[\"https:\\\/\\\/webonsai.com\\\/it\\\/prodotto\\\/kit-avanzato-per-lapprendimento-del-bonsai-in-kiribako\\\/\"]}]},{\"@type\":\"ImageObject\",\"inLanguage\":\"it-IT\",\"@id\":\"https:\\\/\\\/webonsai.com\\\/it\\\/prodotto\\\/kit-avanzato-per-lapprendimento-del-bonsai-in-kiribako\\\/#primaryimage\",\"url\":\"https:\\\/\\\/webonsai.com\\\/wp-content\\\/uploads\\\/2025\\\/11\\\/8084c997-2011-4c67-8df3-fecc57c74312.jpg?wsr\",\"contentUrl\":\"https:\\\/\\\/webonsai.com\\\/wp-content\\\/uploads\\\/2025\\\/11\\\/8084c997-2011-4c67-8df3-fecc57c74312.jpg?wsr\",\"width\":810,\"height\":1080},{\"@type\":\"BreadcrumbList\",\"@id\":\"https:\\\/\\\/webonsai.com\\\/it\\\/prodotto\\\/kit-avanzato-per-lapprendimento-del-bonsai-in-kiribako\\\/#breadcrumb\",\"itemListElement\":[{\"@type\":\"ListItem\",\"position\":1,\"name\":\"Home\",\"item\":\"https:\\\/\\\/webonsai.com\\\/it\\\/\"},{\"@type\":\"ListItem\",\"position\":2,\"name\":\"Shop\",\"item\":\"https:\\\/\\\/webonsai.com\\\/shop\\\/\"},{\"@type\":\"ListItem\",\"position\":3,\"name\":\"Kit avanzato per l&#8217;apprendimento del bonsai in kiribako\"}]},{\"@type\":\"WebSite\",\"@id\":\"https:\\\/\\\/webonsai.com\\\/it\\\/#website\",\"url\":\"https:\\\/\\\/webonsai.com\\\/it\\\/\",\"name\":\"webonsai.com\",\"description\":\"\",\"publisher\":{\"@id\":\"https:\\\/\\\/webonsai.com\\\/it\\\/#organization\"},\"potentialAction\":[{\"@type\":\"SearchAction\",\"target\":{\"@type\":\"EntryPoint\",\"urlTemplate\":\"https:\\\/\\\/webonsai.com\\\/it\\\/?s={search_term_string}\"},\"query-input\":{\"@type\":\"PropertyValueSpecification\",\"valueRequired\":true,\"valueName\":\"search_term_string\"}}],\"inLanguage\":\"it-IT\"},{\"@type\":\"Organization\",\"@id\":\"https:\\\/\\\/webonsai.com\\\/it\\\/#organization\",\"name\":\"We Bonsai\",\"url\":\"https:\\\/\\\/webonsai.com\\\/it\\\/\",\"logo\":{\"@type\":\"ImageObject\",\"inLanguage\":\"it-IT\",\"@id\":\"https:\\\/\\\/webonsai.com\\\/it\\\/#\\\/schema\\\/logo\\\/image\\\/\",\"url\":\"https:\\\/\\\/webonsai.com\\\/wp-content\\\/uploads\\\/2024\\\/05\\\/WeBonsai_Logo.png\",\"contentUrl\":\"https:\\\/\\\/webonsai.com\\\/wp-content\\\/uploads\\\/2024\\\/05\\\/WeBonsai_Logo.png\",\"width\":400,\"height\":125,\"caption\":\"We Bonsai\"},\"image\":{\"@id\":\"https:\\\/\\\/webonsai.com\\\/it\\\/#\\\/schema\\\/logo\\\/image\\\/\"}}]}<\/script>\n<!-- \/ Yoast SEO plugin. -->","yoast_head_json":{"title":"Kit avanzato per l'apprendimento del bonsai in kiribako - webonsai.com","robots":{"index":"index","follow":"follow","max-snippet":"max-snippet:-1","max-image-preview":"max-image-preview:large","max-video-preview":"max-video-preview:-1"},"canonical":"https:\/\/webonsai.com\/it\/prodotto\/kit-avanzato-per-lapprendimento-del-bonsai-in-kiribako\/","og_locale":"it_IT","og_type":"article","og_title":"Kit avanzato per l'apprendimento del bonsai in kiribako - webonsai.com","og_description":"Questo kit intermedio per l'apprendimento del bonsai \u00e8 splendidamente presentato in un Kiribako fatto a mano e con scritte a mano, il che lo rende una meravigliosa idea regalo di Natale per chiunque desideri approfondire la propria conoscenza dell'arte del bonsai. Incluso nel kit: Cesoie da potatura spesse DINGMU 195 mm Tronchese concavo DINGMU 210 mm Tronchese per filo DINGMU 210 mm Gorbia DINGMU 195 mm (testa da 8 mm, acciaio inossidabile) Tronchese per radici DINGMU 200 mm 2\u00d7 Filo di alluminio per bonsai (80 g ciascuno): 1 mm 2 mm 3 mm 4 mm 5 mm 6 mm Tutto ci\u00f2 di cui hai bisogno per far progredire la tua pratica del bonsai \u00e8 raccolto qui in un set completo ed elegante.","og_url":"https:\/\/webonsai.com\/it\/prodotto\/kit-avanzato-per-lapprendimento-del-bonsai-in-kiribako\/","og_site_name":"webonsai.com","og_image":[{"width":810,"height":1080,"url":"https:\/\/webonsai.com\/wp-content\/uploads\/2025\/11\/8084c997-2011-4c67-8df3-fecc57c74312.jpg?wsr","type":"image\/jpeg"}],"twitter_card":"summary_large_image","twitter_misc":{"Tempo di lettura stimato":"1 minuto"},"schema":{"@context":"https:\/\/schema.org","@graph":[{"@type":"WebPage","@id":"https:\/\/webonsai.com\/it\/prodotto\/kit-avanzato-per-lapprendimento-del-bonsai-in-kiribako\/","url":"https:\/\/webonsai.com\/it\/prodotto\/kit-avanzato-per-lapprendimento-del-bonsai-in-kiribako\/","name":"Kit avanzato per l'apprendimento del bonsai in kiribako - webonsai.com","isPartOf":{"@id":"https:\/\/webonsai.com\/it\/#website"},"primaryImageOfPage":{"@id":"https:\/\/webonsai.com\/it\/prodotto\/kit-avanzato-per-lapprendimento-del-bonsai-in-kiribako\/#primaryimage"},"image":{"@id":"https:\/\/webonsai.com\/it\/prodotto\/kit-avanzato-per-lapprendimento-del-bonsai-in-kiribako\/#primaryimage"},"thumbnailUrl":"https:\/\/webonsai.com\/wp-content\/uploads\/2025\/11\/8084c997-2011-4c67-8df3-fecc57c74312.jpg?wsr","datePublished":"2025-11-19T19:40:22+00:00","breadcrumb":{"@id":"https:\/\/webonsai.com\/it\/prodotto\/kit-avanzato-per-lapprendimento-del-bonsai-in-kiribako\/#breadcrumb"},"inLanguage":"it-IT","potentialAction":[{"@type":"ReadAction","target":["https:\/\/webonsai.com\/it\/prodotto\/kit-avanzato-per-lapprendimento-del-bonsai-in-kiribako\/"]}]},{"@type":"ImageObject","inLanguage":"it-IT","@id":"https:\/\/webonsai.com\/it\/prodotto\/kit-avanzato-per-lapprendimento-del-bonsai-in-kiribako\/#primaryimage","url":"https:\/\/webonsai.com\/wp-content\/uploads\/2025\/11\/8084c997-2011-4c67-8df3-fecc57c74312.jpg?wsr","contentUrl":"https:\/\/webonsai.com\/wp-content\/uploads\/2025\/11\/8084c997-2011-4c67-8df3-fecc57c74312.jpg?wsr","width":810,"height":1080},{"@type":"BreadcrumbList","@id":"https:\/\/webonsai.com\/it\/prodotto\/kit-avanzato-per-lapprendimento-del-bonsai-in-kiribako\/#breadcrumb","itemListElement":[{"@type":"ListItem","position":1,"name":"Home","item":"https:\/\/webonsai.com\/it\/"},{"@type":"ListItem","position":2,"name":"Shop","item":"https:\/\/webonsai.com\/shop\/"},{"@type":"ListItem","position":3,"name":"Kit avanzato per l&#8217;apprendimento del bonsai in kiribako"}]},{"@type":"WebSite","@id":"https:\/\/webonsai.com\/it\/#website","url":"https:\/\/webonsai.com\/it\/","name":"webonsai.com","description":"","publisher":{"@id":"https:\/\/webonsai.com\/it\/#organization"},"potentialAction":[{"@type":"SearchAction","target":{"@type":"EntryPoint","urlTemplate":"https:\/\/webonsai.com\/it\/?s={search_term_string}"},"query-input":{"@type":"PropertyValueSpecification","valueRequired":true,"valueName":"search_term_string"}}],"inLanguage":"it-IT"},{"@type":"Organization","@id":"https:\/\/webonsai.com\/it\/#organization","name":"We Bonsai","url":"https:\/\/webonsai.com\/it\/","logo":{"@type":"ImageObject","inLanguage":"it-IT","@id":"https:\/\/webonsai.com\/it\/#\/schema\/logo\/image\/","url":"https:\/\/webonsai.com\/wp-content\/uploads\/2024\/05\/WeBonsai_Logo.png","contentUrl":"https:\/\/webonsai.com\/wp-content\/uploads\/2024\/05\/WeBonsai_Logo.png","width":400,"height":125,"caption":"We Bonsai"},"image":{"@id":"https:\/\/webonsai.com\/it\/#\/schema\/logo\/image\/"}}]}},"_links":{"self":[{"href":"https:\/\/webonsai.com\/it\/wp-json\/wp\/v2\/product\/39190","targetHints":{"allow":["GET"]}}],"collection":[{"href":"https:\/\/webonsai.com\/it\/wp-json\/wp\/v2\/product"}],"about":[{"href":"https:\/\/webonsai.com\/it\/wp-json\/wp\/v2\/types\/product"}],"wp:featuredmedia":[{"embeddable":true,"href":"https:\/\/webonsai.com\/it\/wp-json\/wp\/v2\/media\/39189"}],"wp:attachment":[{"href":"https:\/\/webonsai.com\/it\/wp-json\/wp\/v2\/media?parent=39190"}],"wp:term":[{"taxonomy":"product_brand","embeddable":true,"href":"https:\/\/webonsai.com\/it\/wp-json\/wp\/v2\/product_brand?post=39190"},{"taxonomy":"product_cat","embeddable":true,"href":"https:\/\/webonsai.com\/it\/wp-json\/wp\/v2\/product_cat?post=39190"},{"taxonomy":"product_tag","embeddable":true,"href":"https:\/\/webonsai.com\/it\/wp-json\/wp\/v2\/product_tag?post=39190"}],"curies":[{"name":"wp","href":"https:\/\/api.w.org\/{rel}","templated":true}]}}