{"id":36253,"date":"2025-10-15T18:50:21","date_gmt":"2025-10-15T18:50:21","guid":{"rendered":"https:\/\/webonsai.com\/product\/vaso-bonsai-decorato-con-un-drago-in-rilievo\/"},"modified":"2025-11-18T15:48:36","modified_gmt":"2025-11-18T15:48:36","slug":"vaso-bonsai-decorato-con-un-drago-in-rilievo","status":"publish","type":"product","link":"https:\/\/webonsai.com\/it\/prodotto\/vaso-bonsai-decorato-con-un-drago-in-rilievo\/","title":{"rendered":"Vaso bonsai in ceramica \u201cil drago\u201d con kiribako scritto a mano"},"content":{"rendered":"<p data-start=\"0\" data-end=\"110\">Bellissimo vaso per bonsai fatto a mano con rilievo di drago. Viene fornito con un kiribako scritto a mano.<br data-start=\"54\" data-end=\"57\">Pezzo unico artigianale, nuovo di zecca e mai usato. <\/p>\n<p data-start=\"112\" data-end=\"229\"><strong data-start=\"112\" data-end=\"136\">Dimensioni esterne vaso:<\/strong> 12 cm (larghezza) \u00d7 12 cm (altezza)<br data-start=\"167\" data-end=\"170\"><strong data-start=\"170\" data-end=\"194\">Dimensioni interne vaso:<\/strong> 10,5 cm (larghezza) \u00d7 10 cm (altezza)<\/p>\n<p data-start=\"112\" data-end=\"229\">Dimensioni kiribako: 20 cm x 20 cm<\/p>\n<h3 data-start=\"1054\" data-end=\"1085\"><strong data-start=\"1058\" data-end=\"1085\">Mitologia del drago<\/strong><\/h3>\n<p data-start=\"1086\" data-end=\"1510\">Nella mitologia dell&#8217;Asia orientale, il drago \u00e8 un simbolo venerato di <strong data-start=\"1145\" data-end=\"1192\">potere, protezione, saggezza e buona fortuna<\/strong>. A differenza dei temibili draghi della tradizione occidentale, i draghi giapponesi e cinesi sono benevoli, collegati all&#8217;acqua, alle precipitazioni e alle forze vitali della natura. Si pensa che esporre un motivo a forma di drago inviti forza, armonia e prosperit\u00e0, rendendo questo vaso non solo un&#8217;opera d&#8217;arte, ma anche un significativo emblema culturale.<\/p>\n<h3 data-start=\"1512\" data-end=\"1531\"><strong data-start=\"1516\" data-end=\"1531\">Perfetto per<\/strong><\/h3>\n<ul data-start=\"1532\" data-end=\"1674\">\n<li data-start=\"1532\" data-end=\"1550\">\n<p data-start=\"1534\" data-end=\"1550\">Esposizione di bonsai<\/p>\n<\/li>\n<li data-start=\"1551\" data-end=\"1590\">\n<p data-start=\"1553\" data-end=\"1590\">Elemento d&#8217;accento in uno spazio domestico sereno<\/p>\n<\/li>\n<li data-start=\"1591\" data-end=\"1624\">\n<p data-start=\"1593\" data-end=\"1624\">Collezionisti di ceramiche artigianali<\/p>\n<\/li>\n<li data-start=\"1625\" data-end=\"1674\">\n<p data-start=\"1627\" data-end=\"1674\">Regali per gli amanti dell&#8217;artigianato tradizionale<\/p>\n<\/li>\n<\/ul>\n<p data-start=\"1676\" data-end=\"1709\"><strong data-start=\"1676\" data-end=\"1707\">Spedizione espressa disponibile.<\/strong><\/p>\n","protected":false},"excerpt":{"rendered":"<p data-start=\"0\" data-end=\"110\">Bellissimo vaso per bonsai fatto a mano con rilievo di drago. Viene fornito con un kiribako scritto a mano.<br data-start=\"54\" data-end=\"57\">Pezzo unico artigianale, nuovo di zecca e mai usato. <\/p>\n<p data-start=\"112\" data-end=\"229\"><strong data-start=\"112\" data-end=\"136\">Dimensioni esterne vaso:<\/strong> 12 cm (larghezza) \u00d7 12 cm (altezza)<br data-start=\"167\" data-end=\"170\"><strong data-start=\"170\" data-end=\"194\">Dimensioni interne vaso:<\/strong> 10,5 cm (larghezza) \u00d7 10 cm (altezza)<\/p>\n<p data-start=\"112\" data-end=\"229\">Dimensioni kiribako: 20 cm x 20 cm<\/p>\n<h3 data-start=\"1054\" data-end=\"1085\"><strong data-start=\"1058\" data-end=\"1085\">Mitologia del drago<\/strong><\/h3>\n<p data-start=\"1086\" data-end=\"1510\">Nella mitologia dell&#8217;Asia orientale, il drago \u00e8 un simbolo venerato di <strong data-start=\"1145\" data-end=\"1192\">potere, protezione, saggezza e buona fortuna<\/strong>. A differenza dei temibili draghi della tradizione occidentale, i draghi giapponesi e cinesi sono benevoli, collegati all&#8217;acqua, alle precipitazioni e alle forze vitali della natura. Si pensa che esporre un motivo a forma di drago inviti forza, armonia e prosperit\u00e0, rendendo questo vaso non solo un&#8217;opera d&#8217;arte, ma anche un significativo emblema culturale.<\/p>\n<h3 data-start=\"1512\" data-end=\"1531\"><strong data-start=\"1516\" data-end=\"1531\">Perfetto per<\/strong><\/h3>\n<ul data-start=\"1532\" data-end=\"1674\">\n<li data-start=\"1532\" data-end=\"1550\">\n<p data-start=\"1534\" data-end=\"1550\">Esposizione di bonsai<\/p>\n<\/li>\n<li data-start=\"1551\" data-end=\"1590\">\n<p data-start=\"1553\" data-end=\"1590\">Elemento d&#8217;accento in uno spazio domestico sereno<\/p>\n<\/li>\n<li data-start=\"1591\" data-end=\"1624\">\n<p data-start=\"1593\" data-end=\"1624\">Collezionisti di ceramiche artigianali<\/p>\n<\/li>\n<li data-start=\"1625\" data-end=\"1674\">\n<p data-start=\"1627\" data-end=\"1674\">Regali per gli amanti dell&#8217;artigianato tradizionale<\/p>\n<\/li>\n<\/ul>\n<p data-start=\"1676\" data-end=\"1709\"><strong data-start=\"1676\" data-end=\"1707\">Spedizione espressa disponibile.<\/strong><\/p>\n","protected":false},"featured_media":39004,"template":"","meta":[],"product_brand":[],"product_cat":[262],"product_tag":[],"class_list":{"0":"post-36253","1":"product","2":"type-product","3":"status-publish","4":"has-post-thumbnail","6":"product_cat-vasi","7":"product_shipping_class-wc-mp-1-17-it","10":"first","11":"instock","12":"sale","13":"shipping-taxable","14":"purchasable","15":"product-type-simple"},"yoast_head":"<!-- This site is optimized with the Yoast SEO plugin v27.5 - https:\/\/yoast.com\/product\/yoast-seo-wordpress\/ -->\n<title>Vaso bonsai in ceramica \u201cil drago\u201d con kiribako scritto a mano - webonsai.com<\/title>\n<meta name=\"robots\" content=\"index, follow, max-snippet:-1, max-image-preview:large, max-video-preview:-1\" \/>\n<link rel=\"canonical\" href=\"https:\/\/webonsai.com\/it\/prodotto\/vaso-bonsai-decorato-con-un-drago-in-rilievo\/\" \/>\n<meta property=\"og:locale\" content=\"it_IT\" \/>\n<meta property=\"og:type\" content=\"article\" \/>\n<meta property=\"og:title\" content=\"Vaso bonsai in ceramica \u201cil drago\u201d con kiribako scritto a mano - webonsai.com\" \/>\n<meta property=\"og:description\" content=\"Bellissimo vaso per bonsai fatto a mano con rilievo di drago. Viene fornito con un kiribako scritto a mano.Pezzo unico artigianale, nuovo di zecca e mai usato. Dimensioni esterne vaso: 12 cm (larghezza) \u00d7 12 cm (altezza)Dimensioni interne vaso: 10,5 cm (larghezza) \u00d7 10 cm (altezza) Dimensioni kiribako: 20 cm x 20 cm Mitologia del drago Nella mitologia dell&#039;Asia orientale, il drago \u00e8 un simbolo venerato di potere, protezione, saggezza e buona fortuna. A differenza dei temibili draghi della tradizione occidentale, i draghi giapponesi e cinesi sono benevoli, collegati all&#039;acqua, alle precipitazioni e alle forze vitali della natura. Si pensa che esporre un motivo a forma di drago inviti forza, armonia e prosperit\u00e0, rendendo questo vaso non solo un&#039;opera d&#039;arte, ma anche un significativo emblema culturale. Perfetto per   Esposizione di bonsai   Elemento d&#039;accento in uno spazio domestico sereno   Collezionisti di ceramiche artigianali   Regali per gli amanti dell&#039;artigianato tradizionale  Spedizione espressa disponibile.\" \/>\n<meta property=\"og:url\" content=\"https:\/\/webonsai.com\/it\/prodotto\/vaso-bonsai-decorato-con-un-drago-in-rilievo\/\" \/>\n<meta property=\"og:site_name\" content=\"webonsai.com\" \/>\n<meta property=\"article:modified_time\" content=\"2025-11-18T15:48:36+00:00\" \/>\n<meta property=\"og:image\" content=\"https:\/\/webonsai.com\/wp-content\/uploads\/2025\/10\/Dragon-1-2.jpg\" \/>\n\t<meta property=\"og:image:width\" content=\"810\" \/>\n\t<meta property=\"og:image:height\" content=\"1080\" \/>\n\t<meta property=\"og:image:type\" content=\"image\/jpeg\" \/>\n<meta name=\"twitter:card\" content=\"summary_large_image\" \/>\n<meta name=\"twitter:label1\" content=\"Tempo di lettura stimato\" \/>\n\t<meta name=\"twitter:data1\" content=\"1 minuto\" \/>\n<script type=\"application\/ld+json\" class=\"yoast-schema-graph\">{\"@context\":\"https:\\\/\\\/schema.org\",\"@graph\":[{\"@type\":\"WebPage\",\"@id\":\"https:\\\/\\\/webonsai.com\\\/it\\\/prodotto\\\/vaso-bonsai-decorato-con-un-drago-in-rilievo\\\/\",\"url\":\"https:\\\/\\\/webonsai.com\\\/it\\\/prodotto\\\/vaso-bonsai-decorato-con-un-drago-in-rilievo\\\/\",\"name\":\"Vaso bonsai in ceramica \u201cil drago\u201d con kiribako scritto a mano - webonsai.com\",\"isPartOf\":{\"@id\":\"https:\\\/\\\/webonsai.com\\\/it\\\/#website\"},\"primaryImageOfPage\":{\"@id\":\"https:\\\/\\\/webonsai.com\\\/it\\\/prodotto\\\/vaso-bonsai-decorato-con-un-drago-in-rilievo\\\/#primaryimage\"},\"image\":{\"@id\":\"https:\\\/\\\/webonsai.com\\\/it\\\/prodotto\\\/vaso-bonsai-decorato-con-un-drago-in-rilievo\\\/#primaryimage\"},\"thumbnailUrl\":\"https:\\\/\\\/webonsai.com\\\/wp-content\\\/uploads\\\/2025\\\/10\\\/Dragon-1-2.jpg?wsr\",\"datePublished\":\"2025-10-15T18:50:21+00:00\",\"dateModified\":\"2025-11-18T15:48:36+00:00\",\"breadcrumb\":{\"@id\":\"https:\\\/\\\/webonsai.com\\\/it\\\/prodotto\\\/vaso-bonsai-decorato-con-un-drago-in-rilievo\\\/#breadcrumb\"},\"inLanguage\":\"it-IT\",\"potentialAction\":[{\"@type\":\"ReadAction\",\"target\":[\"https:\\\/\\\/webonsai.com\\\/it\\\/prodotto\\\/vaso-bonsai-decorato-con-un-drago-in-rilievo\\\/\"]}]},{\"@type\":\"ImageObject\",\"inLanguage\":\"it-IT\",\"@id\":\"https:\\\/\\\/webonsai.com\\\/it\\\/prodotto\\\/vaso-bonsai-decorato-con-un-drago-in-rilievo\\\/#primaryimage\",\"url\":\"https:\\\/\\\/webonsai.com\\\/wp-content\\\/uploads\\\/2025\\\/10\\\/Dragon-1-2.jpg?wsr\",\"contentUrl\":\"https:\\\/\\\/webonsai.com\\\/wp-content\\\/uploads\\\/2025\\\/10\\\/Dragon-1-2.jpg?wsr\",\"width\":810,\"height\":1080},{\"@type\":\"BreadcrumbList\",\"@id\":\"https:\\\/\\\/webonsai.com\\\/it\\\/prodotto\\\/vaso-bonsai-decorato-con-un-drago-in-rilievo\\\/#breadcrumb\",\"itemListElement\":[{\"@type\":\"ListItem\",\"position\":1,\"name\":\"Home\",\"item\":\"https:\\\/\\\/webonsai.com\\\/it\\\/\"},{\"@type\":\"ListItem\",\"position\":2,\"name\":\"Shop\",\"item\":\"https:\\\/\\\/webonsai.com\\\/shop\\\/\"},{\"@type\":\"ListItem\",\"position\":3,\"name\":\"Vaso bonsai in ceramica \u201cil drago\u201d con kiribako scritto a mano\"}]},{\"@type\":\"WebSite\",\"@id\":\"https:\\\/\\\/webonsai.com\\\/it\\\/#website\",\"url\":\"https:\\\/\\\/webonsai.com\\\/it\\\/\",\"name\":\"webonsai.com\",\"description\":\"\",\"publisher\":{\"@id\":\"https:\\\/\\\/webonsai.com\\\/it\\\/#organization\"},\"potentialAction\":[{\"@type\":\"SearchAction\",\"target\":{\"@type\":\"EntryPoint\",\"urlTemplate\":\"https:\\\/\\\/webonsai.com\\\/it\\\/?s={search_term_string}\"},\"query-input\":{\"@type\":\"PropertyValueSpecification\",\"valueRequired\":true,\"valueName\":\"search_term_string\"}}],\"inLanguage\":\"it-IT\"},{\"@type\":\"Organization\",\"@id\":\"https:\\\/\\\/webonsai.com\\\/it\\\/#organization\",\"name\":\"We Bonsai\",\"url\":\"https:\\\/\\\/webonsai.com\\\/it\\\/\",\"logo\":{\"@type\":\"ImageObject\",\"inLanguage\":\"it-IT\",\"@id\":\"https:\\\/\\\/webonsai.com\\\/it\\\/#\\\/schema\\\/logo\\\/image\\\/\",\"url\":\"https:\\\/\\\/webonsai.com\\\/wp-content\\\/uploads\\\/2024\\\/05\\\/WeBonsai_Logo.png\",\"contentUrl\":\"https:\\\/\\\/webonsai.com\\\/wp-content\\\/uploads\\\/2024\\\/05\\\/WeBonsai_Logo.png\",\"width\":400,\"height\":125,\"caption\":\"We Bonsai\"},\"image\":{\"@id\":\"https:\\\/\\\/webonsai.com\\\/it\\\/#\\\/schema\\\/logo\\\/image\\\/\"}}]}<\/script>\n<!-- \/ Yoast SEO plugin. -->","yoast_head_json":{"title":"Vaso bonsai in ceramica \u201cil drago\u201d con kiribako scritto a mano - webonsai.com","robots":{"index":"index","follow":"follow","max-snippet":"max-snippet:-1","max-image-preview":"max-image-preview:large","max-video-preview":"max-video-preview:-1"},"canonical":"https:\/\/webonsai.com\/it\/prodotto\/vaso-bonsai-decorato-con-un-drago-in-rilievo\/","og_locale":"it_IT","og_type":"article","og_title":"Vaso bonsai in ceramica \u201cil drago\u201d con kiribako scritto a mano - webonsai.com","og_description":"Bellissimo vaso per bonsai fatto a mano con rilievo di drago. Viene fornito con un kiribako scritto a mano.Pezzo unico artigianale, nuovo di zecca e mai usato. Dimensioni esterne vaso: 12 cm (larghezza) \u00d7 12 cm (altezza)Dimensioni interne vaso: 10,5 cm (larghezza) \u00d7 10 cm (altezza) Dimensioni kiribako: 20 cm x 20 cm Mitologia del drago Nella mitologia dell'Asia orientale, il drago \u00e8 un simbolo venerato di potere, protezione, saggezza e buona fortuna. A differenza dei temibili draghi della tradizione occidentale, i draghi giapponesi e cinesi sono benevoli, collegati all'acqua, alle precipitazioni e alle forze vitali della natura. Si pensa che esporre un motivo a forma di drago inviti forza, armonia e prosperit\u00e0, rendendo questo vaso non solo un'opera d'arte, ma anche un significativo emblema culturale. Perfetto per   Esposizione di bonsai   Elemento d'accento in uno spazio domestico sereno   Collezionisti di ceramiche artigianali   Regali per gli amanti dell'artigianato tradizionale  Spedizione espressa disponibile.","og_url":"https:\/\/webonsai.com\/it\/prodotto\/vaso-bonsai-decorato-con-un-drago-in-rilievo\/","og_site_name":"webonsai.com","article_modified_time":"2025-11-18T15:48:36+00:00","og_image":[{"width":810,"height":1080,"url":"https:\/\/webonsai.com\/wp-content\/uploads\/2025\/10\/Dragon-1-2.jpg","type":"image\/jpeg"}],"twitter_card":"summary_large_image","twitter_misc":{"Tempo di lettura stimato":"1 minuto"},"schema":{"@context":"https:\/\/schema.org","@graph":[{"@type":"WebPage","@id":"https:\/\/webonsai.com\/it\/prodotto\/vaso-bonsai-decorato-con-un-drago-in-rilievo\/","url":"https:\/\/webonsai.com\/it\/prodotto\/vaso-bonsai-decorato-con-un-drago-in-rilievo\/","name":"Vaso bonsai in ceramica \u201cil drago\u201d con kiribako scritto a mano - webonsai.com","isPartOf":{"@id":"https:\/\/webonsai.com\/it\/#website"},"primaryImageOfPage":{"@id":"https:\/\/webonsai.com\/it\/prodotto\/vaso-bonsai-decorato-con-un-drago-in-rilievo\/#primaryimage"},"image":{"@id":"https:\/\/webonsai.com\/it\/prodotto\/vaso-bonsai-decorato-con-un-drago-in-rilievo\/#primaryimage"},"thumbnailUrl":"https:\/\/webonsai.com\/wp-content\/uploads\/2025\/10\/Dragon-1-2.jpg?wsr","datePublished":"2025-10-15T18:50:21+00:00","dateModified":"2025-11-18T15:48:36+00:00","breadcrumb":{"@id":"https:\/\/webonsai.com\/it\/prodotto\/vaso-bonsai-decorato-con-un-drago-in-rilievo\/#breadcrumb"},"inLanguage":"it-IT","potentialAction":[{"@type":"ReadAction","target":["https:\/\/webonsai.com\/it\/prodotto\/vaso-bonsai-decorato-con-un-drago-in-rilievo\/"]}]},{"@type":"ImageObject","inLanguage":"it-IT","@id":"https:\/\/webonsai.com\/it\/prodotto\/vaso-bonsai-decorato-con-un-drago-in-rilievo\/#primaryimage","url":"https:\/\/webonsai.com\/wp-content\/uploads\/2025\/10\/Dragon-1-2.jpg?wsr","contentUrl":"https:\/\/webonsai.com\/wp-content\/uploads\/2025\/10\/Dragon-1-2.jpg?wsr","width":810,"height":1080},{"@type":"BreadcrumbList","@id":"https:\/\/webonsai.com\/it\/prodotto\/vaso-bonsai-decorato-con-un-drago-in-rilievo\/#breadcrumb","itemListElement":[{"@type":"ListItem","position":1,"name":"Home","item":"https:\/\/webonsai.com\/it\/"},{"@type":"ListItem","position":2,"name":"Shop","item":"https:\/\/webonsai.com\/shop\/"},{"@type":"ListItem","position":3,"name":"Vaso bonsai in ceramica \u201cil drago\u201d con kiribako scritto a mano"}]},{"@type":"WebSite","@id":"https:\/\/webonsai.com\/it\/#website","url":"https:\/\/webonsai.com\/it\/","name":"webonsai.com","description":"","publisher":{"@id":"https:\/\/webonsai.com\/it\/#organization"},"potentialAction":[{"@type":"SearchAction","target":{"@type":"EntryPoint","urlTemplate":"https:\/\/webonsai.com\/it\/?s={search_term_string}"},"query-input":{"@type":"PropertyValueSpecification","valueRequired":true,"valueName":"search_term_string"}}],"inLanguage":"it-IT"},{"@type":"Organization","@id":"https:\/\/webonsai.com\/it\/#organization","name":"We Bonsai","url":"https:\/\/webonsai.com\/it\/","logo":{"@type":"ImageObject","inLanguage":"it-IT","@id":"https:\/\/webonsai.com\/it\/#\/schema\/logo\/image\/","url":"https:\/\/webonsai.com\/wp-content\/uploads\/2024\/05\/WeBonsai_Logo.png","contentUrl":"https:\/\/webonsai.com\/wp-content\/uploads\/2024\/05\/WeBonsai_Logo.png","width":400,"height":125,"caption":"We Bonsai"},"image":{"@id":"https:\/\/webonsai.com\/it\/#\/schema\/logo\/image\/"}}]}},"_links":{"self":[{"href":"https:\/\/webonsai.com\/it\/wp-json\/wp\/v2\/product\/36253","targetHints":{"allow":["GET"]}}],"collection":[{"href":"https:\/\/webonsai.com\/it\/wp-json\/wp\/v2\/product"}],"about":[{"href":"https:\/\/webonsai.com\/it\/wp-json\/wp\/v2\/types\/product"}],"wp:featuredmedia":[{"embeddable":true,"href":"https:\/\/webonsai.com\/it\/wp-json\/wp\/v2\/media\/39004"}],"wp:attachment":[{"href":"https:\/\/webonsai.com\/it\/wp-json\/wp\/v2\/media?parent=36253"}],"wp:term":[{"taxonomy":"product_brand","embeddable":true,"href":"https:\/\/webonsai.com\/it\/wp-json\/wp\/v2\/product_brand?post=36253"},{"taxonomy":"product_cat","embeddable":true,"href":"https:\/\/webonsai.com\/it\/wp-json\/wp\/v2\/product_cat?post=36253"},{"taxonomy":"product_tag","embeddable":true,"href":"https:\/\/webonsai.com\/it\/wp-json\/wp\/v2\/product_tag?post=36253"}],"curies":[{"name":"wp","href":"https:\/\/api.w.org\/{rel}","templated":true}]}}