{"id":35867,"date":"2025-09-27T13:45:10","date_gmt":"2025-09-27T13:45:10","guid":{"rendered":"https:\/\/webonsai.com\/product\/bonsai-di-ginepro-kishu-su-roccia-altezza-30-cm\/"},"modified":"2025-09-27T13:45:10","modified_gmt":"2025-09-27T13:45:10","slug":"bonsai-di-ginepro-kishu-su-roccia-altezza-30-cm","status":"publish","type":"product","link":"https:\/\/webonsai.com\/it\/prodotto\/bonsai-di-ginepro-kishu-su-roccia-altezza-30-cm\/","title":{"rendered":"Bonsai di Ginepro kishu su roccia (altezza 30 cm)"},"content":{"rendered":"<p data-start=\"98\" data-end=\"155\"><span class=\"html-span xdj266r x14z9mp xat24cr x1lziwak xexx8yu xyri2b x18d9i69 x1c1uobl x1hl2dhg x16tdsg8 x1vvkbs\"><strong class=\"html-strong xdj266r x14z9mp xat24cr x1lziwak xexx8yu xyri2b x18d9i69 x1c1uobl x1hl2dhg x16tdsg8 x1vvkbs x1s688f\">Consegna sicura in cassa di legno.<\/strong><\/span><\/p>\n<p data-start=\"81\" data-end=\"137\">Altezza composizione: 30 cm.<br data-start=\"107\" data-end=\"110\">Larghezza composizione: 20 cm.<\/p>\n<p data-start=\"98\" data-end=\"155\">Foto scattate a ottobre 2025<\/p>\n","protected":false},"excerpt":{"rendered":"<p data-start=\"98\" data-end=\"155\"><strong data-start=\"98\" data-end=\"123\">SPEDITO IN SCATOLA DI LEGNO<\/strong><br data-start=\"123\" data-end=\"126\">Immagine scattata a ottobre 2025<\/p>\n<ul data-start=\"157\" data-end=\"293\">\n<li data-start=\"157\" data-end=\"178\">\n<p data-start=\"159\" data-end=\"178\">Altezza: 75 cm<\/p>\n<\/li>\n<li data-start=\"179\" data-end=\"199\">\n<p data-start=\"181\" data-end=\"199\">Larghezza: 71 cm<\/p>\n<\/li>\n<li data-start=\"200\" data-end=\"233\">\n<p data-start=\"202\" data-end=\"233\">Circonferenza tronco: 40 cm<\/p>\n<\/li>\n<li data-start=\"234\" data-end=\"293\">\n<p data-start=\"236\" data-end=\"293\">Vaso: 10 cm (altezza) \u00d7 28 cm (larghezza) \u00d7 38 cm (profondit\u00e0)<\/p>\n<\/li>\n<\/ul>\n","protected":false},"featured_media":34964,"template":"","meta":[],"product_brand":[],"product_cat":[180],"product_tag":[],"class_list":{"0":"post-35867","1":"product","2":"type-product","3":"status-publish","4":"has-post-thumbnail","6":"product_cat-tempai-it","7":"product_shipping_class-wc-mp-2-18-it","10":"first","11":"instock","12":"sale","13":"shipping-taxable","14":"purchasable","15":"product-type-simple"},"yoast_head":"<!-- This site is optimized with the Yoast SEO plugin v27.5 - https:\/\/yoast.com\/product\/yoast-seo-wordpress\/ -->\n<title>Bonsai di Ginepro kishu su roccia (altezza 30 cm) - webonsai.com<\/title>\n<meta name=\"robots\" content=\"index, follow, max-snippet:-1, max-image-preview:large, max-video-preview:-1\" \/>\n<link rel=\"canonical\" href=\"https:\/\/webonsai.com\/it\/prodotto\/bonsai-di-ginepro-kishu-su-roccia-altezza-30-cm\/\" \/>\n<meta property=\"og:locale\" content=\"it_IT\" \/>\n<meta property=\"og:type\" content=\"article\" \/>\n<meta property=\"og:title\" content=\"Bonsai di Ginepro kishu su roccia (altezza 30 cm) - webonsai.com\" \/>\n<meta property=\"og:description\" content=\"SPEDITO IN SCATOLA DI LEGNOImmagine scattata a ottobre 2025   Altezza: 75 cm   Larghezza: 71 cm   Circonferenza tronco: 40 cm   Vaso: 10 cm (altezza) \u00d7 28 cm (larghezza) \u00d7 38 cm (profondit\u00e0)\" \/>\n<meta property=\"og:url\" content=\"https:\/\/webonsai.com\/it\/prodotto\/bonsai-di-ginepro-kishu-su-roccia-altezza-30-cm\/\" \/>\n<meta property=\"og:site_name\" content=\"webonsai.com\" \/>\n<meta property=\"og:image\" content=\"https:\/\/webonsai.com\/wp-content\/uploads\/2025\/09\/Juniper-kishu-on-stone.jpg?wsr\" \/>\n\t<meta property=\"og:image:width\" content=\"1200\" \/>\n\t<meta property=\"og:image:height\" content=\"1600\" \/>\n\t<meta property=\"og:image:type\" content=\"image\/jpeg\" \/>\n<meta name=\"twitter:card\" content=\"summary_large_image\" \/>\n<script type=\"application\/ld+json\" class=\"yoast-schema-graph\">{\"@context\":\"https:\\\/\\\/schema.org\",\"@graph\":[{\"@type\":\"WebPage\",\"@id\":\"https:\\\/\\\/webonsai.com\\\/it\\\/prodotto\\\/bonsai-di-ginepro-kishu-su-roccia-altezza-30-cm\\\/\",\"url\":\"https:\\\/\\\/webonsai.com\\\/it\\\/prodotto\\\/bonsai-di-ginepro-kishu-su-roccia-altezza-30-cm\\\/\",\"name\":\"Bonsai di Ginepro kishu su roccia (altezza 30 cm) - webonsai.com\",\"isPartOf\":{\"@id\":\"https:\\\/\\\/webonsai.com\\\/it\\\/#website\"},\"primaryImageOfPage\":{\"@id\":\"https:\\\/\\\/webonsai.com\\\/it\\\/prodotto\\\/bonsai-di-ginepro-kishu-su-roccia-altezza-30-cm\\\/#primaryimage\"},\"image\":{\"@id\":\"https:\\\/\\\/webonsai.com\\\/it\\\/prodotto\\\/bonsai-di-ginepro-kishu-su-roccia-altezza-30-cm\\\/#primaryimage\"},\"thumbnailUrl\":\"https:\\\/\\\/webonsai.com\\\/wp-content\\\/uploads\\\/2025\\\/09\\\/Juniper-kishu-on-stone.jpg?wsr\",\"datePublished\":\"2025-09-27T13:45:10+00:00\",\"breadcrumb\":{\"@id\":\"https:\\\/\\\/webonsai.com\\\/it\\\/prodotto\\\/bonsai-di-ginepro-kishu-su-roccia-altezza-30-cm\\\/#breadcrumb\"},\"inLanguage\":\"it-IT\",\"potentialAction\":[{\"@type\":\"ReadAction\",\"target\":[\"https:\\\/\\\/webonsai.com\\\/it\\\/prodotto\\\/bonsai-di-ginepro-kishu-su-roccia-altezza-30-cm\\\/\"]}]},{\"@type\":\"ImageObject\",\"inLanguage\":\"it-IT\",\"@id\":\"https:\\\/\\\/webonsai.com\\\/it\\\/prodotto\\\/bonsai-di-ginepro-kishu-su-roccia-altezza-30-cm\\\/#primaryimage\",\"url\":\"https:\\\/\\\/webonsai.com\\\/wp-content\\\/uploads\\\/2025\\\/09\\\/Juniper-kishu-on-stone.jpg?wsr\",\"contentUrl\":\"https:\\\/\\\/webonsai.com\\\/wp-content\\\/uploads\\\/2025\\\/09\\\/Juniper-kishu-on-stone.jpg?wsr\",\"width\":1200,\"height\":1600,\"caption\":\"Juniper kishu on stone\"},{\"@type\":\"BreadcrumbList\",\"@id\":\"https:\\\/\\\/webonsai.com\\\/it\\\/prodotto\\\/bonsai-di-ginepro-kishu-su-roccia-altezza-30-cm\\\/#breadcrumb\",\"itemListElement\":[{\"@type\":\"ListItem\",\"position\":1,\"name\":\"Home\",\"item\":\"https:\\\/\\\/webonsai.com\\\/it\\\/\"},{\"@type\":\"ListItem\",\"position\":2,\"name\":\"Shop\",\"item\":\"https:\\\/\\\/webonsai.com\\\/shop\\\/\"},{\"@type\":\"ListItem\",\"position\":3,\"name\":\"Bonsai di Ginepro kishu su roccia (altezza 30 cm)\"}]},{\"@type\":\"WebSite\",\"@id\":\"https:\\\/\\\/webonsai.com\\\/it\\\/#website\",\"url\":\"https:\\\/\\\/webonsai.com\\\/it\\\/\",\"name\":\"webonsai.com\",\"description\":\"\",\"publisher\":{\"@id\":\"https:\\\/\\\/webonsai.com\\\/it\\\/#organization\"},\"potentialAction\":[{\"@type\":\"SearchAction\",\"target\":{\"@type\":\"EntryPoint\",\"urlTemplate\":\"https:\\\/\\\/webonsai.com\\\/it\\\/?s={search_term_string}\"},\"query-input\":{\"@type\":\"PropertyValueSpecification\",\"valueRequired\":true,\"valueName\":\"search_term_string\"}}],\"inLanguage\":\"it-IT\"},{\"@type\":\"Organization\",\"@id\":\"https:\\\/\\\/webonsai.com\\\/it\\\/#organization\",\"name\":\"We Bonsai\",\"url\":\"https:\\\/\\\/webonsai.com\\\/it\\\/\",\"logo\":{\"@type\":\"ImageObject\",\"inLanguage\":\"it-IT\",\"@id\":\"https:\\\/\\\/webonsai.com\\\/it\\\/#\\\/schema\\\/logo\\\/image\\\/\",\"url\":\"https:\\\/\\\/webonsai.com\\\/wp-content\\\/uploads\\\/2024\\\/05\\\/WeBonsai_Logo.png\",\"contentUrl\":\"https:\\\/\\\/webonsai.com\\\/wp-content\\\/uploads\\\/2024\\\/05\\\/WeBonsai_Logo.png\",\"width\":400,\"height\":125,\"caption\":\"We Bonsai\"},\"image\":{\"@id\":\"https:\\\/\\\/webonsai.com\\\/it\\\/#\\\/schema\\\/logo\\\/image\\\/\"}}]}<\/script>\n<!-- \/ Yoast SEO plugin. -->","yoast_head_json":{"title":"Bonsai di Ginepro kishu su roccia (altezza 30 cm) - webonsai.com","robots":{"index":"index","follow":"follow","max-snippet":"max-snippet:-1","max-image-preview":"max-image-preview:large","max-video-preview":"max-video-preview:-1"},"canonical":"https:\/\/webonsai.com\/it\/prodotto\/bonsai-di-ginepro-kishu-su-roccia-altezza-30-cm\/","og_locale":"it_IT","og_type":"article","og_title":"Bonsai di Ginepro kishu su roccia (altezza 30 cm) - webonsai.com","og_description":"SPEDITO IN SCATOLA DI LEGNOImmagine scattata a ottobre 2025   Altezza: 75 cm   Larghezza: 71 cm   Circonferenza tronco: 40 cm   Vaso: 10 cm (altezza) \u00d7 28 cm (larghezza) \u00d7 38 cm (profondit\u00e0)","og_url":"https:\/\/webonsai.com\/it\/prodotto\/bonsai-di-ginepro-kishu-su-roccia-altezza-30-cm\/","og_site_name":"webonsai.com","og_image":[{"width":1200,"height":1600,"url":"https:\/\/webonsai.com\/wp-content\/uploads\/2025\/09\/Juniper-kishu-on-stone.jpg?wsr","type":"image\/jpeg"}],"twitter_card":"summary_large_image","schema":{"@context":"https:\/\/schema.org","@graph":[{"@type":"WebPage","@id":"https:\/\/webonsai.com\/it\/prodotto\/bonsai-di-ginepro-kishu-su-roccia-altezza-30-cm\/","url":"https:\/\/webonsai.com\/it\/prodotto\/bonsai-di-ginepro-kishu-su-roccia-altezza-30-cm\/","name":"Bonsai di Ginepro kishu su roccia (altezza 30 cm) - webonsai.com","isPartOf":{"@id":"https:\/\/webonsai.com\/it\/#website"},"primaryImageOfPage":{"@id":"https:\/\/webonsai.com\/it\/prodotto\/bonsai-di-ginepro-kishu-su-roccia-altezza-30-cm\/#primaryimage"},"image":{"@id":"https:\/\/webonsai.com\/it\/prodotto\/bonsai-di-ginepro-kishu-su-roccia-altezza-30-cm\/#primaryimage"},"thumbnailUrl":"https:\/\/webonsai.com\/wp-content\/uploads\/2025\/09\/Juniper-kishu-on-stone.jpg?wsr","datePublished":"2025-09-27T13:45:10+00:00","breadcrumb":{"@id":"https:\/\/webonsai.com\/it\/prodotto\/bonsai-di-ginepro-kishu-su-roccia-altezza-30-cm\/#breadcrumb"},"inLanguage":"it-IT","potentialAction":[{"@type":"ReadAction","target":["https:\/\/webonsai.com\/it\/prodotto\/bonsai-di-ginepro-kishu-su-roccia-altezza-30-cm\/"]}]},{"@type":"ImageObject","inLanguage":"it-IT","@id":"https:\/\/webonsai.com\/it\/prodotto\/bonsai-di-ginepro-kishu-su-roccia-altezza-30-cm\/#primaryimage","url":"https:\/\/webonsai.com\/wp-content\/uploads\/2025\/09\/Juniper-kishu-on-stone.jpg?wsr","contentUrl":"https:\/\/webonsai.com\/wp-content\/uploads\/2025\/09\/Juniper-kishu-on-stone.jpg?wsr","width":1200,"height":1600,"caption":"Juniper kishu on stone"},{"@type":"BreadcrumbList","@id":"https:\/\/webonsai.com\/it\/prodotto\/bonsai-di-ginepro-kishu-su-roccia-altezza-30-cm\/#breadcrumb","itemListElement":[{"@type":"ListItem","position":1,"name":"Home","item":"https:\/\/webonsai.com\/it\/"},{"@type":"ListItem","position":2,"name":"Shop","item":"https:\/\/webonsai.com\/shop\/"},{"@type":"ListItem","position":3,"name":"Bonsai di Ginepro kishu su roccia (altezza 30 cm)"}]},{"@type":"WebSite","@id":"https:\/\/webonsai.com\/it\/#website","url":"https:\/\/webonsai.com\/it\/","name":"webonsai.com","description":"","publisher":{"@id":"https:\/\/webonsai.com\/it\/#organization"},"potentialAction":[{"@type":"SearchAction","target":{"@type":"EntryPoint","urlTemplate":"https:\/\/webonsai.com\/it\/?s={search_term_string}"},"query-input":{"@type":"PropertyValueSpecification","valueRequired":true,"valueName":"search_term_string"}}],"inLanguage":"it-IT"},{"@type":"Organization","@id":"https:\/\/webonsai.com\/it\/#organization","name":"We Bonsai","url":"https:\/\/webonsai.com\/it\/","logo":{"@type":"ImageObject","inLanguage":"it-IT","@id":"https:\/\/webonsai.com\/it\/#\/schema\/logo\/image\/","url":"https:\/\/webonsai.com\/wp-content\/uploads\/2024\/05\/WeBonsai_Logo.png","contentUrl":"https:\/\/webonsai.com\/wp-content\/uploads\/2024\/05\/WeBonsai_Logo.png","width":400,"height":125,"caption":"We Bonsai"},"image":{"@id":"https:\/\/webonsai.com\/it\/#\/schema\/logo\/image\/"}}]}},"_links":{"self":[{"href":"https:\/\/webonsai.com\/it\/wp-json\/wp\/v2\/product\/35867","targetHints":{"allow":["GET"]}}],"collection":[{"href":"https:\/\/webonsai.com\/it\/wp-json\/wp\/v2\/product"}],"about":[{"href":"https:\/\/webonsai.com\/it\/wp-json\/wp\/v2\/types\/product"}],"wp:featuredmedia":[{"embeddable":true,"href":"https:\/\/webonsai.com\/it\/wp-json\/wp\/v2\/media\/34964"}],"wp:attachment":[{"href":"https:\/\/webonsai.com\/it\/wp-json\/wp\/v2\/media?parent=35867"}],"wp:term":[{"taxonomy":"product_brand","embeddable":true,"href":"https:\/\/webonsai.com\/it\/wp-json\/wp\/v2\/product_brand?post=35867"},{"taxonomy":"product_cat","embeddable":true,"href":"https:\/\/webonsai.com\/it\/wp-json\/wp\/v2\/product_cat?post=35867"},{"taxonomy":"product_tag","embeddable":true,"href":"https:\/\/webonsai.com\/it\/wp-json\/wp\/v2\/product_tag?post=35867"}],"curies":[{"name":"wp","href":"https:\/\/api.w.org\/{rel}","templated":true}]}}