{"id":42960,"date":"2026-04-29T11:34:26","date_gmt":"2026-04-29T11:34:26","guid":{"rendered":"https:\/\/webonsai.com\/product\/kuroiwa-haruki-pot-de-bonsai-en-ceramique-peint-a-la-main-2-2\/"},"modified":"2026-04-29T11:34:26","modified_gmt":"2026-04-29T11:34:26","slug":"kuroiwa-haruki-pot-de-bonsai-en-ceramique-peint-a-la-main-2-2","status":"publish","type":"product","link":"https:\/\/webonsai.com\/fr\/produit\/kuroiwa-haruki-pot-de-bonsai-en-ceramique-peint-a-la-main-2-2\/","title":{"rendered":"Kuroiwa Haruki &#8211; Pot de bonsa\u00ef en c\u00e9ramique peint \u00e0 la main 2"},"content":{"rendered":"<p data-start=\"0\" data-end=\"110\">Kuroiwa Haruki &#8211; Pot de bonsa\u00ef fait main et peint \u00e0 la main.<br data-start=\"54\" data-end=\"57\">Pi\u00e8ce unique artisanale, toute neuve et jamais utilis\u00e9e.<\/p>\n<p data-start=\"112\" data-end=\"229\"><strong data-start=\"112\" data-end=\"136\">Dimensions ext\u00e9rieures du pot :<\/strong> 12 cm (largeur) \u00d7 12 cm (hauteur)<\/p>\n","protected":false},"excerpt":{"rendered":"<p data-start=\"0\" data-end=\"110\">Kuroiwa Haruki &#8211; Pot de bonsa\u00ef fait main et peint \u00e0 la main.<br data-start=\"54\" data-end=\"57\">Pi\u00e8ce unique artisanale, toute neuve et jamais utilis\u00e9e.<\/p>\n<p data-start=\"112\" data-end=\"229\"><strong data-start=\"112\" data-end=\"136\">Dimensions ext\u00e9rieures du pot :<\/strong> 12 cm (largeur) \u00d7 12 cm (hauteur)<\/p>\n","protected":false},"featured_media":42955,"template":"","meta":[],"product_brand":[],"product_cat":[258],"product_tag":[],"class_list":{"0":"post-42960","1":"product","2":"type-product","3":"status-publish","4":"has-post-thumbnail","6":"product_cat-pots","7":"product_shipping_class-wc-mp-1-17","10":"first","11":"instock","12":"shipping-taxable","13":"purchasable","14":"product-type-simple"},"yoast_head":"<!-- This site is optimized with the Yoast SEO plugin v27.5 - https:\/\/yoast.com\/product\/yoast-seo-wordpress\/ -->\n<title>Kuroiwa Haruki - Pot de bonsa\u00ef en c\u00e9ramique peint \u00e0 la main 2 - webonsai.com<\/title>\n<meta name=\"robots\" content=\"index, follow, max-snippet:-1, max-image-preview:large, max-video-preview:-1\" \/>\n<link rel=\"canonical\" href=\"https:\/\/webonsai.com\/fr\/produit\/kuroiwa-haruki-pot-de-bonsai-en-ceramique-peint-a-la-main-2-2\/\" \/>\n<meta property=\"og:locale\" content=\"fr_FR\" \/>\n<meta property=\"og:type\" content=\"article\" \/>\n<meta property=\"og:title\" content=\"Kuroiwa Haruki - Pot de bonsa\u00ef en c\u00e9ramique peint \u00e0 la main 2 - webonsai.com\" \/>\n<meta property=\"og:description\" content=\"Kuroiwa Haruki - Pot de bonsa\u00ef fait main et peint \u00e0 la main.Pi\u00e8ce unique artisanale, toute neuve et jamais utilis\u00e9e. Dimensions ext\u00e9rieures du pot : 12 cm (largeur) \u00d7 12 cm (hauteur)\" \/>\n<meta property=\"og:url\" content=\"https:\/\/webonsai.com\/fr\/produit\/kuroiwa-haruki-pot-de-bonsai-en-ceramique-peint-a-la-main-2-2\/\" \/>\n<meta property=\"og:site_name\" content=\"webonsai.com\" \/>\n<meta property=\"og:image\" content=\"https:\/\/webonsai.com\/wp-content\/uploads\/2026\/04\/WhatsApp-Image-2026-04-29-at-1.37.16-PM.jpeg?wsr\" \/>\n\t<meta property=\"og:image:width\" content=\"1851\" \/>\n\t<meta property=\"og:image:height\" content=\"2048\" \/>\n\t<meta property=\"og:image:type\" content=\"image\/jpeg\" \/>\n<meta name=\"twitter:card\" content=\"summary_large_image\" \/>\n<script type=\"application\/ld+json\" class=\"yoast-schema-graph\">{\"@context\":\"https:\\\/\\\/schema.org\",\"@graph\":[{\"@type\":\"WebPage\",\"@id\":\"https:\\\/\\\/webonsai.com\\\/fr\\\/produit\\\/kuroiwa-haruki-pot-de-bonsai-en-ceramique-peint-a-la-main-2-2\\\/\",\"url\":\"https:\\\/\\\/webonsai.com\\\/fr\\\/produit\\\/kuroiwa-haruki-pot-de-bonsai-en-ceramique-peint-a-la-main-2-2\\\/\",\"name\":\"Kuroiwa Haruki - Pot de bonsa\u00ef en c\u00e9ramique peint \u00e0 la main 2 - webonsai.com\",\"isPartOf\":{\"@id\":\"https:\\\/\\\/webonsai.com\\\/fr\\\/#website\"},\"primaryImageOfPage\":{\"@id\":\"https:\\\/\\\/webonsai.com\\\/fr\\\/produit\\\/kuroiwa-haruki-pot-de-bonsai-en-ceramique-peint-a-la-main-2-2\\\/#primaryimage\"},\"image\":{\"@id\":\"https:\\\/\\\/webonsai.com\\\/fr\\\/produit\\\/kuroiwa-haruki-pot-de-bonsai-en-ceramique-peint-a-la-main-2-2\\\/#primaryimage\"},\"thumbnailUrl\":\"https:\\\/\\\/webonsai.com\\\/wp-content\\\/uploads\\\/2026\\\/04\\\/WhatsApp-Image-2026-04-29-at-1.37.16-PM.jpeg?wsr\",\"datePublished\":\"2026-04-29T11:34:26+00:00\",\"breadcrumb\":{\"@id\":\"https:\\\/\\\/webonsai.com\\\/fr\\\/produit\\\/kuroiwa-haruki-pot-de-bonsai-en-ceramique-peint-a-la-main-2-2\\\/#breadcrumb\"},\"inLanguage\":\"fr-FR\",\"potentialAction\":[{\"@type\":\"ReadAction\",\"target\":[\"https:\\\/\\\/webonsai.com\\\/fr\\\/produit\\\/kuroiwa-haruki-pot-de-bonsai-en-ceramique-peint-a-la-main-2-2\\\/\"]}]},{\"@type\":\"ImageObject\",\"inLanguage\":\"fr-FR\",\"@id\":\"https:\\\/\\\/webonsai.com\\\/fr\\\/produit\\\/kuroiwa-haruki-pot-de-bonsai-en-ceramique-peint-a-la-main-2-2\\\/#primaryimage\",\"url\":\"https:\\\/\\\/webonsai.com\\\/wp-content\\\/uploads\\\/2026\\\/04\\\/WhatsApp-Image-2026-04-29-at-1.37.16-PM.jpeg?wsr\",\"contentUrl\":\"https:\\\/\\\/webonsai.com\\\/wp-content\\\/uploads\\\/2026\\\/04\\\/WhatsApp-Image-2026-04-29-at-1.37.16-PM.jpeg?wsr\",\"width\":1851,\"height\":2048},{\"@type\":\"BreadcrumbList\",\"@id\":\"https:\\\/\\\/webonsai.com\\\/fr\\\/produit\\\/kuroiwa-haruki-pot-de-bonsai-en-ceramique-peint-a-la-main-2-2\\\/#breadcrumb\",\"itemListElement\":[{\"@type\":\"ListItem\",\"position\":1,\"name\":\"Home\",\"item\":\"https:\\\/\\\/webonsai.com\\\/fr\\\/\"},{\"@type\":\"ListItem\",\"position\":2,\"name\":\"Shop\",\"item\":\"https:\\\/\\\/webonsai.com\\\/shop\\\/\"},{\"@type\":\"ListItem\",\"position\":3,\"name\":\"Kuroiwa Haruki &#8211; Pot de bonsa\u00ef en c\u00e9ramique peint \u00e0 la main 2\"}]},{\"@type\":\"WebSite\",\"@id\":\"https:\\\/\\\/webonsai.com\\\/fr\\\/#website\",\"url\":\"https:\\\/\\\/webonsai.com\\\/fr\\\/\",\"name\":\"webonsai.com\",\"description\":\"\",\"publisher\":{\"@id\":\"https:\\\/\\\/webonsai.com\\\/fr\\\/#organization\"},\"potentialAction\":[{\"@type\":\"SearchAction\",\"target\":{\"@type\":\"EntryPoint\",\"urlTemplate\":\"https:\\\/\\\/webonsai.com\\\/fr\\\/?s={search_term_string}\"},\"query-input\":{\"@type\":\"PropertyValueSpecification\",\"valueRequired\":true,\"valueName\":\"search_term_string\"}}],\"inLanguage\":\"fr-FR\"},{\"@type\":\"Organization\",\"@id\":\"https:\\\/\\\/webonsai.com\\\/fr\\\/#organization\",\"name\":\"We Bonsai\",\"url\":\"https:\\\/\\\/webonsai.com\\\/fr\\\/\",\"logo\":{\"@type\":\"ImageObject\",\"inLanguage\":\"fr-FR\",\"@id\":\"https:\\\/\\\/webonsai.com\\\/fr\\\/#\\\/schema\\\/logo\\\/image\\\/\",\"url\":\"https:\\\/\\\/webonsai.com\\\/wp-content\\\/uploads\\\/2024\\\/05\\\/WeBonsai_Logo.png\",\"contentUrl\":\"https:\\\/\\\/webonsai.com\\\/wp-content\\\/uploads\\\/2024\\\/05\\\/WeBonsai_Logo.png\",\"width\":400,\"height\":125,\"caption\":\"We Bonsai\"},\"image\":{\"@id\":\"https:\\\/\\\/webonsai.com\\\/fr\\\/#\\\/schema\\\/logo\\\/image\\\/\"}}]}<\/script>\n<!-- \/ Yoast SEO plugin. -->","yoast_head_json":{"title":"Kuroiwa Haruki - Pot de bonsa\u00ef en c\u00e9ramique peint \u00e0 la main 2 - webonsai.com","robots":{"index":"index","follow":"follow","max-snippet":"max-snippet:-1","max-image-preview":"max-image-preview:large","max-video-preview":"max-video-preview:-1"},"canonical":"https:\/\/webonsai.com\/fr\/produit\/kuroiwa-haruki-pot-de-bonsai-en-ceramique-peint-a-la-main-2-2\/","og_locale":"fr_FR","og_type":"article","og_title":"Kuroiwa Haruki - Pot de bonsa\u00ef en c\u00e9ramique peint \u00e0 la main 2 - webonsai.com","og_description":"Kuroiwa Haruki - Pot de bonsa\u00ef fait main et peint \u00e0 la main.Pi\u00e8ce unique artisanale, toute neuve et jamais utilis\u00e9e. Dimensions ext\u00e9rieures du pot : 12 cm (largeur) \u00d7 12 cm (hauteur)","og_url":"https:\/\/webonsai.com\/fr\/produit\/kuroiwa-haruki-pot-de-bonsai-en-ceramique-peint-a-la-main-2-2\/","og_site_name":"webonsai.com","og_image":[{"width":1851,"height":2048,"url":"https:\/\/webonsai.com\/wp-content\/uploads\/2026\/04\/WhatsApp-Image-2026-04-29-at-1.37.16-PM.jpeg?wsr","type":"image\/jpeg"}],"twitter_card":"summary_large_image","schema":{"@context":"https:\/\/schema.org","@graph":[{"@type":"WebPage","@id":"https:\/\/webonsai.com\/fr\/produit\/kuroiwa-haruki-pot-de-bonsai-en-ceramique-peint-a-la-main-2-2\/","url":"https:\/\/webonsai.com\/fr\/produit\/kuroiwa-haruki-pot-de-bonsai-en-ceramique-peint-a-la-main-2-2\/","name":"Kuroiwa Haruki - Pot de bonsa\u00ef en c\u00e9ramique peint \u00e0 la main 2 - webonsai.com","isPartOf":{"@id":"https:\/\/webonsai.com\/fr\/#website"},"primaryImageOfPage":{"@id":"https:\/\/webonsai.com\/fr\/produit\/kuroiwa-haruki-pot-de-bonsai-en-ceramique-peint-a-la-main-2-2\/#primaryimage"},"image":{"@id":"https:\/\/webonsai.com\/fr\/produit\/kuroiwa-haruki-pot-de-bonsai-en-ceramique-peint-a-la-main-2-2\/#primaryimage"},"thumbnailUrl":"https:\/\/webonsai.com\/wp-content\/uploads\/2026\/04\/WhatsApp-Image-2026-04-29-at-1.37.16-PM.jpeg?wsr","datePublished":"2026-04-29T11:34:26+00:00","breadcrumb":{"@id":"https:\/\/webonsai.com\/fr\/produit\/kuroiwa-haruki-pot-de-bonsai-en-ceramique-peint-a-la-main-2-2\/#breadcrumb"},"inLanguage":"fr-FR","potentialAction":[{"@type":"ReadAction","target":["https:\/\/webonsai.com\/fr\/produit\/kuroiwa-haruki-pot-de-bonsai-en-ceramique-peint-a-la-main-2-2\/"]}]},{"@type":"ImageObject","inLanguage":"fr-FR","@id":"https:\/\/webonsai.com\/fr\/produit\/kuroiwa-haruki-pot-de-bonsai-en-ceramique-peint-a-la-main-2-2\/#primaryimage","url":"https:\/\/webonsai.com\/wp-content\/uploads\/2026\/04\/WhatsApp-Image-2026-04-29-at-1.37.16-PM.jpeg?wsr","contentUrl":"https:\/\/webonsai.com\/wp-content\/uploads\/2026\/04\/WhatsApp-Image-2026-04-29-at-1.37.16-PM.jpeg?wsr","width":1851,"height":2048},{"@type":"BreadcrumbList","@id":"https:\/\/webonsai.com\/fr\/produit\/kuroiwa-haruki-pot-de-bonsai-en-ceramique-peint-a-la-main-2-2\/#breadcrumb","itemListElement":[{"@type":"ListItem","position":1,"name":"Home","item":"https:\/\/webonsai.com\/fr\/"},{"@type":"ListItem","position":2,"name":"Shop","item":"https:\/\/webonsai.com\/shop\/"},{"@type":"ListItem","position":3,"name":"Kuroiwa Haruki &#8211; Pot de bonsa\u00ef en c\u00e9ramique peint \u00e0 la main 2"}]},{"@type":"WebSite","@id":"https:\/\/webonsai.com\/fr\/#website","url":"https:\/\/webonsai.com\/fr\/","name":"webonsai.com","description":"","publisher":{"@id":"https:\/\/webonsai.com\/fr\/#organization"},"potentialAction":[{"@type":"SearchAction","target":{"@type":"EntryPoint","urlTemplate":"https:\/\/webonsai.com\/fr\/?s={search_term_string}"},"query-input":{"@type":"PropertyValueSpecification","valueRequired":true,"valueName":"search_term_string"}}],"inLanguage":"fr-FR"},{"@type":"Organization","@id":"https:\/\/webonsai.com\/fr\/#organization","name":"We Bonsai","url":"https:\/\/webonsai.com\/fr\/","logo":{"@type":"ImageObject","inLanguage":"fr-FR","@id":"https:\/\/webonsai.com\/fr\/#\/schema\/logo\/image\/","url":"https:\/\/webonsai.com\/wp-content\/uploads\/2024\/05\/WeBonsai_Logo.png","contentUrl":"https:\/\/webonsai.com\/wp-content\/uploads\/2024\/05\/WeBonsai_Logo.png","width":400,"height":125,"caption":"We Bonsai"},"image":{"@id":"https:\/\/webonsai.com\/fr\/#\/schema\/logo\/image\/"}}]}},"_links":{"self":[{"href":"https:\/\/webonsai.com\/fr\/wp-json\/wp\/v2\/product\/42960","targetHints":{"allow":["GET"]}}],"collection":[{"href":"https:\/\/webonsai.com\/fr\/wp-json\/wp\/v2\/product"}],"about":[{"href":"https:\/\/webonsai.com\/fr\/wp-json\/wp\/v2\/types\/product"}],"wp:featuredmedia":[{"embeddable":true,"href":"https:\/\/webonsai.com\/fr\/wp-json\/wp\/v2\/media\/42955"}],"wp:attachment":[{"href":"https:\/\/webonsai.com\/fr\/wp-json\/wp\/v2\/media?parent=42960"}],"wp:term":[{"taxonomy":"product_brand","embeddable":true,"href":"https:\/\/webonsai.com\/fr\/wp-json\/wp\/v2\/product_brand?post=42960"},{"taxonomy":"product_cat","embeddable":true,"href":"https:\/\/webonsai.com\/fr\/wp-json\/wp\/v2\/product_cat?post=42960"},{"taxonomy":"product_tag","embeddable":true,"href":"https:\/\/webonsai.com\/fr\/wp-json\/wp\/v2\/product_tag?post=42960"}],"curies":[{"name":"wp","href":"https:\/\/api.w.org\/{rel}","templated":true}]}}