{"id":42451,"date":"2026-04-06T16:01:37","date_gmt":"2026-04-06T16:01:37","guid":{"rendered":"https:\/\/webonsai.com\/product\/pierre-pour-ishizuki-80-cm-de-hauteur-56-cm-de-largeur\/"},"modified":"2026-04-06T16:01:37","modified_gmt":"2026-04-06T16:01:37","slug":"pierre-pour-ishizuki-80-cm-de-hauteur-56-cm-de-largeur","status":"publish","type":"product","link":"https:\/\/webonsai.com\/fr\/produit\/pierre-pour-ishizuki-80-cm-de-hauteur-56-cm-de-largeur\/","title":{"rendered":"Pierre pour ishizuki (80 cm de hauteur, 56 cm de largeur)"},"content":{"rendered":"<div class=\"xdj266r x14z9mp xat24cr x1lziwak x1vvkbs x126k92a\">\n<div dir=\"auto\">\n<p>Il sera envoy\u00e9 dans une caisse en bois.<\/p>\n<\/div>\n<div dir=\"auto\">Pierre artificielle pour ishizuki.<\/div>\n<div dir=\"auto\">Dimensions : 80 cm de hauteur, 56 cm de largeur.<\/div>\n<div dir=\"auto\"><\/div>\n<div dir=\"auto\">Fabriqu\u00e9 en mat\u00e9riau composite comprenant de la r\u00e9sine et des fibres. Tr\u00e8s l\u00e9ger (environ 8 kg, r\u00e9sistant aux UV et au gel). <\/div>\n<\/div>\n<div class=\"x14z9mp xat24cr x1lziwak x1vvkbs xtlvy1s x126k92a\">\n<div dir=\"auto\">Inspir\u00e9 de la pierre de Ma\u00eetre Masahiko Kimura (derni\u00e8re image).<\/div>\n<\/div>\n","protected":false},"excerpt":{"rendered":"<div class=\"xdj266r x14z9mp xat24cr x1lziwak x1vvkbs x126k92a\">\n<div dir=\"auto\">\n<p>Il sera envoy\u00e9 dans une caisse en bois.<\/p>\n<\/div>\n<div dir=\"auto\">Pierre artificielle pour ishizuki.<\/div>\n<div dir=\"auto\">Dimensions : 80 cm de hauteur, 56 cm de largeur.<\/div>\n<div dir=\"auto\"><\/div>\n<div dir=\"auto\">Fabriqu\u00e9 en mat\u00e9riau composite comprenant de la r\u00e9sine et des fibres. Tr\u00e8s l\u00e9ger (environ 8 kg, r\u00e9sistant aux UV et au gel). <\/div>\n<\/div>\n<div class=\"x14z9mp xat24cr x1lziwak x1vvkbs xtlvy1s x126k92a\">\n<div dir=\"auto\">Inspir\u00e9 de la pierre de Ma\u00eetre Masahiko Kimura (derni\u00e8re image).<\/div>\n<\/div>\n","protected":false},"featured_media":42372,"template":"","meta":[],"product_brand":[],"product_cat":[233],"product_tag":[],"class_list":{"0":"post-42451","1":"product","2":"type-product","3":"status-publish","4":"has-post-thumbnail","6":"product_cat-pots-et-dalles","7":"product_shipping_class-wc-mp-3-19","10":"first","11":"instock","12":"shipping-taxable","13":"purchasable","14":"product-type-simple"},"yoast_head":"<!-- This site is optimized with the Yoast SEO plugin v27.5 - https:\/\/yoast.com\/product\/yoast-seo-wordpress\/ -->\n<title>Pierre pour ishizuki (80 cm de hauteur, 56 cm de largeur) - webonsai.com<\/title>\n<meta name=\"robots\" content=\"index, follow, max-snippet:-1, max-image-preview:large, max-video-preview:-1\" \/>\n<link rel=\"canonical\" href=\"https:\/\/webonsai.com\/fr\/produit\/pierre-pour-ishizuki-80-cm-de-hauteur-56-cm-de-largeur\/\" \/>\n<meta property=\"og:locale\" content=\"fr_FR\" \/>\n<meta property=\"og:type\" content=\"article\" \/>\n<meta property=\"og:title\" content=\"Pierre pour ishizuki (80 cm de hauteur, 56 cm de largeur) - webonsai.com\" \/>\n<meta property=\"og:description\" content=\"Il sera envoy\u00e9 dans une caisse en bois.  Pierre artificielle pour ishizuki. Dimensions : 80 cm de hauteur, 56 cm de largeur. Fabriqu\u00e9 en mat\u00e9riau composite comprenant de la r\u00e9sine et des fibres. Tr\u00e8s l\u00e9ger (environ 8 kg, r\u00e9sistant aux UV et au gel).  Inspir\u00e9 de la pierre de Ma\u00eetre Masahiko Kimura (derni\u00e8re image).\" \/>\n<meta property=\"og:url\" content=\"https:\/\/webonsai.com\/fr\/produit\/pierre-pour-ishizuki-80-cm-de-hauteur-56-cm-de-largeur\/\" \/>\n<meta property=\"og:site_name\" content=\"webonsai.com\" \/>\n<meta property=\"og:image\" content=\"https:\/\/webonsai.com\/wp-content\/uploads\/2026\/04\/WhatsApp-Image-2026-04-06-at-6.00.48-PM.jpeg?wsr\" \/>\n\t<meta property=\"og:image:width\" content=\"1500\" \/>\n\t<meta property=\"og:image:height\" content=\"2000\" \/>\n\t<meta property=\"og:image:type\" content=\"image\/jpeg\" \/>\n<meta name=\"twitter:card\" content=\"summary_large_image\" \/>\n<script type=\"application\/ld+json\" class=\"yoast-schema-graph\">{\"@context\":\"https:\\\/\\\/schema.org\",\"@graph\":[{\"@type\":\"WebPage\",\"@id\":\"https:\\\/\\\/webonsai.com\\\/fr\\\/produit\\\/pierre-pour-ishizuki-80-cm-de-hauteur-56-cm-de-largeur\\\/\",\"url\":\"https:\\\/\\\/webonsai.com\\\/fr\\\/produit\\\/pierre-pour-ishizuki-80-cm-de-hauteur-56-cm-de-largeur\\\/\",\"name\":\"Pierre pour ishizuki (80 cm de hauteur, 56 cm de largeur) - webonsai.com\",\"isPartOf\":{\"@id\":\"https:\\\/\\\/webonsai.com\\\/fr\\\/#website\"},\"primaryImageOfPage\":{\"@id\":\"https:\\\/\\\/webonsai.com\\\/fr\\\/produit\\\/pierre-pour-ishizuki-80-cm-de-hauteur-56-cm-de-largeur\\\/#primaryimage\"},\"image\":{\"@id\":\"https:\\\/\\\/webonsai.com\\\/fr\\\/produit\\\/pierre-pour-ishizuki-80-cm-de-hauteur-56-cm-de-largeur\\\/#primaryimage\"},\"thumbnailUrl\":\"https:\\\/\\\/webonsai.com\\\/wp-content\\\/uploads\\\/2026\\\/04\\\/WhatsApp-Image-2026-04-06-at-6.00.48-PM.jpeg?wsr\",\"datePublished\":\"2026-04-06T16:01:37+00:00\",\"breadcrumb\":{\"@id\":\"https:\\\/\\\/webonsai.com\\\/fr\\\/produit\\\/pierre-pour-ishizuki-80-cm-de-hauteur-56-cm-de-largeur\\\/#breadcrumb\"},\"inLanguage\":\"fr-FR\",\"potentialAction\":[{\"@type\":\"ReadAction\",\"target\":[\"https:\\\/\\\/webonsai.com\\\/fr\\\/produit\\\/pierre-pour-ishizuki-80-cm-de-hauteur-56-cm-de-largeur\\\/\"]}]},{\"@type\":\"ImageObject\",\"inLanguage\":\"fr-FR\",\"@id\":\"https:\\\/\\\/webonsai.com\\\/fr\\\/produit\\\/pierre-pour-ishizuki-80-cm-de-hauteur-56-cm-de-largeur\\\/#primaryimage\",\"url\":\"https:\\\/\\\/webonsai.com\\\/wp-content\\\/uploads\\\/2026\\\/04\\\/WhatsApp-Image-2026-04-06-at-6.00.48-PM.jpeg?wsr\",\"contentUrl\":\"https:\\\/\\\/webonsai.com\\\/wp-content\\\/uploads\\\/2026\\\/04\\\/WhatsApp-Image-2026-04-06-at-6.00.48-PM.jpeg?wsr\",\"width\":1500,\"height\":2000},{\"@type\":\"BreadcrumbList\",\"@id\":\"https:\\\/\\\/webonsai.com\\\/fr\\\/produit\\\/pierre-pour-ishizuki-80-cm-de-hauteur-56-cm-de-largeur\\\/#breadcrumb\",\"itemListElement\":[{\"@type\":\"ListItem\",\"position\":1,\"name\":\"Home\",\"item\":\"https:\\\/\\\/webonsai.com\\\/fr\\\/\"},{\"@type\":\"ListItem\",\"position\":2,\"name\":\"Shop\",\"item\":\"https:\\\/\\\/webonsai.com\\\/shop\\\/\"},{\"@type\":\"ListItem\",\"position\":3,\"name\":\"Pierre pour ishizuki (80 cm de hauteur, 56 cm de largeur)\"}]},{\"@type\":\"WebSite\",\"@id\":\"https:\\\/\\\/webonsai.com\\\/fr\\\/#website\",\"url\":\"https:\\\/\\\/webonsai.com\\\/fr\\\/\",\"name\":\"webonsai.com\",\"description\":\"\",\"publisher\":{\"@id\":\"https:\\\/\\\/webonsai.com\\\/fr\\\/#organization\"},\"potentialAction\":[{\"@type\":\"SearchAction\",\"target\":{\"@type\":\"EntryPoint\",\"urlTemplate\":\"https:\\\/\\\/webonsai.com\\\/fr\\\/?s={search_term_string}\"},\"query-input\":{\"@type\":\"PropertyValueSpecification\",\"valueRequired\":true,\"valueName\":\"search_term_string\"}}],\"inLanguage\":\"fr-FR\"},{\"@type\":\"Organization\",\"@id\":\"https:\\\/\\\/webonsai.com\\\/fr\\\/#organization\",\"name\":\"We Bonsai\",\"url\":\"https:\\\/\\\/webonsai.com\\\/fr\\\/\",\"logo\":{\"@type\":\"ImageObject\",\"inLanguage\":\"fr-FR\",\"@id\":\"https:\\\/\\\/webonsai.com\\\/fr\\\/#\\\/schema\\\/logo\\\/image\\\/\",\"url\":\"https:\\\/\\\/webonsai.com\\\/wp-content\\\/uploads\\\/2024\\\/05\\\/WeBonsai_Logo.png\",\"contentUrl\":\"https:\\\/\\\/webonsai.com\\\/wp-content\\\/uploads\\\/2024\\\/05\\\/WeBonsai_Logo.png\",\"width\":400,\"height\":125,\"caption\":\"We Bonsai\"},\"image\":{\"@id\":\"https:\\\/\\\/webonsai.com\\\/fr\\\/#\\\/schema\\\/logo\\\/image\\\/\"}}]}<\/script>\n<!-- \/ Yoast SEO plugin. -->","yoast_head_json":{"title":"Pierre pour ishizuki (80 cm de hauteur, 56 cm de largeur) - webonsai.com","robots":{"index":"index","follow":"follow","max-snippet":"max-snippet:-1","max-image-preview":"max-image-preview:large","max-video-preview":"max-video-preview:-1"},"canonical":"https:\/\/webonsai.com\/fr\/produit\/pierre-pour-ishizuki-80-cm-de-hauteur-56-cm-de-largeur\/","og_locale":"fr_FR","og_type":"article","og_title":"Pierre pour ishizuki (80 cm de hauteur, 56 cm de largeur) - webonsai.com","og_description":"Il sera envoy\u00e9 dans une caisse en bois.  Pierre artificielle pour ishizuki. Dimensions : 80 cm de hauteur, 56 cm de largeur. Fabriqu\u00e9 en mat\u00e9riau composite comprenant de la r\u00e9sine et des fibres. Tr\u00e8s l\u00e9ger (environ 8 kg, r\u00e9sistant aux UV et au gel).  Inspir\u00e9 de la pierre de Ma\u00eetre Masahiko Kimura (derni\u00e8re image).","og_url":"https:\/\/webonsai.com\/fr\/produit\/pierre-pour-ishizuki-80-cm-de-hauteur-56-cm-de-largeur\/","og_site_name":"webonsai.com","og_image":[{"width":1500,"height":2000,"url":"https:\/\/webonsai.com\/wp-content\/uploads\/2026\/04\/WhatsApp-Image-2026-04-06-at-6.00.48-PM.jpeg?wsr","type":"image\/jpeg"}],"twitter_card":"summary_large_image","schema":{"@context":"https:\/\/schema.org","@graph":[{"@type":"WebPage","@id":"https:\/\/webonsai.com\/fr\/produit\/pierre-pour-ishizuki-80-cm-de-hauteur-56-cm-de-largeur\/","url":"https:\/\/webonsai.com\/fr\/produit\/pierre-pour-ishizuki-80-cm-de-hauteur-56-cm-de-largeur\/","name":"Pierre pour ishizuki (80 cm de hauteur, 56 cm de largeur) - webonsai.com","isPartOf":{"@id":"https:\/\/webonsai.com\/fr\/#website"},"primaryImageOfPage":{"@id":"https:\/\/webonsai.com\/fr\/produit\/pierre-pour-ishizuki-80-cm-de-hauteur-56-cm-de-largeur\/#primaryimage"},"image":{"@id":"https:\/\/webonsai.com\/fr\/produit\/pierre-pour-ishizuki-80-cm-de-hauteur-56-cm-de-largeur\/#primaryimage"},"thumbnailUrl":"https:\/\/webonsai.com\/wp-content\/uploads\/2026\/04\/WhatsApp-Image-2026-04-06-at-6.00.48-PM.jpeg?wsr","datePublished":"2026-04-06T16:01:37+00:00","breadcrumb":{"@id":"https:\/\/webonsai.com\/fr\/produit\/pierre-pour-ishizuki-80-cm-de-hauteur-56-cm-de-largeur\/#breadcrumb"},"inLanguage":"fr-FR","potentialAction":[{"@type":"ReadAction","target":["https:\/\/webonsai.com\/fr\/produit\/pierre-pour-ishizuki-80-cm-de-hauteur-56-cm-de-largeur\/"]}]},{"@type":"ImageObject","inLanguage":"fr-FR","@id":"https:\/\/webonsai.com\/fr\/produit\/pierre-pour-ishizuki-80-cm-de-hauteur-56-cm-de-largeur\/#primaryimage","url":"https:\/\/webonsai.com\/wp-content\/uploads\/2026\/04\/WhatsApp-Image-2026-04-06-at-6.00.48-PM.jpeg?wsr","contentUrl":"https:\/\/webonsai.com\/wp-content\/uploads\/2026\/04\/WhatsApp-Image-2026-04-06-at-6.00.48-PM.jpeg?wsr","width":1500,"height":2000},{"@type":"BreadcrumbList","@id":"https:\/\/webonsai.com\/fr\/produit\/pierre-pour-ishizuki-80-cm-de-hauteur-56-cm-de-largeur\/#breadcrumb","itemListElement":[{"@type":"ListItem","position":1,"name":"Home","item":"https:\/\/webonsai.com\/fr\/"},{"@type":"ListItem","position":2,"name":"Shop","item":"https:\/\/webonsai.com\/shop\/"},{"@type":"ListItem","position":3,"name":"Pierre pour ishizuki (80 cm de hauteur, 56 cm de largeur)"}]},{"@type":"WebSite","@id":"https:\/\/webonsai.com\/fr\/#website","url":"https:\/\/webonsai.com\/fr\/","name":"webonsai.com","description":"","publisher":{"@id":"https:\/\/webonsai.com\/fr\/#organization"},"potentialAction":[{"@type":"SearchAction","target":{"@type":"EntryPoint","urlTemplate":"https:\/\/webonsai.com\/fr\/?s={search_term_string}"},"query-input":{"@type":"PropertyValueSpecification","valueRequired":true,"valueName":"search_term_string"}}],"inLanguage":"fr-FR"},{"@type":"Organization","@id":"https:\/\/webonsai.com\/fr\/#organization","name":"We Bonsai","url":"https:\/\/webonsai.com\/fr\/","logo":{"@type":"ImageObject","inLanguage":"fr-FR","@id":"https:\/\/webonsai.com\/fr\/#\/schema\/logo\/image\/","url":"https:\/\/webonsai.com\/wp-content\/uploads\/2024\/05\/WeBonsai_Logo.png","contentUrl":"https:\/\/webonsai.com\/wp-content\/uploads\/2024\/05\/WeBonsai_Logo.png","width":400,"height":125,"caption":"We Bonsai"},"image":{"@id":"https:\/\/webonsai.com\/fr\/#\/schema\/logo\/image\/"}}]}},"_links":{"self":[{"href":"https:\/\/webonsai.com\/fr\/wp-json\/wp\/v2\/product\/42451","targetHints":{"allow":["GET"]}}],"collection":[{"href":"https:\/\/webonsai.com\/fr\/wp-json\/wp\/v2\/product"}],"about":[{"href":"https:\/\/webonsai.com\/fr\/wp-json\/wp\/v2\/types\/product"}],"wp:featuredmedia":[{"embeddable":true,"href":"https:\/\/webonsai.com\/fr\/wp-json\/wp\/v2\/media\/42372"}],"wp:attachment":[{"href":"https:\/\/webonsai.com\/fr\/wp-json\/wp\/v2\/media?parent=42451"}],"wp:term":[{"taxonomy":"product_brand","embeddable":true,"href":"https:\/\/webonsai.com\/fr\/wp-json\/wp\/v2\/product_brand?post=42451"},{"taxonomy":"product_cat","embeddable":true,"href":"https:\/\/webonsai.com\/fr\/wp-json\/wp\/v2\/product_cat?post=42451"},{"taxonomy":"product_tag","embeddable":true,"href":"https:\/\/webonsai.com\/fr\/wp-json\/wp\/v2\/product_tag?post=42451"}],"curies":[{"name":"wp","href":"https:\/\/api.w.org\/{rel}","templated":true}]}}