{"id":41561,"date":"2026-03-26T15:19:04","date_gmt":"2026-03-26T15:19:04","guid":{"rendered":"https:\/\/webonsai.com\/product\/pot-bonsai-31-cm-x-205-cm-x-6-cm-ceramique\/"},"modified":"2026-03-26T15:19:04","modified_gmt":"2026-03-26T15:19:04","slug":"pot-bonsai-31-cm-x-205-cm-x-6-cm-ceramique","status":"publish","type":"product","link":"https:\/\/webonsai.com\/fr\/produit\/pot-bonsai-31-cm-x-205-cm-x-6-cm-ceramique\/","title":{"rendered":"Pot bonsa\u00ef 31 cm x 20,5 cm x 6 cm &#8211; C\u00e9ramique"},"content":{"rendered":"<p><strong>Pots bonsa\u00ef Yixing &#8211; Haute Qualit\u00e9<br \/>\nC\u00e9ramique<\/strong><\/p>\n<p>Pot bonsa\u00ef 31 cm x 20,5 cm x 6 cm &#8211; C\u00e9ramique<\/p>\n<p><strong>SKU :<\/strong> WeB152<\/p>\n","protected":false},"excerpt":{"rendered":"<p><strong>Pots bonsa\u00ef Yixing &#8211; Haute Qualit\u00e9<br \/>\nC\u00e9ramique<\/strong><\/p>\n<p>Pot bonsa\u00ef 31 cm x 20,5 cm x 6 cm &#8211; C\u00e9ramique<\/p>\n<p><strong>SKU :<\/strong> WeB152<\/p>\n","protected":false},"featured_media":41556,"template":"","meta":[],"product_brand":[],"product_cat":[258],"product_tag":[],"class_list":{"0":"post-41561","1":"product","2":"type-product","3":"status-publish","4":"has-post-thumbnail","6":"product_cat-pots","7":"product_shipping_class-wc-mp-1-17","10":"first","11":"instock","12":"shipping-taxable","13":"purchasable","14":"product-type-simple"},"yoast_head":"<!-- This site is optimized with the Yoast SEO plugin v27.5 - https:\/\/yoast.com\/product\/yoast-seo-wordpress\/ -->\n<title>Pot bonsa\u00ef 31 cm x 20,5 cm x 6 cm - C\u00e9ramique - webonsai.com<\/title>\n<meta name=\"robots\" content=\"index, follow, max-snippet:-1, max-image-preview:large, max-video-preview:-1\" \/>\n<link rel=\"canonical\" href=\"https:\/\/webonsai.com\/fr\/produit\/pot-bonsai-31-cm-x-205-cm-x-6-cm-ceramique\/\" \/>\n<meta property=\"og:locale\" content=\"fr_FR\" \/>\n<meta property=\"og:type\" content=\"article\" \/>\n<meta property=\"og:title\" content=\"Pot bonsa\u00ef 31 cm x 20,5 cm x 6 cm - C\u00e9ramique - webonsai.com\" \/>\n<meta property=\"og:description\" content=\"Pots bonsa\u00ef Yixing - Haute Qualit\u00e9 C\u00e9ramique Pot bonsa\u00ef 31 cm x 20,5 cm x 6 cm - C\u00e9ramique SKU : WeB152\" \/>\n<meta property=\"og:url\" content=\"https:\/\/webonsai.com\/fr\/produit\/pot-bonsai-31-cm-x-205-cm-x-6-cm-ceramique\/\" \/>\n<meta property=\"og:site_name\" content=\"webonsai.com\" \/>\n<meta property=\"og:image\" content=\"https:\/\/webonsai.com\/wp-content\/uploads\/2026\/03\/WhatsApp-Image-2026-03-26-at-4.11.48-PM.jpeg?wsr\" \/>\n\t<meta property=\"og:image:width\" content=\"1080\" \/>\n\t<meta property=\"og:image:height\" content=\"1920\" \/>\n\t<meta property=\"og:image:type\" content=\"image\/jpeg\" \/>\n<meta name=\"twitter:card\" content=\"summary_large_image\" \/>\n<script type=\"application\/ld+json\" class=\"yoast-schema-graph\">{\"@context\":\"https:\\\/\\\/schema.org\",\"@graph\":[{\"@type\":\"WebPage\",\"@id\":\"https:\\\/\\\/webonsai.com\\\/fr\\\/produit\\\/pot-bonsai-31-cm-x-205-cm-x-6-cm-ceramique\\\/\",\"url\":\"https:\\\/\\\/webonsai.com\\\/fr\\\/produit\\\/pot-bonsai-31-cm-x-205-cm-x-6-cm-ceramique\\\/\",\"name\":\"Pot bonsa\u00ef 31 cm x 20,5 cm x 6 cm - C\u00e9ramique - webonsai.com\",\"isPartOf\":{\"@id\":\"https:\\\/\\\/webonsai.com\\\/fr\\\/#website\"},\"primaryImageOfPage\":{\"@id\":\"https:\\\/\\\/webonsai.com\\\/fr\\\/produit\\\/pot-bonsai-31-cm-x-205-cm-x-6-cm-ceramique\\\/#primaryimage\"},\"image\":{\"@id\":\"https:\\\/\\\/webonsai.com\\\/fr\\\/produit\\\/pot-bonsai-31-cm-x-205-cm-x-6-cm-ceramique\\\/#primaryimage\"},\"thumbnailUrl\":\"https:\\\/\\\/webonsai.com\\\/wp-content\\\/uploads\\\/2026\\\/03\\\/WhatsApp-Image-2026-03-26-at-4.11.48-PM.jpeg?wsr\",\"datePublished\":\"2026-03-26T15:19:04+00:00\",\"breadcrumb\":{\"@id\":\"https:\\\/\\\/webonsai.com\\\/fr\\\/produit\\\/pot-bonsai-31-cm-x-205-cm-x-6-cm-ceramique\\\/#breadcrumb\"},\"inLanguage\":\"fr-FR\",\"potentialAction\":[{\"@type\":\"ReadAction\",\"target\":[\"https:\\\/\\\/webonsai.com\\\/fr\\\/produit\\\/pot-bonsai-31-cm-x-205-cm-x-6-cm-ceramique\\\/\"]}]},{\"@type\":\"ImageObject\",\"inLanguage\":\"fr-FR\",\"@id\":\"https:\\\/\\\/webonsai.com\\\/fr\\\/produit\\\/pot-bonsai-31-cm-x-205-cm-x-6-cm-ceramique\\\/#primaryimage\",\"url\":\"https:\\\/\\\/webonsai.com\\\/wp-content\\\/uploads\\\/2026\\\/03\\\/WhatsApp-Image-2026-03-26-at-4.11.48-PM.jpeg?wsr\",\"contentUrl\":\"https:\\\/\\\/webonsai.com\\\/wp-content\\\/uploads\\\/2026\\\/03\\\/WhatsApp-Image-2026-03-26-at-4.11.48-PM.jpeg?wsr\",\"width\":1080,\"height\":1920},{\"@type\":\"BreadcrumbList\",\"@id\":\"https:\\\/\\\/webonsai.com\\\/fr\\\/produit\\\/pot-bonsai-31-cm-x-205-cm-x-6-cm-ceramique\\\/#breadcrumb\",\"itemListElement\":[{\"@type\":\"ListItem\",\"position\":1,\"name\":\"Home\",\"item\":\"https:\\\/\\\/webonsai.com\\\/fr\\\/\"},{\"@type\":\"ListItem\",\"position\":2,\"name\":\"Shop\",\"item\":\"https:\\\/\\\/webonsai.com\\\/shop\\\/\"},{\"@type\":\"ListItem\",\"position\":3,\"name\":\"Pot bonsa\u00ef 31 cm x 20,5 cm x 6 cm &#8211; C\u00e9ramique\"}]},{\"@type\":\"WebSite\",\"@id\":\"https:\\\/\\\/webonsai.com\\\/fr\\\/#website\",\"url\":\"https:\\\/\\\/webonsai.com\\\/fr\\\/\",\"name\":\"webonsai.com\",\"description\":\"\",\"publisher\":{\"@id\":\"https:\\\/\\\/webonsai.com\\\/fr\\\/#organization\"},\"potentialAction\":[{\"@type\":\"SearchAction\",\"target\":{\"@type\":\"EntryPoint\",\"urlTemplate\":\"https:\\\/\\\/webonsai.com\\\/fr\\\/?s={search_term_string}\"},\"query-input\":{\"@type\":\"PropertyValueSpecification\",\"valueRequired\":true,\"valueName\":\"search_term_string\"}}],\"inLanguage\":\"fr-FR\"},{\"@type\":\"Organization\",\"@id\":\"https:\\\/\\\/webonsai.com\\\/fr\\\/#organization\",\"name\":\"We Bonsai\",\"url\":\"https:\\\/\\\/webonsai.com\\\/fr\\\/\",\"logo\":{\"@type\":\"ImageObject\",\"inLanguage\":\"fr-FR\",\"@id\":\"https:\\\/\\\/webonsai.com\\\/fr\\\/#\\\/schema\\\/logo\\\/image\\\/\",\"url\":\"https:\\\/\\\/webonsai.com\\\/wp-content\\\/uploads\\\/2024\\\/05\\\/WeBonsai_Logo.png\",\"contentUrl\":\"https:\\\/\\\/webonsai.com\\\/wp-content\\\/uploads\\\/2024\\\/05\\\/WeBonsai_Logo.png\",\"width\":400,\"height\":125,\"caption\":\"We Bonsai\"},\"image\":{\"@id\":\"https:\\\/\\\/webonsai.com\\\/fr\\\/#\\\/schema\\\/logo\\\/image\\\/\"}}]}<\/script>\n<!-- \/ Yoast SEO plugin. -->","yoast_head_json":{"title":"Pot bonsa\u00ef 31 cm x 20,5 cm x 6 cm - C\u00e9ramique - webonsai.com","robots":{"index":"index","follow":"follow","max-snippet":"max-snippet:-1","max-image-preview":"max-image-preview:large","max-video-preview":"max-video-preview:-1"},"canonical":"https:\/\/webonsai.com\/fr\/produit\/pot-bonsai-31-cm-x-205-cm-x-6-cm-ceramique\/","og_locale":"fr_FR","og_type":"article","og_title":"Pot bonsa\u00ef 31 cm x 20,5 cm x 6 cm - C\u00e9ramique - webonsai.com","og_description":"Pots bonsa\u00ef Yixing - Haute Qualit\u00e9 C\u00e9ramique Pot bonsa\u00ef 31 cm x 20,5 cm x 6 cm - C\u00e9ramique SKU : WeB152","og_url":"https:\/\/webonsai.com\/fr\/produit\/pot-bonsai-31-cm-x-205-cm-x-6-cm-ceramique\/","og_site_name":"webonsai.com","og_image":[{"width":1080,"height":1920,"url":"https:\/\/webonsai.com\/wp-content\/uploads\/2026\/03\/WhatsApp-Image-2026-03-26-at-4.11.48-PM.jpeg?wsr","type":"image\/jpeg"}],"twitter_card":"summary_large_image","schema":{"@context":"https:\/\/schema.org","@graph":[{"@type":"WebPage","@id":"https:\/\/webonsai.com\/fr\/produit\/pot-bonsai-31-cm-x-205-cm-x-6-cm-ceramique\/","url":"https:\/\/webonsai.com\/fr\/produit\/pot-bonsai-31-cm-x-205-cm-x-6-cm-ceramique\/","name":"Pot bonsa\u00ef 31 cm x 20,5 cm x 6 cm - C\u00e9ramique - webonsai.com","isPartOf":{"@id":"https:\/\/webonsai.com\/fr\/#website"},"primaryImageOfPage":{"@id":"https:\/\/webonsai.com\/fr\/produit\/pot-bonsai-31-cm-x-205-cm-x-6-cm-ceramique\/#primaryimage"},"image":{"@id":"https:\/\/webonsai.com\/fr\/produit\/pot-bonsai-31-cm-x-205-cm-x-6-cm-ceramique\/#primaryimage"},"thumbnailUrl":"https:\/\/webonsai.com\/wp-content\/uploads\/2026\/03\/WhatsApp-Image-2026-03-26-at-4.11.48-PM.jpeg?wsr","datePublished":"2026-03-26T15:19:04+00:00","breadcrumb":{"@id":"https:\/\/webonsai.com\/fr\/produit\/pot-bonsai-31-cm-x-205-cm-x-6-cm-ceramique\/#breadcrumb"},"inLanguage":"fr-FR","potentialAction":[{"@type":"ReadAction","target":["https:\/\/webonsai.com\/fr\/produit\/pot-bonsai-31-cm-x-205-cm-x-6-cm-ceramique\/"]}]},{"@type":"ImageObject","inLanguage":"fr-FR","@id":"https:\/\/webonsai.com\/fr\/produit\/pot-bonsai-31-cm-x-205-cm-x-6-cm-ceramique\/#primaryimage","url":"https:\/\/webonsai.com\/wp-content\/uploads\/2026\/03\/WhatsApp-Image-2026-03-26-at-4.11.48-PM.jpeg?wsr","contentUrl":"https:\/\/webonsai.com\/wp-content\/uploads\/2026\/03\/WhatsApp-Image-2026-03-26-at-4.11.48-PM.jpeg?wsr","width":1080,"height":1920},{"@type":"BreadcrumbList","@id":"https:\/\/webonsai.com\/fr\/produit\/pot-bonsai-31-cm-x-205-cm-x-6-cm-ceramique\/#breadcrumb","itemListElement":[{"@type":"ListItem","position":1,"name":"Home","item":"https:\/\/webonsai.com\/fr\/"},{"@type":"ListItem","position":2,"name":"Shop","item":"https:\/\/webonsai.com\/shop\/"},{"@type":"ListItem","position":3,"name":"Pot bonsa\u00ef 31 cm x 20,5 cm x 6 cm &#8211; C\u00e9ramique"}]},{"@type":"WebSite","@id":"https:\/\/webonsai.com\/fr\/#website","url":"https:\/\/webonsai.com\/fr\/","name":"webonsai.com","description":"","publisher":{"@id":"https:\/\/webonsai.com\/fr\/#organization"},"potentialAction":[{"@type":"SearchAction","target":{"@type":"EntryPoint","urlTemplate":"https:\/\/webonsai.com\/fr\/?s={search_term_string}"},"query-input":{"@type":"PropertyValueSpecification","valueRequired":true,"valueName":"search_term_string"}}],"inLanguage":"fr-FR"},{"@type":"Organization","@id":"https:\/\/webonsai.com\/fr\/#organization","name":"We Bonsai","url":"https:\/\/webonsai.com\/fr\/","logo":{"@type":"ImageObject","inLanguage":"fr-FR","@id":"https:\/\/webonsai.com\/fr\/#\/schema\/logo\/image\/","url":"https:\/\/webonsai.com\/wp-content\/uploads\/2024\/05\/WeBonsai_Logo.png","contentUrl":"https:\/\/webonsai.com\/wp-content\/uploads\/2024\/05\/WeBonsai_Logo.png","width":400,"height":125,"caption":"We Bonsai"},"image":{"@id":"https:\/\/webonsai.com\/fr\/#\/schema\/logo\/image\/"}}]}},"_links":{"self":[{"href":"https:\/\/webonsai.com\/fr\/wp-json\/wp\/v2\/product\/41561","targetHints":{"allow":["GET"]}}],"collection":[{"href":"https:\/\/webonsai.com\/fr\/wp-json\/wp\/v2\/product"}],"about":[{"href":"https:\/\/webonsai.com\/fr\/wp-json\/wp\/v2\/types\/product"}],"wp:featuredmedia":[{"embeddable":true,"href":"https:\/\/webonsai.com\/fr\/wp-json\/wp\/v2\/media\/41556"}],"wp:attachment":[{"href":"https:\/\/webonsai.com\/fr\/wp-json\/wp\/v2\/media?parent=41561"}],"wp:term":[{"taxonomy":"product_brand","embeddable":true,"href":"https:\/\/webonsai.com\/fr\/wp-json\/wp\/v2\/product_brand?post=41561"},{"taxonomy":"product_cat","embeddable":true,"href":"https:\/\/webonsai.com\/fr\/wp-json\/wp\/v2\/product_cat?post=41561"},{"taxonomy":"product_tag","embeddable":true,"href":"https:\/\/webonsai.com\/fr\/wp-json\/wp\/v2\/product_tag?post=41561"}],"curies":[{"name":"wp","href":"https:\/\/api.w.org\/{rel}","templated":true}]}}