{"id":40667,"date":"2026-03-21T13:11:43","date_gmt":"2026-03-21T13:11:43","guid":{"rendered":"https:\/\/webonsai.com\/product\/bonsai-genevrier-itoigawa\/"},"modified":"2026-03-21T13:11:43","modified_gmt":"2026-03-21T13:11:43","slug":"bonsai-genevrier-itoigawa","status":"publish","type":"product","link":"https:\/\/webonsai.com\/fr\/produit\/bonsai-genevrier-itoigawa\/","title":{"rendered":"Bonsa\u00ef Gen\u00e9vrier Itoigawa"},"content":{"rendered":"<p data-start=\"98\" data-end=\"155\"><strong>Bonsa\u00ef Gen\u00e9vrier Itoigawa.<\/strong><br \/>\n<span class=\"html-span xdj266r x14z9mp xat24cr x1lziwak xexx8yu xyri2b x18d9i69 x1c1uobl x1hl2dhg x16tdsg8 x1vvkbs\"><strong class=\"html-strong xdj266r x14z9mp xat24cr x1lziwak xexx8yu xyri2b x18d9i69 x1c1uobl x1hl2dhg x16tdsg8 x1vvkbs x1s688f\">Livraison s\u00e9curis\u00e9e en caisse en bois.<\/strong><\/span><\/p>\n<ul>\n<li data-start=\"53\" data-end=\"74\">\n<p data-start=\"55\" data-end=\"74\"><strong data-start=\"55\" data-end=\"66\">Hauteur :<\/strong> 43 cm (pot non compris)<\/p>\n<\/li>\n<li data-start=\"75\" data-end=\"95\">\n<p data-start=\"77\" data-end=\"95\"><strong data-start=\"77\" data-end=\"87\">Largeur :<\/strong> 47 cm<\/p>\n<\/li>\n<li data-start=\"96\" data-end=\"116\">\n<p data-start=\"98\" data-end=\"116\"><strong data-start=\"98\" data-end=\"108\">Tronc :<\/strong> 16 cm<\/p>\n<\/li>\n<li data-start=\"117\" data-end=\"155\">\n<p data-start=\"119\" data-end=\"155\"><strong data-start=\"119\" data-end=\"127\">Pot :<\/strong> 9 x 28 x 8 cm<\/p>\n<\/li>\n<\/ul>\n<p data-start=\"98\" data-end=\"155\">Photos prises en mars 2026<\/p>\n","protected":false},"excerpt":{"rendered":"<p data-start=\"98\" data-end=\"155\"><strong>Bonsa\u00ef Gen\u00e9vrier Itoigawa.<\/strong><br \/>\n<span class=\"html-span xdj266r x14z9mp xat24cr x1lziwak xexx8yu xyri2b x18d9i69 x1c1uobl x1hl2dhg x16tdsg8 x1vvkbs\"><strong class=\"html-strong xdj266r x14z9mp xat24cr x1lziwak xexx8yu xyri2b x18d9i69 x1c1uobl x1hl2dhg x16tdsg8 x1vvkbs x1s688f\">Livraison s\u00e9curis\u00e9e en caisse en bois.<\/strong><\/span><\/p>\n<ul>\n<li data-start=\"53\" data-end=\"74\">\n<p data-start=\"55\" data-end=\"74\"><strong data-start=\"55\" data-end=\"66\">Hauteur :<\/strong> 43 cm (pot non compris)<\/p>\n<\/li>\n<li data-start=\"75\" data-end=\"95\">\n<p data-start=\"77\" data-end=\"95\"><strong data-start=\"77\" data-end=\"87\">Largeur :<\/strong> 47 cm<\/p>\n<\/li>\n<li data-start=\"96\" data-end=\"116\">\n<p data-start=\"98\" data-end=\"116\"><strong data-start=\"98\" data-end=\"108\">Tronc :<\/strong> 16 cm<\/p>\n<\/li>\n<li data-start=\"117\" data-end=\"155\">\n<p data-start=\"119\" data-end=\"155\"><strong data-start=\"119\" data-end=\"127\">Pot :<\/strong> 9 x 28 x 8 cm<\/p>\n<\/li>\n<\/ul>\n<p data-start=\"98\" data-end=\"155\">Photos prises en mars 2026<\/p>\n","protected":false},"featured_media":40661,"template":"","meta":[],"product_brand":[],"product_cat":[238],"product_tag":[],"class_list":{"0":"post-40667","1":"product","2":"type-product","3":"status-publish","4":"has-post-thumbnail","6":"product_cat-tempai","9":"first","10":"instock","11":"sale","12":"shipping-taxable","13":"purchasable","14":"product-type-simple"},"yoast_head":"<!-- This site is optimized with the Yoast SEO plugin v27.5 - https:\/\/yoast.com\/product\/yoast-seo-wordpress\/ -->\n<title>Bonsa\u00ef Gen\u00e9vrier Itoigawa - webonsai.com<\/title>\n<meta name=\"robots\" content=\"index, follow, max-snippet:-1, max-image-preview:large, max-video-preview:-1\" \/>\n<link rel=\"canonical\" href=\"https:\/\/webonsai.com\/fr\/produit\/bonsai-genevrier-itoigawa\/\" \/>\n<meta property=\"og:locale\" content=\"fr_FR\" \/>\n<meta property=\"og:type\" content=\"article\" \/>\n<meta property=\"og:title\" content=\"Bonsa\u00ef Gen\u00e9vrier Itoigawa - webonsai.com\" \/>\n<meta property=\"og:description\" content=\"Bonsa\u00ef Gen\u00e9vrier Itoigawa. Livraison s\u00e9curis\u00e9e en caisse en bois.   Hauteur : 43 cm (pot non compris)   Largeur : 47 cm   Tronc : 16 cm   Pot : 9 x 28 x 8 cm  Photos prises en mars 2026\" \/>\n<meta property=\"og:url\" content=\"https:\/\/webonsai.com\/fr\/produit\/bonsai-genevrier-itoigawa\/\" \/>\n<meta property=\"og:site_name\" content=\"webonsai.com\" \/>\n<meta property=\"og:image\" content=\"https:\/\/webonsai.com\/wp-content\/uploads\/2026\/03\/WhatsApp-Image-2026-03-21-at-2.20.04-PM.jpeg?wsr\" \/>\n\t<meta property=\"og:image:width\" content=\"1600\" \/>\n\t<meta property=\"og:image:height\" content=\"1574\" \/>\n\t<meta property=\"og:image:type\" content=\"image\/jpeg\" \/>\n<meta name=\"twitter:card\" content=\"summary_large_image\" \/>\n<script type=\"application\/ld+json\" class=\"yoast-schema-graph\">{\"@context\":\"https:\\\/\\\/schema.org\",\"@graph\":[{\"@type\":\"WebPage\",\"@id\":\"https:\\\/\\\/webonsai.com\\\/fr\\\/produit\\\/bonsai-genevrier-itoigawa\\\/\",\"url\":\"https:\\\/\\\/webonsai.com\\\/fr\\\/produit\\\/bonsai-genevrier-itoigawa\\\/\",\"name\":\"Bonsa\u00ef Gen\u00e9vrier Itoigawa - webonsai.com\",\"isPartOf\":{\"@id\":\"https:\\\/\\\/webonsai.com\\\/fr\\\/#website\"},\"primaryImageOfPage\":{\"@id\":\"https:\\\/\\\/webonsai.com\\\/fr\\\/produit\\\/bonsai-genevrier-itoigawa\\\/#primaryimage\"},\"image\":{\"@id\":\"https:\\\/\\\/webonsai.com\\\/fr\\\/produit\\\/bonsai-genevrier-itoigawa\\\/#primaryimage\"},\"thumbnailUrl\":\"https:\\\/\\\/webonsai.com\\\/wp-content\\\/uploads\\\/2026\\\/03\\\/WhatsApp-Image-2026-03-21-at-2.20.04-PM.jpeg?wsr\",\"datePublished\":\"2026-03-21T13:11:43+00:00\",\"breadcrumb\":{\"@id\":\"https:\\\/\\\/webonsai.com\\\/fr\\\/produit\\\/bonsai-genevrier-itoigawa\\\/#breadcrumb\"},\"inLanguage\":\"fr-FR\",\"potentialAction\":[{\"@type\":\"ReadAction\",\"target\":[\"https:\\\/\\\/webonsai.com\\\/fr\\\/produit\\\/bonsai-genevrier-itoigawa\\\/\"]}]},{\"@type\":\"ImageObject\",\"inLanguage\":\"fr-FR\",\"@id\":\"https:\\\/\\\/webonsai.com\\\/fr\\\/produit\\\/bonsai-genevrier-itoigawa\\\/#primaryimage\",\"url\":\"https:\\\/\\\/webonsai.com\\\/wp-content\\\/uploads\\\/2026\\\/03\\\/WhatsApp-Image-2026-03-21-at-2.20.04-PM.jpeg?wsr\",\"contentUrl\":\"https:\\\/\\\/webonsai.com\\\/wp-content\\\/uploads\\\/2026\\\/03\\\/WhatsApp-Image-2026-03-21-at-2.20.04-PM.jpeg?wsr\",\"width\":1600,\"height\":1574},{\"@type\":\"BreadcrumbList\",\"@id\":\"https:\\\/\\\/webonsai.com\\\/fr\\\/produit\\\/bonsai-genevrier-itoigawa\\\/#breadcrumb\",\"itemListElement\":[{\"@type\":\"ListItem\",\"position\":1,\"name\":\"Home\",\"item\":\"https:\\\/\\\/webonsai.com\\\/fr\\\/\"},{\"@type\":\"ListItem\",\"position\":2,\"name\":\"Shop\",\"item\":\"https:\\\/\\\/webonsai.com\\\/shop\\\/\"},{\"@type\":\"ListItem\",\"position\":3,\"name\":\"Bonsa\u00ef Gen\u00e9vrier Itoigawa\"}]},{\"@type\":\"WebSite\",\"@id\":\"https:\\\/\\\/webonsai.com\\\/fr\\\/#website\",\"url\":\"https:\\\/\\\/webonsai.com\\\/fr\\\/\",\"name\":\"webonsai.com\",\"description\":\"\",\"publisher\":{\"@id\":\"https:\\\/\\\/webonsai.com\\\/fr\\\/#organization\"},\"potentialAction\":[{\"@type\":\"SearchAction\",\"target\":{\"@type\":\"EntryPoint\",\"urlTemplate\":\"https:\\\/\\\/webonsai.com\\\/fr\\\/?s={search_term_string}\"},\"query-input\":{\"@type\":\"PropertyValueSpecification\",\"valueRequired\":true,\"valueName\":\"search_term_string\"}}],\"inLanguage\":\"fr-FR\"},{\"@type\":\"Organization\",\"@id\":\"https:\\\/\\\/webonsai.com\\\/fr\\\/#organization\",\"name\":\"We Bonsai\",\"url\":\"https:\\\/\\\/webonsai.com\\\/fr\\\/\",\"logo\":{\"@type\":\"ImageObject\",\"inLanguage\":\"fr-FR\",\"@id\":\"https:\\\/\\\/webonsai.com\\\/fr\\\/#\\\/schema\\\/logo\\\/image\\\/\",\"url\":\"https:\\\/\\\/webonsai.com\\\/wp-content\\\/uploads\\\/2024\\\/05\\\/WeBonsai_Logo.png\",\"contentUrl\":\"https:\\\/\\\/webonsai.com\\\/wp-content\\\/uploads\\\/2024\\\/05\\\/WeBonsai_Logo.png\",\"width\":400,\"height\":125,\"caption\":\"We Bonsai\"},\"image\":{\"@id\":\"https:\\\/\\\/webonsai.com\\\/fr\\\/#\\\/schema\\\/logo\\\/image\\\/\"}}]}<\/script>\n<!-- \/ Yoast SEO plugin. -->","yoast_head_json":{"title":"Bonsa\u00ef Gen\u00e9vrier Itoigawa - webonsai.com","robots":{"index":"index","follow":"follow","max-snippet":"max-snippet:-1","max-image-preview":"max-image-preview:large","max-video-preview":"max-video-preview:-1"},"canonical":"https:\/\/webonsai.com\/fr\/produit\/bonsai-genevrier-itoigawa\/","og_locale":"fr_FR","og_type":"article","og_title":"Bonsa\u00ef Gen\u00e9vrier Itoigawa - webonsai.com","og_description":"Bonsa\u00ef Gen\u00e9vrier Itoigawa. Livraison s\u00e9curis\u00e9e en caisse en bois.   Hauteur : 43 cm (pot non compris)   Largeur : 47 cm   Tronc : 16 cm   Pot : 9 x 28 x 8 cm  Photos prises en mars 2026","og_url":"https:\/\/webonsai.com\/fr\/produit\/bonsai-genevrier-itoigawa\/","og_site_name":"webonsai.com","og_image":[{"width":1600,"height":1574,"url":"https:\/\/webonsai.com\/wp-content\/uploads\/2026\/03\/WhatsApp-Image-2026-03-21-at-2.20.04-PM.jpeg?wsr","type":"image\/jpeg"}],"twitter_card":"summary_large_image","schema":{"@context":"https:\/\/schema.org","@graph":[{"@type":"WebPage","@id":"https:\/\/webonsai.com\/fr\/produit\/bonsai-genevrier-itoigawa\/","url":"https:\/\/webonsai.com\/fr\/produit\/bonsai-genevrier-itoigawa\/","name":"Bonsa\u00ef Gen\u00e9vrier Itoigawa - webonsai.com","isPartOf":{"@id":"https:\/\/webonsai.com\/fr\/#website"},"primaryImageOfPage":{"@id":"https:\/\/webonsai.com\/fr\/produit\/bonsai-genevrier-itoigawa\/#primaryimage"},"image":{"@id":"https:\/\/webonsai.com\/fr\/produit\/bonsai-genevrier-itoigawa\/#primaryimage"},"thumbnailUrl":"https:\/\/webonsai.com\/wp-content\/uploads\/2026\/03\/WhatsApp-Image-2026-03-21-at-2.20.04-PM.jpeg?wsr","datePublished":"2026-03-21T13:11:43+00:00","breadcrumb":{"@id":"https:\/\/webonsai.com\/fr\/produit\/bonsai-genevrier-itoigawa\/#breadcrumb"},"inLanguage":"fr-FR","potentialAction":[{"@type":"ReadAction","target":["https:\/\/webonsai.com\/fr\/produit\/bonsai-genevrier-itoigawa\/"]}]},{"@type":"ImageObject","inLanguage":"fr-FR","@id":"https:\/\/webonsai.com\/fr\/produit\/bonsai-genevrier-itoigawa\/#primaryimage","url":"https:\/\/webonsai.com\/wp-content\/uploads\/2026\/03\/WhatsApp-Image-2026-03-21-at-2.20.04-PM.jpeg?wsr","contentUrl":"https:\/\/webonsai.com\/wp-content\/uploads\/2026\/03\/WhatsApp-Image-2026-03-21-at-2.20.04-PM.jpeg?wsr","width":1600,"height":1574},{"@type":"BreadcrumbList","@id":"https:\/\/webonsai.com\/fr\/produit\/bonsai-genevrier-itoigawa\/#breadcrumb","itemListElement":[{"@type":"ListItem","position":1,"name":"Home","item":"https:\/\/webonsai.com\/fr\/"},{"@type":"ListItem","position":2,"name":"Shop","item":"https:\/\/webonsai.com\/shop\/"},{"@type":"ListItem","position":3,"name":"Bonsa\u00ef Gen\u00e9vrier Itoigawa"}]},{"@type":"WebSite","@id":"https:\/\/webonsai.com\/fr\/#website","url":"https:\/\/webonsai.com\/fr\/","name":"webonsai.com","description":"","publisher":{"@id":"https:\/\/webonsai.com\/fr\/#organization"},"potentialAction":[{"@type":"SearchAction","target":{"@type":"EntryPoint","urlTemplate":"https:\/\/webonsai.com\/fr\/?s={search_term_string}"},"query-input":{"@type":"PropertyValueSpecification","valueRequired":true,"valueName":"search_term_string"}}],"inLanguage":"fr-FR"},{"@type":"Organization","@id":"https:\/\/webonsai.com\/fr\/#organization","name":"We Bonsai","url":"https:\/\/webonsai.com\/fr\/","logo":{"@type":"ImageObject","inLanguage":"fr-FR","@id":"https:\/\/webonsai.com\/fr\/#\/schema\/logo\/image\/","url":"https:\/\/webonsai.com\/wp-content\/uploads\/2024\/05\/WeBonsai_Logo.png","contentUrl":"https:\/\/webonsai.com\/wp-content\/uploads\/2024\/05\/WeBonsai_Logo.png","width":400,"height":125,"caption":"We Bonsai"},"image":{"@id":"https:\/\/webonsai.com\/fr\/#\/schema\/logo\/image\/"}}]}},"_links":{"self":[{"href":"https:\/\/webonsai.com\/fr\/wp-json\/wp\/v2\/product\/40667","targetHints":{"allow":["GET"]}}],"collection":[{"href":"https:\/\/webonsai.com\/fr\/wp-json\/wp\/v2\/product"}],"about":[{"href":"https:\/\/webonsai.com\/fr\/wp-json\/wp\/v2\/types\/product"}],"wp:featuredmedia":[{"embeddable":true,"href":"https:\/\/webonsai.com\/fr\/wp-json\/wp\/v2\/media\/40661"}],"wp:attachment":[{"href":"https:\/\/webonsai.com\/fr\/wp-json\/wp\/v2\/media?parent=40667"}],"wp:term":[{"taxonomy":"product_brand","embeddable":true,"href":"https:\/\/webonsai.com\/fr\/wp-json\/wp\/v2\/product_brand?post=40667"},{"taxonomy":"product_cat","embeddable":true,"href":"https:\/\/webonsai.com\/fr\/wp-json\/wp\/v2\/product_cat?post=40667"},{"taxonomy":"product_tag","embeddable":true,"href":"https:\/\/webonsai.com\/fr\/wp-json\/wp\/v2\/product_tag?post=40667"}],"curies":[{"name":"wp","href":"https:\/\/api.w.org\/{rel}","templated":true}]}}