{"id":37132,"date":"2025-10-21T15:02:45","date_gmt":"2025-10-21T15:02:45","guid":{"rendered":"https:\/\/webonsai.com\/product\/kokufu-bonsai-ten-n-79\/"},"modified":"2025-10-21T18:06:12","modified_gmt":"2025-10-21T18:06:12","slug":"kokufu-bonsai-ten-n-79","status":"publish","type":"product","link":"https:\/\/webonsai.com\/fr\/produit\/kokufu-bonsai-ten-n-79\/","title":{"rendered":"Livre bonsai kokufu ten # 79"},"content":{"rendered":"<p data-start=\"98\" data-end=\"155\"><strong data-start=\"150\" data-end=\"192\">Kokufu 79 \u2013 l&#8217;Art du bonsa\u00ef japonais<\/strong><\/p>\n<p data-start=\"98\" data-end=\"155\"><br data-start=\"192\" data-end=\"195\">La collection <strong data-start=\"199\" data-end=\"209\">Kokufu<\/strong> pr\u00e9sente les catalogues officiels de l&#8217;exposition de bonsa\u00efs la plus renomm\u00e9e du Japon. <strong data-start=\"296\" data-end=\"309\">Kokufu 79<\/strong> pr\u00e9sente de superbes photos et des descriptions d\u00e9taill\u00e9es des arbres prim\u00e9s du 61e Kokufu-ten, capturant la beaut\u00e9, l&#8217;\u00e9quilibre et la tradition intemporelle de l&#8217;art du bonsa\u00ef. Un incontournable pour les collectionneurs et les amateurs de culture japonaise.<\/p>\n","protected":false},"excerpt":{"rendered":"<p data-start=\"98\" data-end=\"155\"><strong data-start=\"150\" data-end=\"192\">Kokufu 79 \u2013 l&#8217;Art du bonsa\u00ef japonais<\/strong><\/p>\n<p data-start=\"98\" data-end=\"155\"><br data-start=\"192\" data-end=\"195\">La collection <strong data-start=\"199\" data-end=\"209\">Kokufu<\/strong> pr\u00e9sente les catalogues officiels de l&#8217;exposition de bonsa\u00efs la plus renomm\u00e9e du Japon. <strong data-start=\"296\" data-end=\"309\">Kokufu 79<\/strong> pr\u00e9sente de superbes photos et des descriptions d\u00e9taill\u00e9es des arbres prim\u00e9s du 61e Kokufu-ten, capturant la beaut\u00e9, l&#8217;\u00e9quilibre et la tradition intemporelle de l&#8217;art du bonsa\u00ef. Un incontournable pour les collectionneurs et les amateurs de culture japonaise.<\/p>\n<p data-start=\"98\" data-end=\"155\">Le <strong data-start=\"1007\" data-end=\"1020\">Kokufu 79<\/strong> est disponible dans une \u00e9dition de luxe avec trois niveaux de pr\u00e9sentation. Le premier est un <strong data-start=\"1097\" data-end=\"1115\">\u00e9tui rigide<\/strong>, con\u00e7u pour prot\u00e9ger et mettre en valeur l&#8217;apparence \u00e9l\u00e9gante du volume. \u00c0 l&#8217;int\u00e9rieur, une <strong data-start=\"1192\" data-end=\"1224\">fine jaquette illustr\u00e9e<\/strong> pr\u00e9sente de magnifiques images de bonsa\u00ef, enveloppant le <strong data-start=\"1273\" data-end=\"1291\">livre reli\u00e9<\/strong>, qui est fini dans un mat\u00e9riau de haute qualit\u00e9 avec des lettres dor\u00e9es. La conception globale respire le raffinement et le savoir-faire, refl\u00e9tant parfaitement le prestige et la tradition de l&#8217;Exposition de Bonsa\u00ef Kokufu-ten.<\/p>\n","protected":false},"featured_media":37057,"template":"","meta":[],"product_brand":[],"product_cat":[255,254,208],"product_tag":[],"class_list":{"0":"post-37132","1":"product","2":"type-product","3":"status-publish","4":"has-post-thumbnail","6":"product_cat-cartes-cadeaux","7":"product_cat-livres","8":"product_cat-pre-bonsai-et-bonsai","9":"product_shipping_class-wc-mp-1-17","12":"first","13":"instock","14":"shipping-taxable","15":"purchasable","16":"product-type-simple"},"yoast_head":"<!-- This site is optimized with the Yoast SEO plugin v27.5 - https:\/\/yoast.com\/product\/yoast-seo-wordpress\/ -->\n<title>Livre bonsai kokufu ten # 79 - webonsai.com<\/title>\n<meta name=\"robots\" content=\"index, follow, max-snippet:-1, max-image-preview:large, max-video-preview:-1\" \/>\n<link rel=\"canonical\" href=\"https:\/\/webonsai.com\/fr\/produit\/kokufu-bonsai-ten-n-79\/\" \/>\n<meta property=\"og:locale\" content=\"fr_FR\" \/>\n<meta property=\"og:type\" content=\"article\" \/>\n<meta property=\"og:title\" content=\"Livre bonsai kokufu ten # 79 - webonsai.com\" \/>\n<meta property=\"og:description\" content=\"Kokufu 79 \u2013 l&#039;Art du bonsa\u00ef japonais La collection Kokufu pr\u00e9sente les catalogues officiels de l&#039;exposition de bonsa\u00efs la plus renomm\u00e9e du Japon. Kokufu 79 pr\u00e9sente de superbes photos et des descriptions d\u00e9taill\u00e9es des arbres prim\u00e9s du 61e Kokufu-ten, capturant la beaut\u00e9, l&#039;\u00e9quilibre et la tradition intemporelle de l&#039;art du bonsa\u00ef. Un incontournable pour les collectionneurs et les amateurs de culture japonaise. Le Kokufu 79 est disponible dans une \u00e9dition de luxe avec trois niveaux de pr\u00e9sentation. Le premier est un \u00e9tui rigide, con\u00e7u pour prot\u00e9ger et mettre en valeur l&#039;apparence \u00e9l\u00e9gante du volume. \u00c0 l&#039;int\u00e9rieur, une fine jaquette illustr\u00e9e pr\u00e9sente de magnifiques images de bonsa\u00ef, enveloppant le livre reli\u00e9, qui est fini dans un mat\u00e9riau de haute qualit\u00e9 avec des lettres dor\u00e9es. La conception globale respire le raffinement et le savoir-faire, refl\u00e9tant parfaitement le prestige et la tradition de l&#039;Exposition de Bonsa\u00ef Kokufu-ten.\" \/>\n<meta property=\"og:url\" content=\"https:\/\/webonsai.com\/fr\/produit\/kokufu-bonsai-ten-n-79\/\" \/>\n<meta property=\"og:site_name\" content=\"webonsai.com\" \/>\n<meta property=\"article:modified_time\" content=\"2025-10-21T18:06:12+00:00\" \/>\n<meta property=\"og:image\" content=\"https:\/\/webonsai.com\/wp-content\/uploads\/2025\/10\/Kokufu-Bonsai-Ten-79.jpg\" \/>\n\t<meta property=\"og:image:width\" content=\"810\" \/>\n\t<meta property=\"og:image:height\" content=\"1080\" \/>\n\t<meta property=\"og:image:type\" content=\"image\/jpeg\" \/>\n<meta name=\"twitter:card\" content=\"summary_large_image\" \/>\n<script type=\"application\/ld+json\" class=\"yoast-schema-graph\">{\"@context\":\"https:\\\/\\\/schema.org\",\"@graph\":[{\"@type\":\"WebPage\",\"@id\":\"https:\\\/\\\/webonsai.com\\\/fr\\\/produit\\\/kokufu-bonsai-ten-n-79\\\/\",\"url\":\"https:\\\/\\\/webonsai.com\\\/fr\\\/produit\\\/kokufu-bonsai-ten-n-79\\\/\",\"name\":\"Livre bonsai kokufu ten # 79 - webonsai.com\",\"isPartOf\":{\"@id\":\"https:\\\/\\\/webonsai.com\\\/fr\\\/#website\"},\"primaryImageOfPage\":{\"@id\":\"https:\\\/\\\/webonsai.com\\\/fr\\\/produit\\\/kokufu-bonsai-ten-n-79\\\/#primaryimage\"},\"image\":{\"@id\":\"https:\\\/\\\/webonsai.com\\\/fr\\\/produit\\\/kokufu-bonsai-ten-n-79\\\/#primaryimage\"},\"thumbnailUrl\":\"https:\\\/\\\/webonsai.com\\\/wp-content\\\/uploads\\\/2025\\\/10\\\/Kokufu-Bonsai-Ten-79.jpg?wsr\",\"datePublished\":\"2025-10-21T15:02:45+00:00\",\"dateModified\":\"2025-10-21T18:06:12+00:00\",\"breadcrumb\":{\"@id\":\"https:\\\/\\\/webonsai.com\\\/fr\\\/produit\\\/kokufu-bonsai-ten-n-79\\\/#breadcrumb\"},\"inLanguage\":\"fr-FR\",\"potentialAction\":[{\"@type\":\"ReadAction\",\"target\":[\"https:\\\/\\\/webonsai.com\\\/fr\\\/produit\\\/kokufu-bonsai-ten-n-79\\\/\"]}]},{\"@type\":\"ImageObject\",\"inLanguage\":\"fr-FR\",\"@id\":\"https:\\\/\\\/webonsai.com\\\/fr\\\/produit\\\/kokufu-bonsai-ten-n-79\\\/#primaryimage\",\"url\":\"https:\\\/\\\/webonsai.com\\\/wp-content\\\/uploads\\\/2025\\\/10\\\/Kokufu-Bonsai-Ten-79.jpg?wsr\",\"contentUrl\":\"https:\\\/\\\/webonsai.com\\\/wp-content\\\/uploads\\\/2025\\\/10\\\/Kokufu-Bonsai-Ten-79.jpg?wsr\",\"width\":810,\"height\":1080,\"caption\":\"Kokufu Bonsai Ten # 79\"},{\"@type\":\"BreadcrumbList\",\"@id\":\"https:\\\/\\\/webonsai.com\\\/fr\\\/produit\\\/kokufu-bonsai-ten-n-79\\\/#breadcrumb\",\"itemListElement\":[{\"@type\":\"ListItem\",\"position\":1,\"name\":\"Home\",\"item\":\"https:\\\/\\\/webonsai.com\\\/fr\\\/\"},{\"@type\":\"ListItem\",\"position\":2,\"name\":\"Shop\",\"item\":\"https:\\\/\\\/webonsai.com\\\/shop\\\/\"},{\"@type\":\"ListItem\",\"position\":3,\"name\":\"Livre bonsai kokufu ten # 79\"}]},{\"@type\":\"WebSite\",\"@id\":\"https:\\\/\\\/webonsai.com\\\/fr\\\/#website\",\"url\":\"https:\\\/\\\/webonsai.com\\\/fr\\\/\",\"name\":\"webonsai.com\",\"description\":\"\",\"publisher\":{\"@id\":\"https:\\\/\\\/webonsai.com\\\/fr\\\/#organization\"},\"potentialAction\":[{\"@type\":\"SearchAction\",\"target\":{\"@type\":\"EntryPoint\",\"urlTemplate\":\"https:\\\/\\\/webonsai.com\\\/fr\\\/?s={search_term_string}\"},\"query-input\":{\"@type\":\"PropertyValueSpecification\",\"valueRequired\":true,\"valueName\":\"search_term_string\"}}],\"inLanguage\":\"fr-FR\"},{\"@type\":\"Organization\",\"@id\":\"https:\\\/\\\/webonsai.com\\\/fr\\\/#organization\",\"name\":\"We Bonsai\",\"url\":\"https:\\\/\\\/webonsai.com\\\/fr\\\/\",\"logo\":{\"@type\":\"ImageObject\",\"inLanguage\":\"fr-FR\",\"@id\":\"https:\\\/\\\/webonsai.com\\\/fr\\\/#\\\/schema\\\/logo\\\/image\\\/\",\"url\":\"https:\\\/\\\/webonsai.com\\\/wp-content\\\/uploads\\\/2024\\\/05\\\/WeBonsai_Logo.png\",\"contentUrl\":\"https:\\\/\\\/webonsai.com\\\/wp-content\\\/uploads\\\/2024\\\/05\\\/WeBonsai_Logo.png\",\"width\":400,\"height\":125,\"caption\":\"We Bonsai\"},\"image\":{\"@id\":\"https:\\\/\\\/webonsai.com\\\/fr\\\/#\\\/schema\\\/logo\\\/image\\\/\"}}]}<\/script>\n<!-- \/ Yoast SEO plugin. -->","yoast_head_json":{"title":"Livre bonsai kokufu ten # 79 - webonsai.com","robots":{"index":"index","follow":"follow","max-snippet":"max-snippet:-1","max-image-preview":"max-image-preview:large","max-video-preview":"max-video-preview:-1"},"canonical":"https:\/\/webonsai.com\/fr\/produit\/kokufu-bonsai-ten-n-79\/","og_locale":"fr_FR","og_type":"article","og_title":"Livre bonsai kokufu ten # 79 - webonsai.com","og_description":"Kokufu 79 \u2013 l'Art du bonsa\u00ef japonais La collection Kokufu pr\u00e9sente les catalogues officiels de l'exposition de bonsa\u00efs la plus renomm\u00e9e du Japon. Kokufu 79 pr\u00e9sente de superbes photos et des descriptions d\u00e9taill\u00e9es des arbres prim\u00e9s du 61e Kokufu-ten, capturant la beaut\u00e9, l'\u00e9quilibre et la tradition intemporelle de l'art du bonsa\u00ef. Un incontournable pour les collectionneurs et les amateurs de culture japonaise. Le Kokufu 79 est disponible dans une \u00e9dition de luxe avec trois niveaux de pr\u00e9sentation. Le premier est un \u00e9tui rigide, con\u00e7u pour prot\u00e9ger et mettre en valeur l'apparence \u00e9l\u00e9gante du volume. \u00c0 l'int\u00e9rieur, une fine jaquette illustr\u00e9e pr\u00e9sente de magnifiques images de bonsa\u00ef, enveloppant le livre reli\u00e9, qui est fini dans un mat\u00e9riau de haute qualit\u00e9 avec des lettres dor\u00e9es. La conception globale respire le raffinement et le savoir-faire, refl\u00e9tant parfaitement le prestige et la tradition de l'Exposition de Bonsa\u00ef Kokufu-ten.","og_url":"https:\/\/webonsai.com\/fr\/produit\/kokufu-bonsai-ten-n-79\/","og_site_name":"webonsai.com","article_modified_time":"2025-10-21T18:06:12+00:00","og_image":[{"width":810,"height":1080,"url":"https:\/\/webonsai.com\/wp-content\/uploads\/2025\/10\/Kokufu-Bonsai-Ten-79.jpg","type":"image\/jpeg"}],"twitter_card":"summary_large_image","schema":{"@context":"https:\/\/schema.org","@graph":[{"@type":"WebPage","@id":"https:\/\/webonsai.com\/fr\/produit\/kokufu-bonsai-ten-n-79\/","url":"https:\/\/webonsai.com\/fr\/produit\/kokufu-bonsai-ten-n-79\/","name":"Livre bonsai kokufu ten # 79 - webonsai.com","isPartOf":{"@id":"https:\/\/webonsai.com\/fr\/#website"},"primaryImageOfPage":{"@id":"https:\/\/webonsai.com\/fr\/produit\/kokufu-bonsai-ten-n-79\/#primaryimage"},"image":{"@id":"https:\/\/webonsai.com\/fr\/produit\/kokufu-bonsai-ten-n-79\/#primaryimage"},"thumbnailUrl":"https:\/\/webonsai.com\/wp-content\/uploads\/2025\/10\/Kokufu-Bonsai-Ten-79.jpg?wsr","datePublished":"2025-10-21T15:02:45+00:00","dateModified":"2025-10-21T18:06:12+00:00","breadcrumb":{"@id":"https:\/\/webonsai.com\/fr\/produit\/kokufu-bonsai-ten-n-79\/#breadcrumb"},"inLanguage":"fr-FR","potentialAction":[{"@type":"ReadAction","target":["https:\/\/webonsai.com\/fr\/produit\/kokufu-bonsai-ten-n-79\/"]}]},{"@type":"ImageObject","inLanguage":"fr-FR","@id":"https:\/\/webonsai.com\/fr\/produit\/kokufu-bonsai-ten-n-79\/#primaryimage","url":"https:\/\/webonsai.com\/wp-content\/uploads\/2025\/10\/Kokufu-Bonsai-Ten-79.jpg?wsr","contentUrl":"https:\/\/webonsai.com\/wp-content\/uploads\/2025\/10\/Kokufu-Bonsai-Ten-79.jpg?wsr","width":810,"height":1080,"caption":"Kokufu Bonsai Ten # 79"},{"@type":"BreadcrumbList","@id":"https:\/\/webonsai.com\/fr\/produit\/kokufu-bonsai-ten-n-79\/#breadcrumb","itemListElement":[{"@type":"ListItem","position":1,"name":"Home","item":"https:\/\/webonsai.com\/fr\/"},{"@type":"ListItem","position":2,"name":"Shop","item":"https:\/\/webonsai.com\/shop\/"},{"@type":"ListItem","position":3,"name":"Livre bonsai kokufu ten # 79"}]},{"@type":"WebSite","@id":"https:\/\/webonsai.com\/fr\/#website","url":"https:\/\/webonsai.com\/fr\/","name":"webonsai.com","description":"","publisher":{"@id":"https:\/\/webonsai.com\/fr\/#organization"},"potentialAction":[{"@type":"SearchAction","target":{"@type":"EntryPoint","urlTemplate":"https:\/\/webonsai.com\/fr\/?s={search_term_string}"},"query-input":{"@type":"PropertyValueSpecification","valueRequired":true,"valueName":"search_term_string"}}],"inLanguage":"fr-FR"},{"@type":"Organization","@id":"https:\/\/webonsai.com\/fr\/#organization","name":"We Bonsai","url":"https:\/\/webonsai.com\/fr\/","logo":{"@type":"ImageObject","inLanguage":"fr-FR","@id":"https:\/\/webonsai.com\/fr\/#\/schema\/logo\/image\/","url":"https:\/\/webonsai.com\/wp-content\/uploads\/2024\/05\/WeBonsai_Logo.png","contentUrl":"https:\/\/webonsai.com\/wp-content\/uploads\/2024\/05\/WeBonsai_Logo.png","width":400,"height":125,"caption":"We Bonsai"},"image":{"@id":"https:\/\/webonsai.com\/fr\/#\/schema\/logo\/image\/"}}]}},"_links":{"self":[{"href":"https:\/\/webonsai.com\/fr\/wp-json\/wp\/v2\/product\/37132","targetHints":{"allow":["GET"]}}],"collection":[{"href":"https:\/\/webonsai.com\/fr\/wp-json\/wp\/v2\/product"}],"about":[{"href":"https:\/\/webonsai.com\/fr\/wp-json\/wp\/v2\/types\/product"}],"wp:featuredmedia":[{"embeddable":true,"href":"https:\/\/webonsai.com\/fr\/wp-json\/wp\/v2\/media\/37057"}],"wp:attachment":[{"href":"https:\/\/webonsai.com\/fr\/wp-json\/wp\/v2\/media?parent=37132"}],"wp:term":[{"taxonomy":"product_brand","embeddable":true,"href":"https:\/\/webonsai.com\/fr\/wp-json\/wp\/v2\/product_brand?post=37132"},{"taxonomy":"product_cat","embeddable":true,"href":"https:\/\/webonsai.com\/fr\/wp-json\/wp\/v2\/product_cat?post=37132"},{"taxonomy":"product_tag","embeddable":true,"href":"https:\/\/webonsai.com\/fr\/wp-json\/wp\/v2\/product_tag?post=37132"}],"curies":[{"name":"wp","href":"https:\/\/api.w.org\/{rel}","templated":true}]}}