{"id":36744,"date":"2025-10-11T21:11:40","date_gmt":"2025-10-11T21:11:40","guid":{"rendered":"https:\/\/webonsai.com\/product\/pot-a-bonsai-15-x-15-x-65-cm-ocre-brunatre\/"},"modified":"2025-11-13T19:46:02","modified_gmt":"2025-11-13T19:46:02","slug":"pot-a-bonsai-15-x-15-x-65-cm-ocre-brunatre","status":"publish","type":"product","link":"https:\/\/webonsai.com\/fr\/produit\/pot-a-bonsai-15-x-15-x-65-cm-ocre-brunatre\/","title":{"rendered":"Pot \u00e0 bonsa\u00ef 15 x 15 x 6,5 cm, ocre brun\u00e2tre"},"content":{"rendered":"<p>Couleur : ocre brun<br \/>\nLargeur : 15 cm<br \/>\nLongueur : 15 cm<br \/>\nHauteur : 6,5 cm<\/p>\n","protected":false},"excerpt":{"rendered":"<p>Couleur : ocre brun<br \/>\nLargeur : 15 cm<br \/>\nLongueur : 15 cm<br \/>\nHauteur : 6,5 cm<\/p>\n","protected":false},"featured_media":36727,"template":"","meta":[],"product_brand":[],"product_cat":[258],"product_tag":[],"class_list":{"0":"post-36744","1":"product","2":"type-product","3":"status-publish","4":"has-post-thumbnail","6":"product_cat-pots","7":"product_shipping_class-wc-mp-1-17","10":"first","11":"instock","12":"shipping-taxable","13":"purchasable","14":"product-type-simple"},"yoast_head":"<!-- This site is optimized with the Yoast SEO plugin v27.5 - https:\/\/yoast.com\/product\/yoast-seo-wordpress\/ -->\n<title>Pot \u00e0 bonsa\u00ef 15 x 15 x 6,5 cm, ocre brun\u00e2tre - webonsai.com<\/title>\n<meta name=\"robots\" content=\"index, follow, max-snippet:-1, max-image-preview:large, max-video-preview:-1\" \/>\n<link rel=\"canonical\" href=\"https:\/\/webonsai.com\/fr\/produit\/pot-a-bonsai-15-x-15-x-65-cm-ocre-brunatre\/\" \/>\n<meta property=\"og:locale\" content=\"fr_FR\" \/>\n<meta property=\"og:type\" content=\"article\" \/>\n<meta property=\"og:title\" content=\"Pot \u00e0 bonsa\u00ef 15 x 15 x 6,5 cm, ocre brun\u00e2tre - webonsai.com\" \/>\n<meta property=\"og:description\" content=\"Couleur : ocre brun Largeur : 15 cm Longueur : 15 cm Hauteur : 6,5 cm\" \/>\n<meta property=\"og:url\" content=\"https:\/\/webonsai.com\/fr\/produit\/pot-a-bonsai-15-x-15-x-65-cm-ocre-brunatre\/\" \/>\n<meta property=\"og:site_name\" content=\"webonsai.com\" \/>\n<meta property=\"article:modified_time\" content=\"2025-11-13T19:46:02+00:00\" \/>\n<meta property=\"og:image\" content=\"https:\/\/webonsai.com\/wp-content\/uploads\/2025\/10\/Bonsai-pot15-x-15-x-65-cm.jpg?wsr\" \/>\n\t<meta property=\"og:image:width\" content=\"810\" \/>\n\t<meta property=\"og:image:height\" content=\"1080\" \/>\n\t<meta property=\"og:image:type\" content=\"image\/jpeg\" \/>\n<meta name=\"twitter:card\" content=\"summary_large_image\" \/>\n<script type=\"application\/ld+json\" class=\"yoast-schema-graph\">{\"@context\":\"https:\\\/\\\/schema.org\",\"@graph\":[{\"@type\":\"WebPage\",\"@id\":\"https:\\\/\\\/webonsai.com\\\/fr\\\/produit\\\/pot-a-bonsai-15-x-15-x-65-cm-ocre-brunatre\\\/\",\"url\":\"https:\\\/\\\/webonsai.com\\\/fr\\\/produit\\\/pot-a-bonsai-15-x-15-x-65-cm-ocre-brunatre\\\/\",\"name\":\"Pot \u00e0 bonsa\u00ef 15 x 15 x 6,5 cm, ocre brun\u00e2tre - webonsai.com\",\"isPartOf\":{\"@id\":\"https:\\\/\\\/webonsai.com\\\/fr\\\/#website\"},\"primaryImageOfPage\":{\"@id\":\"https:\\\/\\\/webonsai.com\\\/fr\\\/produit\\\/pot-a-bonsai-15-x-15-x-65-cm-ocre-brunatre\\\/#primaryimage\"},\"image\":{\"@id\":\"https:\\\/\\\/webonsai.com\\\/fr\\\/produit\\\/pot-a-bonsai-15-x-15-x-65-cm-ocre-brunatre\\\/#primaryimage\"},\"thumbnailUrl\":\"https:\\\/\\\/webonsai.com\\\/wp-content\\\/uploads\\\/2025\\\/10\\\/Bonsai-pot15-x-15-x-65-cm.jpg?wsr\",\"datePublished\":\"2025-10-11T21:11:40+00:00\",\"dateModified\":\"2025-11-13T19:46:02+00:00\",\"breadcrumb\":{\"@id\":\"https:\\\/\\\/webonsai.com\\\/fr\\\/produit\\\/pot-a-bonsai-15-x-15-x-65-cm-ocre-brunatre\\\/#breadcrumb\"},\"inLanguage\":\"fr-FR\",\"potentialAction\":[{\"@type\":\"ReadAction\",\"target\":[\"https:\\\/\\\/webonsai.com\\\/fr\\\/produit\\\/pot-a-bonsai-15-x-15-x-65-cm-ocre-brunatre\\\/\"]}]},{\"@type\":\"ImageObject\",\"inLanguage\":\"fr-FR\",\"@id\":\"https:\\\/\\\/webonsai.com\\\/fr\\\/produit\\\/pot-a-bonsai-15-x-15-x-65-cm-ocre-brunatre\\\/#primaryimage\",\"url\":\"https:\\\/\\\/webonsai.com\\\/wp-content\\\/uploads\\\/2025\\\/10\\\/Bonsai-pot15-x-15-x-65-cm.jpg?wsr\",\"contentUrl\":\"https:\\\/\\\/webonsai.com\\\/wp-content\\\/uploads\\\/2025\\\/10\\\/Bonsai-pot15-x-15-x-65-cm.jpg?wsr\",\"width\":810,\"height\":1080,\"caption\":\"Bonsai pot15 x 15 x 6,5 cm\"},{\"@type\":\"BreadcrumbList\",\"@id\":\"https:\\\/\\\/webonsai.com\\\/fr\\\/produit\\\/pot-a-bonsai-15-x-15-x-65-cm-ocre-brunatre\\\/#breadcrumb\",\"itemListElement\":[{\"@type\":\"ListItem\",\"position\":1,\"name\":\"Home\",\"item\":\"https:\\\/\\\/webonsai.com\\\/fr\\\/\"},{\"@type\":\"ListItem\",\"position\":2,\"name\":\"Shop\",\"item\":\"https:\\\/\\\/webonsai.com\\\/shop\\\/\"},{\"@type\":\"ListItem\",\"position\":3,\"name\":\"Pot \u00e0 bonsa\u00ef 15 x 15 x 6,5 cm, ocre brun\u00e2tre\"}]},{\"@type\":\"WebSite\",\"@id\":\"https:\\\/\\\/webonsai.com\\\/fr\\\/#website\",\"url\":\"https:\\\/\\\/webonsai.com\\\/fr\\\/\",\"name\":\"webonsai.com\",\"description\":\"\",\"publisher\":{\"@id\":\"https:\\\/\\\/webonsai.com\\\/fr\\\/#organization\"},\"potentialAction\":[{\"@type\":\"SearchAction\",\"target\":{\"@type\":\"EntryPoint\",\"urlTemplate\":\"https:\\\/\\\/webonsai.com\\\/fr\\\/?s={search_term_string}\"},\"query-input\":{\"@type\":\"PropertyValueSpecification\",\"valueRequired\":true,\"valueName\":\"search_term_string\"}}],\"inLanguage\":\"fr-FR\"},{\"@type\":\"Organization\",\"@id\":\"https:\\\/\\\/webonsai.com\\\/fr\\\/#organization\",\"name\":\"We Bonsai\",\"url\":\"https:\\\/\\\/webonsai.com\\\/fr\\\/\",\"logo\":{\"@type\":\"ImageObject\",\"inLanguage\":\"fr-FR\",\"@id\":\"https:\\\/\\\/webonsai.com\\\/fr\\\/#\\\/schema\\\/logo\\\/image\\\/\",\"url\":\"https:\\\/\\\/webonsai.com\\\/wp-content\\\/uploads\\\/2024\\\/05\\\/WeBonsai_Logo.png\",\"contentUrl\":\"https:\\\/\\\/webonsai.com\\\/wp-content\\\/uploads\\\/2024\\\/05\\\/WeBonsai_Logo.png\",\"width\":400,\"height\":125,\"caption\":\"We Bonsai\"},\"image\":{\"@id\":\"https:\\\/\\\/webonsai.com\\\/fr\\\/#\\\/schema\\\/logo\\\/image\\\/\"}}]}<\/script>\n<!-- \/ Yoast SEO plugin. -->","yoast_head_json":{"title":"Pot \u00e0 bonsa\u00ef 15 x 15 x 6,5 cm, ocre brun\u00e2tre - webonsai.com","robots":{"index":"index","follow":"follow","max-snippet":"max-snippet:-1","max-image-preview":"max-image-preview:large","max-video-preview":"max-video-preview:-1"},"canonical":"https:\/\/webonsai.com\/fr\/produit\/pot-a-bonsai-15-x-15-x-65-cm-ocre-brunatre\/","og_locale":"fr_FR","og_type":"article","og_title":"Pot \u00e0 bonsa\u00ef 15 x 15 x 6,5 cm, ocre brun\u00e2tre - webonsai.com","og_description":"Couleur : ocre brun Largeur : 15 cm Longueur : 15 cm Hauteur : 6,5 cm","og_url":"https:\/\/webonsai.com\/fr\/produit\/pot-a-bonsai-15-x-15-x-65-cm-ocre-brunatre\/","og_site_name":"webonsai.com","article_modified_time":"2025-11-13T19:46:02+00:00","og_image":[{"width":810,"height":1080,"url":"https:\/\/webonsai.com\/wp-content\/uploads\/2025\/10\/Bonsai-pot15-x-15-x-65-cm.jpg?wsr","type":"image\/jpeg"}],"twitter_card":"summary_large_image","schema":{"@context":"https:\/\/schema.org","@graph":[{"@type":"WebPage","@id":"https:\/\/webonsai.com\/fr\/produit\/pot-a-bonsai-15-x-15-x-65-cm-ocre-brunatre\/","url":"https:\/\/webonsai.com\/fr\/produit\/pot-a-bonsai-15-x-15-x-65-cm-ocre-brunatre\/","name":"Pot \u00e0 bonsa\u00ef 15 x 15 x 6,5 cm, ocre brun\u00e2tre - webonsai.com","isPartOf":{"@id":"https:\/\/webonsai.com\/fr\/#website"},"primaryImageOfPage":{"@id":"https:\/\/webonsai.com\/fr\/produit\/pot-a-bonsai-15-x-15-x-65-cm-ocre-brunatre\/#primaryimage"},"image":{"@id":"https:\/\/webonsai.com\/fr\/produit\/pot-a-bonsai-15-x-15-x-65-cm-ocre-brunatre\/#primaryimage"},"thumbnailUrl":"https:\/\/webonsai.com\/wp-content\/uploads\/2025\/10\/Bonsai-pot15-x-15-x-65-cm.jpg?wsr","datePublished":"2025-10-11T21:11:40+00:00","dateModified":"2025-11-13T19:46:02+00:00","breadcrumb":{"@id":"https:\/\/webonsai.com\/fr\/produit\/pot-a-bonsai-15-x-15-x-65-cm-ocre-brunatre\/#breadcrumb"},"inLanguage":"fr-FR","potentialAction":[{"@type":"ReadAction","target":["https:\/\/webonsai.com\/fr\/produit\/pot-a-bonsai-15-x-15-x-65-cm-ocre-brunatre\/"]}]},{"@type":"ImageObject","inLanguage":"fr-FR","@id":"https:\/\/webonsai.com\/fr\/produit\/pot-a-bonsai-15-x-15-x-65-cm-ocre-brunatre\/#primaryimage","url":"https:\/\/webonsai.com\/wp-content\/uploads\/2025\/10\/Bonsai-pot15-x-15-x-65-cm.jpg?wsr","contentUrl":"https:\/\/webonsai.com\/wp-content\/uploads\/2025\/10\/Bonsai-pot15-x-15-x-65-cm.jpg?wsr","width":810,"height":1080,"caption":"Bonsai pot15 x 15 x 6,5 cm"},{"@type":"BreadcrumbList","@id":"https:\/\/webonsai.com\/fr\/produit\/pot-a-bonsai-15-x-15-x-65-cm-ocre-brunatre\/#breadcrumb","itemListElement":[{"@type":"ListItem","position":1,"name":"Home","item":"https:\/\/webonsai.com\/fr\/"},{"@type":"ListItem","position":2,"name":"Shop","item":"https:\/\/webonsai.com\/shop\/"},{"@type":"ListItem","position":3,"name":"Pot \u00e0 bonsa\u00ef 15 x 15 x 6,5 cm, ocre brun\u00e2tre"}]},{"@type":"WebSite","@id":"https:\/\/webonsai.com\/fr\/#website","url":"https:\/\/webonsai.com\/fr\/","name":"webonsai.com","description":"","publisher":{"@id":"https:\/\/webonsai.com\/fr\/#organization"},"potentialAction":[{"@type":"SearchAction","target":{"@type":"EntryPoint","urlTemplate":"https:\/\/webonsai.com\/fr\/?s={search_term_string}"},"query-input":{"@type":"PropertyValueSpecification","valueRequired":true,"valueName":"search_term_string"}}],"inLanguage":"fr-FR"},{"@type":"Organization","@id":"https:\/\/webonsai.com\/fr\/#organization","name":"We Bonsai","url":"https:\/\/webonsai.com\/fr\/","logo":{"@type":"ImageObject","inLanguage":"fr-FR","@id":"https:\/\/webonsai.com\/fr\/#\/schema\/logo\/image\/","url":"https:\/\/webonsai.com\/wp-content\/uploads\/2024\/05\/WeBonsai_Logo.png","contentUrl":"https:\/\/webonsai.com\/wp-content\/uploads\/2024\/05\/WeBonsai_Logo.png","width":400,"height":125,"caption":"We Bonsai"},"image":{"@id":"https:\/\/webonsai.com\/fr\/#\/schema\/logo\/image\/"}}]}},"_links":{"self":[{"href":"https:\/\/webonsai.com\/fr\/wp-json\/wp\/v2\/product\/36744","targetHints":{"allow":["GET"]}}],"collection":[{"href":"https:\/\/webonsai.com\/fr\/wp-json\/wp\/v2\/product"}],"about":[{"href":"https:\/\/webonsai.com\/fr\/wp-json\/wp\/v2\/types\/product"}],"wp:featuredmedia":[{"embeddable":true,"href":"https:\/\/webonsai.com\/fr\/wp-json\/wp\/v2\/media\/36727"}],"wp:attachment":[{"href":"https:\/\/webonsai.com\/fr\/wp-json\/wp\/v2\/media?parent=36744"}],"wp:term":[{"taxonomy":"product_brand","embeddable":true,"href":"https:\/\/webonsai.com\/fr\/wp-json\/wp\/v2\/product_brand?post=36744"},{"taxonomy":"product_cat","embeddable":true,"href":"https:\/\/webonsai.com\/fr\/wp-json\/wp\/v2\/product_cat?post=36744"},{"taxonomy":"product_tag","embeddable":true,"href":"https:\/\/webonsai.com\/fr\/wp-json\/wp\/v2\/product_tag?post=36744"}],"curies":[{"name":"wp","href":"https:\/\/api.w.org\/{rel}","templated":true}]}}