{"id":36245,"date":"2025-10-15T18:50:21","date_gmt":"2025-10-15T18:50:21","guid":{"rendered":"https:\/\/webonsai.com\/product\/pot-a-bonsai-decore-dun-dragon-en-relief\/"},"modified":"2025-11-18T15:48:38","modified_gmt":"2025-11-18T15:48:38","slug":"pot-a-bonsai-decore-dun-dragon-en-relief","status":"publish","type":"product","link":"https:\/\/webonsai.com\/fr\/produit\/pot-a-bonsai-decore-dun-dragon-en-relief\/","title":{"rendered":"Pot en c\u00e9ramique pour bonsa\u00ef \u00ab le dragon \u00bb avec kiribako manuscrit"},"content":{"rendered":"<p data-start=\"0\" data-end=\"110\">Magnifique pot \u00e0 bonsa\u00ef fait main avec relief de dragon. Il est livr\u00e9 avec un kiribako manuscrit.<br data-start=\"54\" data-end=\"57\">Pi\u00e8ce artisanale unique, neuve et jamais utilis\u00e9e. <\/p>\n<p data-start=\"112\" data-end=\"229\"><strong data-start=\"112\" data-end=\"136\">Dimensions externes du pot :<\/strong> 12 cm (largeur) \u00d7 12 cm (hauteur)<br data-start=\"167\" data-end=\"170\"><strong data-start=\"170\" data-end=\"194\">Dimensions internes du pot :<\/strong> 10,5 cm (largeur) \u00d7 10 cm (hauteur)<\/p>\n<p data-start=\"112\" data-end=\"229\">Taille du kiribako : 20 cm x 20 cm<\/p>\n<h3 data-start=\"1054\" data-end=\"1085\"><strong data-start=\"1058\" data-end=\"1085\">Mythologie du dragon<\/strong><\/h3>\n<p data-start=\"1086\" data-end=\"1510\">Dans la mythologie d&#8217;Asie de l&#8217;Est, le dragon est un symbole v\u00e9n\u00e9r\u00e9 de <strong data-start=\"1145\" data-end=\"1192\">pouvoir, protection, sagesse et bonne fortune<\/strong>. Contrairement aux dragons redoutables des l\u00e9gendes occidentales, les dragons japonais et chinois sont bienveillants, li\u00e9s \u00e0 l&#8217;eau, aux pr\u00e9cipitations et aux forces vitales de la nature. Afficher un motif de dragon est cens\u00e9 inviter la force, l&#8217;harmonie et la prosp\u00e9rit\u00e9\u2014faisant de ce pot non seulement une \u0153uvre d&#8217;art mais aussi un embl\u00e8me culturel significatif.<\/p>\n<h3 data-start=\"1512\" data-end=\"1531\"><strong data-start=\"1516\" data-end=\"1531\">Parfait pour<\/strong><\/h3>\n<ul data-start=\"1532\" data-end=\"1674\">\n<li data-start=\"1532\" data-end=\"1550\">\n<p data-start=\"1534\" data-end=\"1550\">Exposition de bonsa\u00ef<\/p>\n<\/li>\n<li data-start=\"1551\" data-end=\"1590\">\n<p data-start=\"1553\" data-end=\"1590\">Pi\u00e8ce d&#8217;accent dans un espace domestique serein<\/p>\n<\/li>\n<li data-start=\"1591\" data-end=\"1624\">\n<p data-start=\"1593\" data-end=\"1624\">Collectionneurs de poterie artisanale<\/p>\n<\/li>\n<li data-start=\"1625\" data-end=\"1674\">\n<p data-start=\"1627\" data-end=\"1674\">Cadeaux pour les amateurs d&#8217;artisanat traditionnel<\/p>\n<\/li>\n<\/ul>\n<p data-start=\"1676\" data-end=\"1709\"><strong data-start=\"1676\" data-end=\"1707\">Exp\u00e9dition express disponible.<\/strong><\/p>\n","protected":false},"excerpt":{"rendered":"<p data-start=\"0\" data-end=\"110\">Magnifique pot \u00e0 bonsa\u00ef fait main avec relief de dragon. Il est livr\u00e9 avec un kiribako manuscrit.<br data-start=\"54\" data-end=\"57\">Pi\u00e8ce artisanale unique, neuve et jamais utilis\u00e9e. <\/p>\n<p data-start=\"112\" data-end=\"229\"><strong data-start=\"112\" data-end=\"136\">Dimensions externes du pot :<\/strong> 12 cm (largeur) \u00d7 12 cm (hauteur)<br data-start=\"167\" data-end=\"170\"><strong data-start=\"170\" data-end=\"194\">Dimensions internes du pot :<\/strong> 10,5 cm (largeur) \u00d7 10 cm (hauteur)<\/p>\n<p data-start=\"112\" data-end=\"229\">Taille du kiribako : 20 cm x 20 cm<\/p>\n<h3 data-start=\"1054\" data-end=\"1085\"><strong data-start=\"1058\" data-end=\"1085\">Mythologie du dragon<\/strong><\/h3>\n<p data-start=\"1086\" data-end=\"1510\">Dans la mythologie d&#8217;Asie de l&#8217;Est, le dragon est un symbole v\u00e9n\u00e9r\u00e9 de <strong data-start=\"1145\" data-end=\"1192\">pouvoir, protection, sagesse et bonne fortune<\/strong>. Contrairement aux dragons redoutables des l\u00e9gendes occidentales, les dragons japonais et chinois sont bienveillants, li\u00e9s \u00e0 l&#8217;eau, aux pr\u00e9cipitations et aux forces vitales de la nature. Afficher un motif de dragon est cens\u00e9 inviter la force, l&#8217;harmonie et la prosp\u00e9rit\u00e9\u2014faisant de ce pot non seulement une \u0153uvre d&#8217;art mais aussi un embl\u00e8me culturel significatif.<\/p>\n<h3 data-start=\"1512\" data-end=\"1531\"><strong data-start=\"1516\" data-end=\"1531\">Parfait pour<\/strong><\/h3>\n<ul data-start=\"1532\" data-end=\"1674\">\n<li data-start=\"1532\" data-end=\"1550\">\n<p data-start=\"1534\" data-end=\"1550\">Exposition de bonsa\u00ef<\/p>\n<\/li>\n<li data-start=\"1551\" data-end=\"1590\">\n<p data-start=\"1553\" data-end=\"1590\">Pi\u00e8ce d&#8217;accent dans un espace domestique serein<\/p>\n<\/li>\n<li data-start=\"1591\" data-end=\"1624\">\n<p data-start=\"1593\" data-end=\"1624\">Collectionneurs de poterie artisanale<\/p>\n<\/li>\n<li data-start=\"1625\" data-end=\"1674\">\n<p data-start=\"1627\" data-end=\"1674\">Cadeaux pour les amateurs d&#8217;artisanat traditionnel<\/p>\n<\/li>\n<\/ul>\n<p data-start=\"1676\" data-end=\"1709\"><strong data-start=\"1676\" data-end=\"1707\">Exp\u00e9dition express disponible.<\/strong><\/p>\n","protected":false},"featured_media":39002,"template":"","meta":[],"product_brand":[],"product_cat":[258],"product_tag":[],"class_list":{"0":"post-36245","1":"product","2":"type-product","3":"status-publish","4":"has-post-thumbnail","6":"product_cat-pots","7":"product_shipping_class-wc-mp-1-17","10":"first","11":"instock","12":"sale","13":"shipping-taxable","14":"purchasable","15":"product-type-simple"},"yoast_head":"<!-- This site is optimized with the Yoast SEO plugin v27.5 - https:\/\/yoast.com\/product\/yoast-seo-wordpress\/ -->\n<title>Pot en c\u00e9ramique pour bonsa\u00ef \u00ab le dragon \u00bb avec kiribako manuscrit - webonsai.com<\/title>\n<meta name=\"robots\" content=\"index, follow, max-snippet:-1, max-image-preview:large, max-video-preview:-1\" \/>\n<link rel=\"canonical\" href=\"https:\/\/webonsai.com\/fr\/produit\/pot-a-bonsai-decore-dun-dragon-en-relief\/\" \/>\n<meta property=\"og:locale\" content=\"fr_FR\" \/>\n<meta property=\"og:type\" content=\"article\" \/>\n<meta property=\"og:title\" content=\"Pot en c\u00e9ramique pour bonsa\u00ef \u00ab le dragon \u00bb avec kiribako manuscrit - webonsai.com\" \/>\n<meta property=\"og:description\" content=\"Magnifique pot \u00e0 bonsa\u00ef fait main avec relief de dragon. Il est livr\u00e9 avec un kiribako manuscrit.Pi\u00e8ce artisanale unique, neuve et jamais utilis\u00e9e. Dimensions externes du pot : 12 cm (largeur) \u00d7 12 cm (hauteur)Dimensions internes du pot : 10,5 cm (largeur) \u00d7 10 cm (hauteur) Taille du kiribako : 20 cm x 20 cm Mythologie du dragon Dans la mythologie d&#039;Asie de l&#039;Est, le dragon est un symbole v\u00e9n\u00e9r\u00e9 de pouvoir, protection, sagesse et bonne fortune. Contrairement aux dragons redoutables des l\u00e9gendes occidentales, les dragons japonais et chinois sont bienveillants, li\u00e9s \u00e0 l&#039;eau, aux pr\u00e9cipitations et aux forces vitales de la nature. Afficher un motif de dragon est cens\u00e9 inviter la force, l&#039;harmonie et la prosp\u00e9rit\u00e9\u2014faisant de ce pot non seulement une \u0153uvre d&#039;art mais aussi un embl\u00e8me culturel significatif. Parfait pour   Exposition de bonsa\u00ef   Pi\u00e8ce d&#039;accent dans un espace domestique serein   Collectionneurs de poterie artisanale   Cadeaux pour les amateurs d&#039;artisanat traditionnel  Exp\u00e9dition express disponible.\" \/>\n<meta property=\"og:url\" content=\"https:\/\/webonsai.com\/fr\/produit\/pot-a-bonsai-decore-dun-dragon-en-relief\/\" \/>\n<meta property=\"og:site_name\" content=\"webonsai.com\" \/>\n<meta property=\"article:modified_time\" content=\"2025-11-18T15:48:38+00:00\" \/>\n<meta property=\"og:image\" content=\"https:\/\/webonsai.com\/wp-content\/uploads\/2025\/10\/Dragon-1-2.jpg\" \/>\n\t<meta property=\"og:image:width\" content=\"810\" \/>\n\t<meta property=\"og:image:height\" content=\"1080\" \/>\n\t<meta property=\"og:image:type\" content=\"image\/jpeg\" \/>\n<meta name=\"twitter:card\" content=\"summary_large_image\" \/>\n<meta name=\"twitter:label1\" content=\"Dur\u00e9e de lecture estim\u00e9e\" \/>\n\t<meta name=\"twitter:data1\" content=\"1 minute\" \/>\n<script type=\"application\/ld+json\" class=\"yoast-schema-graph\">{\"@context\":\"https:\\\/\\\/schema.org\",\"@graph\":[{\"@type\":\"WebPage\",\"@id\":\"https:\\\/\\\/webonsai.com\\\/fr\\\/produit\\\/pot-a-bonsai-decore-dun-dragon-en-relief\\\/\",\"url\":\"https:\\\/\\\/webonsai.com\\\/fr\\\/produit\\\/pot-a-bonsai-decore-dun-dragon-en-relief\\\/\",\"name\":\"Pot en c\u00e9ramique pour bonsa\u00ef \u00ab le dragon \u00bb avec kiribako manuscrit - webonsai.com\",\"isPartOf\":{\"@id\":\"https:\\\/\\\/webonsai.com\\\/fr\\\/#website\"},\"primaryImageOfPage\":{\"@id\":\"https:\\\/\\\/webonsai.com\\\/fr\\\/produit\\\/pot-a-bonsai-decore-dun-dragon-en-relief\\\/#primaryimage\"},\"image\":{\"@id\":\"https:\\\/\\\/webonsai.com\\\/fr\\\/produit\\\/pot-a-bonsai-decore-dun-dragon-en-relief\\\/#primaryimage\"},\"thumbnailUrl\":\"https:\\\/\\\/webonsai.com\\\/wp-content\\\/uploads\\\/2025\\\/10\\\/Dragon-1-2.jpg?wsr\",\"datePublished\":\"2025-10-15T18:50:21+00:00\",\"dateModified\":\"2025-11-18T15:48:38+00:00\",\"breadcrumb\":{\"@id\":\"https:\\\/\\\/webonsai.com\\\/fr\\\/produit\\\/pot-a-bonsai-decore-dun-dragon-en-relief\\\/#breadcrumb\"},\"inLanguage\":\"fr-FR\",\"potentialAction\":[{\"@type\":\"ReadAction\",\"target\":[\"https:\\\/\\\/webonsai.com\\\/fr\\\/produit\\\/pot-a-bonsai-decore-dun-dragon-en-relief\\\/\"]}]},{\"@type\":\"ImageObject\",\"inLanguage\":\"fr-FR\",\"@id\":\"https:\\\/\\\/webonsai.com\\\/fr\\\/produit\\\/pot-a-bonsai-decore-dun-dragon-en-relief\\\/#primaryimage\",\"url\":\"https:\\\/\\\/webonsai.com\\\/wp-content\\\/uploads\\\/2025\\\/10\\\/Dragon-1-2.jpg?wsr\",\"contentUrl\":\"https:\\\/\\\/webonsai.com\\\/wp-content\\\/uploads\\\/2025\\\/10\\\/Dragon-1-2.jpg?wsr\",\"width\":810,\"height\":1080},{\"@type\":\"BreadcrumbList\",\"@id\":\"https:\\\/\\\/webonsai.com\\\/fr\\\/produit\\\/pot-a-bonsai-decore-dun-dragon-en-relief\\\/#breadcrumb\",\"itemListElement\":[{\"@type\":\"ListItem\",\"position\":1,\"name\":\"Home\",\"item\":\"https:\\\/\\\/webonsai.com\\\/fr\\\/\"},{\"@type\":\"ListItem\",\"position\":2,\"name\":\"Shop\",\"item\":\"https:\\\/\\\/webonsai.com\\\/shop\\\/\"},{\"@type\":\"ListItem\",\"position\":3,\"name\":\"Pot en c\u00e9ramique pour bonsa\u00ef \u00ab le dragon \u00bb avec kiribako manuscrit\"}]},{\"@type\":\"WebSite\",\"@id\":\"https:\\\/\\\/webonsai.com\\\/fr\\\/#website\",\"url\":\"https:\\\/\\\/webonsai.com\\\/fr\\\/\",\"name\":\"webonsai.com\",\"description\":\"\",\"publisher\":{\"@id\":\"https:\\\/\\\/webonsai.com\\\/fr\\\/#organization\"},\"potentialAction\":[{\"@type\":\"SearchAction\",\"target\":{\"@type\":\"EntryPoint\",\"urlTemplate\":\"https:\\\/\\\/webonsai.com\\\/fr\\\/?s={search_term_string}\"},\"query-input\":{\"@type\":\"PropertyValueSpecification\",\"valueRequired\":true,\"valueName\":\"search_term_string\"}}],\"inLanguage\":\"fr-FR\"},{\"@type\":\"Organization\",\"@id\":\"https:\\\/\\\/webonsai.com\\\/fr\\\/#organization\",\"name\":\"We Bonsai\",\"url\":\"https:\\\/\\\/webonsai.com\\\/fr\\\/\",\"logo\":{\"@type\":\"ImageObject\",\"inLanguage\":\"fr-FR\",\"@id\":\"https:\\\/\\\/webonsai.com\\\/fr\\\/#\\\/schema\\\/logo\\\/image\\\/\",\"url\":\"https:\\\/\\\/webonsai.com\\\/wp-content\\\/uploads\\\/2024\\\/05\\\/WeBonsai_Logo.png\",\"contentUrl\":\"https:\\\/\\\/webonsai.com\\\/wp-content\\\/uploads\\\/2024\\\/05\\\/WeBonsai_Logo.png\",\"width\":400,\"height\":125,\"caption\":\"We Bonsai\"},\"image\":{\"@id\":\"https:\\\/\\\/webonsai.com\\\/fr\\\/#\\\/schema\\\/logo\\\/image\\\/\"}}]}<\/script>\n<!-- \/ Yoast SEO plugin. -->","yoast_head_json":{"title":"Pot en c\u00e9ramique pour bonsa\u00ef \u00ab le dragon \u00bb avec kiribako manuscrit - webonsai.com","robots":{"index":"index","follow":"follow","max-snippet":"max-snippet:-1","max-image-preview":"max-image-preview:large","max-video-preview":"max-video-preview:-1"},"canonical":"https:\/\/webonsai.com\/fr\/produit\/pot-a-bonsai-decore-dun-dragon-en-relief\/","og_locale":"fr_FR","og_type":"article","og_title":"Pot en c\u00e9ramique pour bonsa\u00ef \u00ab le dragon \u00bb avec kiribako manuscrit - webonsai.com","og_description":"Magnifique pot \u00e0 bonsa\u00ef fait main avec relief de dragon. Il est livr\u00e9 avec un kiribako manuscrit.Pi\u00e8ce artisanale unique, neuve et jamais utilis\u00e9e. Dimensions externes du pot : 12 cm (largeur) \u00d7 12 cm (hauteur)Dimensions internes du pot : 10,5 cm (largeur) \u00d7 10 cm (hauteur) Taille du kiribako : 20 cm x 20 cm Mythologie du dragon Dans la mythologie d'Asie de l'Est, le dragon est un symbole v\u00e9n\u00e9r\u00e9 de pouvoir, protection, sagesse et bonne fortune. Contrairement aux dragons redoutables des l\u00e9gendes occidentales, les dragons japonais et chinois sont bienveillants, li\u00e9s \u00e0 l'eau, aux pr\u00e9cipitations et aux forces vitales de la nature. Afficher un motif de dragon est cens\u00e9 inviter la force, l'harmonie et la prosp\u00e9rit\u00e9\u2014faisant de ce pot non seulement une \u0153uvre d'art mais aussi un embl\u00e8me culturel significatif. Parfait pour   Exposition de bonsa\u00ef   Pi\u00e8ce d'accent dans un espace domestique serein   Collectionneurs de poterie artisanale   Cadeaux pour les amateurs d'artisanat traditionnel  Exp\u00e9dition express disponible.","og_url":"https:\/\/webonsai.com\/fr\/produit\/pot-a-bonsai-decore-dun-dragon-en-relief\/","og_site_name":"webonsai.com","article_modified_time":"2025-11-18T15:48:38+00:00","og_image":[{"width":810,"height":1080,"url":"https:\/\/webonsai.com\/wp-content\/uploads\/2025\/10\/Dragon-1-2.jpg","type":"image\/jpeg"}],"twitter_card":"summary_large_image","twitter_misc":{"Dur\u00e9e de lecture estim\u00e9e":"1 minute"},"schema":{"@context":"https:\/\/schema.org","@graph":[{"@type":"WebPage","@id":"https:\/\/webonsai.com\/fr\/produit\/pot-a-bonsai-decore-dun-dragon-en-relief\/","url":"https:\/\/webonsai.com\/fr\/produit\/pot-a-bonsai-decore-dun-dragon-en-relief\/","name":"Pot en c\u00e9ramique pour bonsa\u00ef \u00ab le dragon \u00bb avec kiribako manuscrit - webonsai.com","isPartOf":{"@id":"https:\/\/webonsai.com\/fr\/#website"},"primaryImageOfPage":{"@id":"https:\/\/webonsai.com\/fr\/produit\/pot-a-bonsai-decore-dun-dragon-en-relief\/#primaryimage"},"image":{"@id":"https:\/\/webonsai.com\/fr\/produit\/pot-a-bonsai-decore-dun-dragon-en-relief\/#primaryimage"},"thumbnailUrl":"https:\/\/webonsai.com\/wp-content\/uploads\/2025\/10\/Dragon-1-2.jpg?wsr","datePublished":"2025-10-15T18:50:21+00:00","dateModified":"2025-11-18T15:48:38+00:00","breadcrumb":{"@id":"https:\/\/webonsai.com\/fr\/produit\/pot-a-bonsai-decore-dun-dragon-en-relief\/#breadcrumb"},"inLanguage":"fr-FR","potentialAction":[{"@type":"ReadAction","target":["https:\/\/webonsai.com\/fr\/produit\/pot-a-bonsai-decore-dun-dragon-en-relief\/"]}]},{"@type":"ImageObject","inLanguage":"fr-FR","@id":"https:\/\/webonsai.com\/fr\/produit\/pot-a-bonsai-decore-dun-dragon-en-relief\/#primaryimage","url":"https:\/\/webonsai.com\/wp-content\/uploads\/2025\/10\/Dragon-1-2.jpg?wsr","contentUrl":"https:\/\/webonsai.com\/wp-content\/uploads\/2025\/10\/Dragon-1-2.jpg?wsr","width":810,"height":1080},{"@type":"BreadcrumbList","@id":"https:\/\/webonsai.com\/fr\/produit\/pot-a-bonsai-decore-dun-dragon-en-relief\/#breadcrumb","itemListElement":[{"@type":"ListItem","position":1,"name":"Home","item":"https:\/\/webonsai.com\/fr\/"},{"@type":"ListItem","position":2,"name":"Shop","item":"https:\/\/webonsai.com\/shop\/"},{"@type":"ListItem","position":3,"name":"Pot en c\u00e9ramique pour bonsa\u00ef \u00ab le dragon \u00bb avec kiribako manuscrit"}]},{"@type":"WebSite","@id":"https:\/\/webonsai.com\/fr\/#website","url":"https:\/\/webonsai.com\/fr\/","name":"webonsai.com","description":"","publisher":{"@id":"https:\/\/webonsai.com\/fr\/#organization"},"potentialAction":[{"@type":"SearchAction","target":{"@type":"EntryPoint","urlTemplate":"https:\/\/webonsai.com\/fr\/?s={search_term_string}"},"query-input":{"@type":"PropertyValueSpecification","valueRequired":true,"valueName":"search_term_string"}}],"inLanguage":"fr-FR"},{"@type":"Organization","@id":"https:\/\/webonsai.com\/fr\/#organization","name":"We Bonsai","url":"https:\/\/webonsai.com\/fr\/","logo":{"@type":"ImageObject","inLanguage":"fr-FR","@id":"https:\/\/webonsai.com\/fr\/#\/schema\/logo\/image\/","url":"https:\/\/webonsai.com\/wp-content\/uploads\/2024\/05\/WeBonsai_Logo.png","contentUrl":"https:\/\/webonsai.com\/wp-content\/uploads\/2024\/05\/WeBonsai_Logo.png","width":400,"height":125,"caption":"We Bonsai"},"image":{"@id":"https:\/\/webonsai.com\/fr\/#\/schema\/logo\/image\/"}}]}},"_links":{"self":[{"href":"https:\/\/webonsai.com\/fr\/wp-json\/wp\/v2\/product\/36245","targetHints":{"allow":["GET"]}}],"collection":[{"href":"https:\/\/webonsai.com\/fr\/wp-json\/wp\/v2\/product"}],"about":[{"href":"https:\/\/webonsai.com\/fr\/wp-json\/wp\/v2\/types\/product"}],"wp:featuredmedia":[{"embeddable":true,"href":"https:\/\/webonsai.com\/fr\/wp-json\/wp\/v2\/media\/39002"}],"wp:attachment":[{"href":"https:\/\/webonsai.com\/fr\/wp-json\/wp\/v2\/media?parent=36245"}],"wp:term":[{"taxonomy":"product_brand","embeddable":true,"href":"https:\/\/webonsai.com\/fr\/wp-json\/wp\/v2\/product_brand?post=36245"},{"taxonomy":"product_cat","embeddable":true,"href":"https:\/\/webonsai.com\/fr\/wp-json\/wp\/v2\/product_cat?post=36245"},{"taxonomy":"product_tag","embeddable":true,"href":"https:\/\/webonsai.com\/fr\/wp-json\/wp\/v2\/product_tag?post=36245"}],"curies":[{"name":"wp","href":"https:\/\/api.w.org\/{rel}","templated":true}]}}