{"id":36169,"date":"2025-09-27T13:38:17","date_gmt":"2025-09-27T13:38:17","guid":{"rendered":"https:\/\/webonsai.com\/product\/composition-ishizuki-de-bonsai-avec-genevrier-kishu\/"},"modified":"2025-09-27T13:38:17","modified_gmt":"2025-09-27T13:38:17","slug":"composition-ishizuki-de-bonsai-avec-genevrier-kishu","status":"publish","type":"product","link":"https:\/\/webonsai.com\/fr\/produit\/composition-ishizuki-de-bonsai-avec-genevrier-kishu\/","title":{"rendered":"Composition ishizuki de bonsa\u00ef avec gen\u00e9vrier kishu"},"content":{"rendered":"<p data-start=\"98\" data-end=\"155\"><span class=\"html-span xdj266r x14z9mp xat24cr x1lziwak xexx8yu xyri2b x18d9i69 x1c1uobl x1hl2dhg x16tdsg8 x1vvkbs\"><strong class=\"html-strong xdj266r x14z9mp xat24cr x1lziwak xexx8yu xyri2b x18d9i69 x1c1uobl x1hl2dhg x16tdsg8 x1vvkbs x1s688f\">Livraison s\u00e9curis\u00e9e dans une caisse en bois.<\/strong><\/span><\/p>\n<p data-start=\"98\" data-end=\"155\">Composition ishizuki avec gen\u00e9vrier kishu (pierre artificielle).<br class=\"html-br\">Inclut le <span class=\"html-span xdj266r x14z9mp xat24cr x1lziwak xexx8yu xyri2b x18d9i69 x1c1uobl x1hl2dhg x16tdsg8 x1vvkbs\"><em class=\"html-em xdj266r x14z9mp xat24cr x1lziwak xexx8yu xyri2b x18d9i69 x1c1uobl x1hl2dhg x16tdsg8 x1vvkbs\">suiban<\/em><\/span> (le pot inf\u00e9rieur).<br class=\"html-br\"><br class=\"html-br\">Hauteur de la composition : 43 cm<br class=\"html-br\">Largeur de la composition : 34 cm<\/p>\n<p data-start=\"98\" data-end=\"155\">Photos prises en octobre 2025<\/p>\n","protected":false},"excerpt":{"rendered":"<p data-start=\"98\" data-end=\"155\"><strong data-start=\"98\" data-end=\"123\">LIVR\u00c9 EN CAISSE EN BOIS<\/strong><br data-start=\"123\" data-end=\"126\">Photo prise en octobre 2025<\/p>\n<ul data-start=\"157\" data-end=\"293\">\n<li data-start=\"157\" data-end=\"178\">\n<p data-start=\"159\" data-end=\"178\">Hauteur : 75 cm<\/p>\n<\/li>\n<li data-start=\"179\" data-end=\"199\">\n<p data-start=\"181\" data-end=\"199\">Largeur : 71 cm<\/p>\n<\/li>\n<li data-start=\"200\" data-end=\"233\">\n<p data-start=\"202\" data-end=\"233\">Circonf\u00e9rence du tronc : 40 cm<\/p>\n<\/li>\n<li data-start=\"234\" data-end=\"293\">\n<p data-start=\"236\" data-end=\"293\">Pot : 10 cm (hauteur) \u00d7 28 cm (largeur) \u00d7 38 cm (profondeur)<\/p>\n<\/li>\n<\/ul>\n","protected":false},"featured_media":34925,"template":"","meta":[],"product_brand":[],"product_cat":[208,238],"product_tag":[],"class_list":{"0":"post-36169","1":"product","2":"type-product","3":"status-publish","4":"has-post-thumbnail","6":"product_cat-pre-bonsai-et-bonsai","7":"product_cat-tempai","8":"product_shipping_class-wc-mp-2-18","11":"first","12":"instock","13":"shipping-taxable","14":"purchasable","15":"product-type-simple"},"yoast_head":"<!-- This site is optimized with the Yoast SEO plugin v27.5 - https:\/\/yoast.com\/product\/yoast-seo-wordpress\/ -->\n<title>Composition ishizuki de bonsa\u00ef avec gen\u00e9vrier kishu - webonsai.com<\/title>\n<meta name=\"robots\" content=\"index, follow, max-snippet:-1, max-image-preview:large, max-video-preview:-1\" \/>\n<link rel=\"canonical\" href=\"https:\/\/webonsai.com\/fr\/produit\/composition-ishizuki-de-bonsai-avec-genevrier-kishu\/\" \/>\n<meta property=\"og:locale\" content=\"fr_FR\" \/>\n<meta property=\"og:type\" content=\"article\" \/>\n<meta property=\"og:title\" content=\"Composition ishizuki de bonsa\u00ef avec gen\u00e9vrier kishu - webonsai.com\" \/>\n<meta property=\"og:description\" content=\"LIVR\u00c9 EN CAISSE EN BOISPhoto prise en octobre 2025   Hauteur : 75 cm   Largeur : 71 cm   Circonf\u00e9rence du tronc : 40 cm   Pot : 10 cm (hauteur) \u00d7 28 cm (largeur) \u00d7 38 cm (profondeur)\" \/>\n<meta property=\"og:url\" content=\"https:\/\/webonsai.com\/fr\/produit\/composition-ishizuki-de-bonsai-avec-genevrier-kishu\/\" \/>\n<meta property=\"og:site_name\" content=\"webonsai.com\" \/>\n<meta property=\"og:image\" content=\"https:\/\/webonsai.com\/wp-content\/uploads\/2025\/09\/Ishizuki-with-Kishu-juniper.jpg?wsr\" \/>\n\t<meta property=\"og:image:width\" content=\"1080\" \/>\n\t<meta property=\"og:image:height\" content=\"1440\" \/>\n\t<meta property=\"og:image:type\" content=\"image\/jpeg\" \/>\n<meta name=\"twitter:card\" content=\"summary_large_image\" \/>\n<script type=\"application\/ld+json\" class=\"yoast-schema-graph\">{\"@context\":\"https:\\\/\\\/schema.org\",\"@graph\":[{\"@type\":\"WebPage\",\"@id\":\"https:\\\/\\\/webonsai.com\\\/fr\\\/produit\\\/composition-ishizuki-de-bonsai-avec-genevrier-kishu\\\/\",\"url\":\"https:\\\/\\\/webonsai.com\\\/fr\\\/produit\\\/composition-ishizuki-de-bonsai-avec-genevrier-kishu\\\/\",\"name\":\"Composition ishizuki de bonsa\u00ef avec gen\u00e9vrier kishu - webonsai.com\",\"isPartOf\":{\"@id\":\"https:\\\/\\\/webonsai.com\\\/fr\\\/#website\"},\"primaryImageOfPage\":{\"@id\":\"https:\\\/\\\/webonsai.com\\\/fr\\\/produit\\\/composition-ishizuki-de-bonsai-avec-genevrier-kishu\\\/#primaryimage\"},\"image\":{\"@id\":\"https:\\\/\\\/webonsai.com\\\/fr\\\/produit\\\/composition-ishizuki-de-bonsai-avec-genevrier-kishu\\\/#primaryimage\"},\"thumbnailUrl\":\"https:\\\/\\\/webonsai.com\\\/wp-content\\\/uploads\\\/2025\\\/09\\\/Ishizuki-with-Kishu-juniper.jpg?wsr\",\"datePublished\":\"2025-09-27T13:38:17+00:00\",\"breadcrumb\":{\"@id\":\"https:\\\/\\\/webonsai.com\\\/fr\\\/produit\\\/composition-ishizuki-de-bonsai-avec-genevrier-kishu\\\/#breadcrumb\"},\"inLanguage\":\"fr-FR\",\"potentialAction\":[{\"@type\":\"ReadAction\",\"target\":[\"https:\\\/\\\/webonsai.com\\\/fr\\\/produit\\\/composition-ishizuki-de-bonsai-avec-genevrier-kishu\\\/\"]}]},{\"@type\":\"ImageObject\",\"inLanguage\":\"fr-FR\",\"@id\":\"https:\\\/\\\/webonsai.com\\\/fr\\\/produit\\\/composition-ishizuki-de-bonsai-avec-genevrier-kishu\\\/#primaryimage\",\"url\":\"https:\\\/\\\/webonsai.com\\\/wp-content\\\/uploads\\\/2025\\\/09\\\/Ishizuki-with-Kishu-juniper.jpg?wsr\",\"contentUrl\":\"https:\\\/\\\/webonsai.com\\\/wp-content\\\/uploads\\\/2025\\\/09\\\/Ishizuki-with-Kishu-juniper.jpg?wsr\",\"width\":1080,\"height\":1440,\"caption\":\"Ishizuki with Kishu juniper\"},{\"@type\":\"BreadcrumbList\",\"@id\":\"https:\\\/\\\/webonsai.com\\\/fr\\\/produit\\\/composition-ishizuki-de-bonsai-avec-genevrier-kishu\\\/#breadcrumb\",\"itemListElement\":[{\"@type\":\"ListItem\",\"position\":1,\"name\":\"Home\",\"item\":\"https:\\\/\\\/webonsai.com\\\/fr\\\/\"},{\"@type\":\"ListItem\",\"position\":2,\"name\":\"Shop\",\"item\":\"https:\\\/\\\/webonsai.com\\\/shop\\\/\"},{\"@type\":\"ListItem\",\"position\":3,\"name\":\"Composition ishizuki de bonsa\u00ef avec gen\u00e9vrier kishu\"}]},{\"@type\":\"WebSite\",\"@id\":\"https:\\\/\\\/webonsai.com\\\/fr\\\/#website\",\"url\":\"https:\\\/\\\/webonsai.com\\\/fr\\\/\",\"name\":\"webonsai.com\",\"description\":\"\",\"publisher\":{\"@id\":\"https:\\\/\\\/webonsai.com\\\/fr\\\/#organization\"},\"potentialAction\":[{\"@type\":\"SearchAction\",\"target\":{\"@type\":\"EntryPoint\",\"urlTemplate\":\"https:\\\/\\\/webonsai.com\\\/fr\\\/?s={search_term_string}\"},\"query-input\":{\"@type\":\"PropertyValueSpecification\",\"valueRequired\":true,\"valueName\":\"search_term_string\"}}],\"inLanguage\":\"fr-FR\"},{\"@type\":\"Organization\",\"@id\":\"https:\\\/\\\/webonsai.com\\\/fr\\\/#organization\",\"name\":\"We Bonsai\",\"url\":\"https:\\\/\\\/webonsai.com\\\/fr\\\/\",\"logo\":{\"@type\":\"ImageObject\",\"inLanguage\":\"fr-FR\",\"@id\":\"https:\\\/\\\/webonsai.com\\\/fr\\\/#\\\/schema\\\/logo\\\/image\\\/\",\"url\":\"https:\\\/\\\/webonsai.com\\\/wp-content\\\/uploads\\\/2024\\\/05\\\/WeBonsai_Logo.png\",\"contentUrl\":\"https:\\\/\\\/webonsai.com\\\/wp-content\\\/uploads\\\/2024\\\/05\\\/WeBonsai_Logo.png\",\"width\":400,\"height\":125,\"caption\":\"We Bonsai\"},\"image\":{\"@id\":\"https:\\\/\\\/webonsai.com\\\/fr\\\/#\\\/schema\\\/logo\\\/image\\\/\"}}]}<\/script>\n<!-- \/ Yoast SEO plugin. -->","yoast_head_json":{"title":"Composition ishizuki de bonsa\u00ef avec gen\u00e9vrier kishu - webonsai.com","robots":{"index":"index","follow":"follow","max-snippet":"max-snippet:-1","max-image-preview":"max-image-preview:large","max-video-preview":"max-video-preview:-1"},"canonical":"https:\/\/webonsai.com\/fr\/produit\/composition-ishizuki-de-bonsai-avec-genevrier-kishu\/","og_locale":"fr_FR","og_type":"article","og_title":"Composition ishizuki de bonsa\u00ef avec gen\u00e9vrier kishu - webonsai.com","og_description":"LIVR\u00c9 EN CAISSE EN BOISPhoto prise en octobre 2025   Hauteur : 75 cm   Largeur : 71 cm   Circonf\u00e9rence du tronc : 40 cm   Pot : 10 cm (hauteur) \u00d7 28 cm (largeur) \u00d7 38 cm (profondeur)","og_url":"https:\/\/webonsai.com\/fr\/produit\/composition-ishizuki-de-bonsai-avec-genevrier-kishu\/","og_site_name":"webonsai.com","og_image":[{"width":1080,"height":1440,"url":"https:\/\/webonsai.com\/wp-content\/uploads\/2025\/09\/Ishizuki-with-Kishu-juniper.jpg?wsr","type":"image\/jpeg"}],"twitter_card":"summary_large_image","schema":{"@context":"https:\/\/schema.org","@graph":[{"@type":"WebPage","@id":"https:\/\/webonsai.com\/fr\/produit\/composition-ishizuki-de-bonsai-avec-genevrier-kishu\/","url":"https:\/\/webonsai.com\/fr\/produit\/composition-ishizuki-de-bonsai-avec-genevrier-kishu\/","name":"Composition ishizuki de bonsa\u00ef avec gen\u00e9vrier kishu - webonsai.com","isPartOf":{"@id":"https:\/\/webonsai.com\/fr\/#website"},"primaryImageOfPage":{"@id":"https:\/\/webonsai.com\/fr\/produit\/composition-ishizuki-de-bonsai-avec-genevrier-kishu\/#primaryimage"},"image":{"@id":"https:\/\/webonsai.com\/fr\/produit\/composition-ishizuki-de-bonsai-avec-genevrier-kishu\/#primaryimage"},"thumbnailUrl":"https:\/\/webonsai.com\/wp-content\/uploads\/2025\/09\/Ishizuki-with-Kishu-juniper.jpg?wsr","datePublished":"2025-09-27T13:38:17+00:00","breadcrumb":{"@id":"https:\/\/webonsai.com\/fr\/produit\/composition-ishizuki-de-bonsai-avec-genevrier-kishu\/#breadcrumb"},"inLanguage":"fr-FR","potentialAction":[{"@type":"ReadAction","target":["https:\/\/webonsai.com\/fr\/produit\/composition-ishizuki-de-bonsai-avec-genevrier-kishu\/"]}]},{"@type":"ImageObject","inLanguage":"fr-FR","@id":"https:\/\/webonsai.com\/fr\/produit\/composition-ishizuki-de-bonsai-avec-genevrier-kishu\/#primaryimage","url":"https:\/\/webonsai.com\/wp-content\/uploads\/2025\/09\/Ishizuki-with-Kishu-juniper.jpg?wsr","contentUrl":"https:\/\/webonsai.com\/wp-content\/uploads\/2025\/09\/Ishizuki-with-Kishu-juniper.jpg?wsr","width":1080,"height":1440,"caption":"Ishizuki with Kishu juniper"},{"@type":"BreadcrumbList","@id":"https:\/\/webonsai.com\/fr\/produit\/composition-ishizuki-de-bonsai-avec-genevrier-kishu\/#breadcrumb","itemListElement":[{"@type":"ListItem","position":1,"name":"Home","item":"https:\/\/webonsai.com\/fr\/"},{"@type":"ListItem","position":2,"name":"Shop","item":"https:\/\/webonsai.com\/shop\/"},{"@type":"ListItem","position":3,"name":"Composition ishizuki de bonsa\u00ef avec gen\u00e9vrier kishu"}]},{"@type":"WebSite","@id":"https:\/\/webonsai.com\/fr\/#website","url":"https:\/\/webonsai.com\/fr\/","name":"webonsai.com","description":"","publisher":{"@id":"https:\/\/webonsai.com\/fr\/#organization"},"potentialAction":[{"@type":"SearchAction","target":{"@type":"EntryPoint","urlTemplate":"https:\/\/webonsai.com\/fr\/?s={search_term_string}"},"query-input":{"@type":"PropertyValueSpecification","valueRequired":true,"valueName":"search_term_string"}}],"inLanguage":"fr-FR"},{"@type":"Organization","@id":"https:\/\/webonsai.com\/fr\/#organization","name":"We Bonsai","url":"https:\/\/webonsai.com\/fr\/","logo":{"@type":"ImageObject","inLanguage":"fr-FR","@id":"https:\/\/webonsai.com\/fr\/#\/schema\/logo\/image\/","url":"https:\/\/webonsai.com\/wp-content\/uploads\/2024\/05\/WeBonsai_Logo.png","contentUrl":"https:\/\/webonsai.com\/wp-content\/uploads\/2024\/05\/WeBonsai_Logo.png","width":400,"height":125,"caption":"We Bonsai"},"image":{"@id":"https:\/\/webonsai.com\/fr\/#\/schema\/logo\/image\/"}}]}},"_links":{"self":[{"href":"https:\/\/webonsai.com\/fr\/wp-json\/wp\/v2\/product\/36169","targetHints":{"allow":["GET"]}}],"collection":[{"href":"https:\/\/webonsai.com\/fr\/wp-json\/wp\/v2\/product"}],"about":[{"href":"https:\/\/webonsai.com\/fr\/wp-json\/wp\/v2\/types\/product"}],"wp:featuredmedia":[{"embeddable":true,"href":"https:\/\/webonsai.com\/fr\/wp-json\/wp\/v2\/media\/34925"}],"wp:attachment":[{"href":"https:\/\/webonsai.com\/fr\/wp-json\/wp\/v2\/media?parent=36169"}],"wp:term":[{"taxonomy":"product_brand","embeddable":true,"href":"https:\/\/webonsai.com\/fr\/wp-json\/wp\/v2\/product_brand?post=36169"},{"taxonomy":"product_cat","embeddable":true,"href":"https:\/\/webonsai.com\/fr\/wp-json\/wp\/v2\/product_cat?post=36169"},{"taxonomy":"product_tag","embeddable":true,"href":"https:\/\/webonsai.com\/fr\/wp-json\/wp\/v2\/product_tag?post=36169"}],"curies":[{"name":"wp","href":"https:\/\/api.w.org\/{rel}","templated":true}]}}