{"id":33617,"date":"2024-06-18T05:45:24","date_gmt":"2024-06-18T05:45:24","guid":{"rendered":"https:\/\/webonsai.com\/remboursements\/"},"modified":"2025-09-18T17:33:55","modified_gmt":"2025-09-18T17:33:55","slug":"remboursements","status":"publish","type":"page","link":"https:\/\/webonsai.com\/fr\/remboursements\/","title":{"rendered":"Remboursements"},"content":{"rendered":"\n<p>Chez WeBonsai, nous nous effor\u00e7ons de faire en sorte que nos clients soient satisfaits de leurs achats. Veuillez lire attentivement notre politique de remboursement pour comprendre vos droits et responsabilit\u00e9s concernant les remboursements. <\/p>\n\n<p><strong>1. Les arbres<\/strong><\/p>\n\n<ul class=\"wp-block-list\">\n<li><strong>Pas de remboursement :<\/strong> En raison de la nature d\u00e9licate des bonsa\u00efs et des soins n\u00e9cessaires pour les maintenir en bonne sant\u00e9, nous ne pouvons pas offrir de remboursement sur les arbres une fois qu&#8217;ils ont \u00e9t\u00e9 achet\u00e9s. Toutes les ventes de bonsa\u00efs sont d\u00e9finitives. <\/li>\n<\/ul>\n\n<p><strong>2. Pots et accessoires<\/strong><\/p>\n\n<ul class=\"wp-block-list\">\n<li><strong>Droit au remboursement :<\/strong> Nous offrons des remboursements sur les pots et les accessoires (y compris les pots de bonsa\u00ef, les plaques et les outils de coupe) dans les 30 jours suivant l&#8217;achat.<\/li>\n\n\n\n<li><strong>Condition :<\/strong> Pour pouvoir \u00eatre rembours\u00e9s, les articles doivent \u00eatre inutilis\u00e9s, dans le m\u00eame \u00e9tat que celui dans lequel vous les avez re\u00e7us et dans leur emballage d&#8217;origine.<\/li>\n\n\n\n<li><strong>Preuve d&#8217;achat :<\/strong> Un re\u00e7u ou une preuve d&#8217;achat est n\u00e9cessaire pour proc\u00e9der \u00e0 un remboursement.<\/li>\n<\/ul>\n\n<p><strong>3. Processus de retour<\/strong><\/p>\n\n<ul class=\"wp-block-list\">\n<li><strong>Effectuer un retour :<\/strong> Pour effectuer un retour, veuillez contacter notre service client\u00e8le \u00e0 l&#8217;adresse rob@webonsai.com en indiquant votre num\u00e9ro de commande et les d\u00e9tails du produit que vous souhaitez retourner.<\/li>\n\n\n\n<li><strong>Frais d&#8217;exp\u00e9dition :<\/strong> Les clients sont tenus de payer les frais d&#8217;exp\u00e9dition pour le retour des articles. Les frais d&#8217;exp\u00e9dition ne sont pas remboursables. <\/li>\n<\/ul>\n\n<p><strong>4. Traitement des remboursements<\/strong><\/p>\n\n<ul class=\"wp-block-list\">\n<li><strong>Inspection :<\/strong> Une fois votre retour re\u00e7u et inspect\u00e9, nous vous enverrons un courrier \u00e9lectronique pour vous informer de l&#8217;approbation ou du rejet de votre remboursement.<\/li>\n\n\n\n<li><strong>Remboursements approuv\u00e9s :<\/strong> S&#8217;il est approuv\u00e9, votre remboursement sera trait\u00e9 et un cr\u00e9dit sera automatiquement appliqu\u00e9 \u00e0 votre mode de paiement initial dans un certain nombre de jours, en fonction de la politique de l&#8217;\u00e9metteur de votre carte.<\/li>\n\n\n\n<li><strong>Remboursements partiels :<\/strong> Des remboursements partiels peuvent \u00eatre accord\u00e9s pour les articles qui ne sont pas dans leur \u00e9tat d&#8217;origine, qui sont endommag\u00e9s ou auxquels il manque des pi\u00e8ces pour des raisons qui ne sont pas dues \u00e0 une erreur de notre part.<\/li>\n<\/ul>\n\n<p><strong>5. Les \u00e9changes<\/strong><\/p>\n\n<ul class=\"wp-block-list\">\n<li>Nous ne rempla\u00e7ons les articles que s&#8217;ils sont d\u00e9fectueux ou endommag\u00e9s. Si vous souhaitez \u00e9changer un article contre le m\u00eame produit, veuillez nous contacter \u00e0 l&#8217;adresse suivante : rob@webonsai.com <\/li>\n<\/ul>\n\n<p><strong>6. Articles non retournables<\/strong><\/p>\n\n<ul class=\"wp-block-list\">\n<li>Plusieurs types de marchandises ne peuvent pas \u00eatre retourn\u00e9s, y compris les bonsa\u00efs. Les produits p\u00e9rissables tels que les plantes vivantes ne peuvent \u00eatre ni repris ni rembours\u00e9s. <\/li>\n<\/ul>\n\n<p><strong>7. Informations sur les contacts<\/strong><\/p>\n\n<ul class=\"wp-block-list\">\n<li>Pour toute question concernant votre remboursement, veuillez nous contacter :<br\/>WeBonsai<br\/>rob@webonsai.com<br\/>Tel : +393400958948<\/li>\n<\/ul>\n","protected":false},"excerpt":{"rendered":"<p>Chez WeBonsai, nous nous effor\u00e7ons de faire en sorte que nos clients soient satisfaits de leurs achats. Veuillez lire attentivement notre politique de remboursement pour comprendre vos droits et responsabilit\u00e9s concernant les remboursements. 1. Les arbres 2. Pots et accessoires 3. Processus de retour 4. Traitement des remboursements 5. Les \u00e9changes 6. Articles non retournables [&hellip;]<\/p>\n","protected":false},"author":2,"featured_media":0,"parent":0,"menu_order":0,"comment_status":"closed","ping_status":"closed","template":"","meta":{"footnotes":""},"class_list":["post-33617","page","type-page","status-publish","hentry"],"yoast_head":"<!-- This site is optimized with the Yoast SEO plugin v27.6 - https:\/\/yoast.com\/product\/yoast-seo-wordpress\/ -->\n<title>Remboursements - webonsai.com<\/title>\n<meta name=\"robots\" content=\"index, follow, max-snippet:-1, max-image-preview:large, max-video-preview:-1\" \/>\n<link rel=\"canonical\" href=\"https:\/\/webonsai.com\/fr\/remboursements\/\" \/>\n<meta property=\"og:locale\" content=\"fr_FR\" \/>\n<meta property=\"og:type\" content=\"article\" \/>\n<meta property=\"og:title\" content=\"Remboursements - webonsai.com\" \/>\n<meta property=\"og:description\" content=\"Chez WeBonsai, nous nous effor\u00e7ons de faire en sorte que nos clients soient satisfaits de leurs achats. Veuillez lire attentivement notre politique de remboursement pour comprendre vos droits et responsabilit\u00e9s concernant les remboursements. 1. Les arbres 2. Pots et accessoires 3. Processus de retour 4. Traitement des remboursements 5. Les \u00e9changes 6. Articles non retournables [&hellip;]\" \/>\n<meta property=\"og:url\" content=\"https:\/\/webonsai.com\/fr\/remboursements\/\" \/>\n<meta property=\"og:site_name\" content=\"webonsai.com\" \/>\n<meta property=\"article:modified_time\" content=\"2025-09-18T17:33:55+00:00\" \/>\n<meta name=\"twitter:card\" content=\"summary_large_image\" \/>\n<meta name=\"twitter:label1\" content=\"Dur\u00e9e de lecture estim\u00e9e\" \/>\n\t<meta name=\"twitter:data1\" content=\"2 minutes\" \/>\n<script type=\"application\/ld+json\" class=\"yoast-schema-graph\">{\"@context\":\"https:\\\/\\\/schema.org\",\"@graph\":[{\"@type\":\"WebPage\",\"@id\":\"https:\\\/\\\/webonsai.com\\\/fr\\\/remboursements\\\/\",\"url\":\"https:\\\/\\\/webonsai.com\\\/fr\\\/remboursements\\\/\",\"name\":\"Remboursements - webonsai.com\",\"isPartOf\":{\"@id\":\"https:\\\/\\\/webonsai.com\\\/fr\\\/#website\"},\"datePublished\":\"2024-06-18T05:45:24+00:00\",\"dateModified\":\"2025-09-18T17:33:55+00:00\",\"breadcrumb\":{\"@id\":\"https:\\\/\\\/webonsai.com\\\/fr\\\/remboursements\\\/#breadcrumb\"},\"inLanguage\":\"fr-FR\",\"potentialAction\":[{\"@type\":\"ReadAction\",\"target\":[\"https:\\\/\\\/webonsai.com\\\/fr\\\/remboursements\\\/\"]}]},{\"@type\":\"BreadcrumbList\",\"@id\":\"https:\\\/\\\/webonsai.com\\\/fr\\\/remboursements\\\/#breadcrumb\",\"itemListElement\":[{\"@type\":\"ListItem\",\"position\":1,\"name\":\"Home\",\"item\":\"https:\\\/\\\/webonsai.com\\\/fr\\\/\"},{\"@type\":\"ListItem\",\"position\":2,\"name\":\"Remboursements\"}]},{\"@type\":\"WebSite\",\"@id\":\"https:\\\/\\\/webonsai.com\\\/fr\\\/#website\",\"url\":\"https:\\\/\\\/webonsai.com\\\/fr\\\/\",\"name\":\"webonsai.com\",\"description\":\"\",\"publisher\":{\"@id\":\"https:\\\/\\\/webonsai.com\\\/fr\\\/#organization\"},\"potentialAction\":[{\"@type\":\"SearchAction\",\"target\":{\"@type\":\"EntryPoint\",\"urlTemplate\":\"https:\\\/\\\/webonsai.com\\\/fr\\\/?s={search_term_string}\"},\"query-input\":{\"@type\":\"PropertyValueSpecification\",\"valueRequired\":true,\"valueName\":\"search_term_string\"}}],\"inLanguage\":\"fr-FR\"},{\"@type\":\"Organization\",\"@id\":\"https:\\\/\\\/webonsai.com\\\/fr\\\/#organization\",\"name\":\"We Bonsai\",\"url\":\"https:\\\/\\\/webonsai.com\\\/fr\\\/\",\"logo\":{\"@type\":\"ImageObject\",\"inLanguage\":\"fr-FR\",\"@id\":\"https:\\\/\\\/webonsai.com\\\/fr\\\/#\\\/schema\\\/logo\\\/image\\\/\",\"url\":\"https:\\\/\\\/webonsai.com\\\/wp-content\\\/uploads\\\/2024\\\/05\\\/WeBonsai_Logo.png\",\"contentUrl\":\"https:\\\/\\\/webonsai.com\\\/wp-content\\\/uploads\\\/2024\\\/05\\\/WeBonsai_Logo.png\",\"width\":400,\"height\":125,\"caption\":\"We Bonsai\"},\"image\":{\"@id\":\"https:\\\/\\\/webonsai.com\\\/fr\\\/#\\\/schema\\\/logo\\\/image\\\/\"}}]}<\/script>\n<!-- \/ Yoast SEO plugin. -->","yoast_head_json":{"title":"Remboursements - webonsai.com","robots":{"index":"index","follow":"follow","max-snippet":"max-snippet:-1","max-image-preview":"max-image-preview:large","max-video-preview":"max-video-preview:-1"},"canonical":"https:\/\/webonsai.com\/fr\/remboursements\/","og_locale":"fr_FR","og_type":"article","og_title":"Remboursements - webonsai.com","og_description":"Chez WeBonsai, nous nous effor\u00e7ons de faire en sorte que nos clients soient satisfaits de leurs achats. Veuillez lire attentivement notre politique de remboursement pour comprendre vos droits et responsabilit\u00e9s concernant les remboursements. 1. Les arbres 2. Pots et accessoires 3. Processus de retour 4. Traitement des remboursements 5. Les \u00e9changes 6. Articles non retournables [&hellip;]","og_url":"https:\/\/webonsai.com\/fr\/remboursements\/","og_site_name":"webonsai.com","article_modified_time":"2025-09-18T17:33:55+00:00","twitter_card":"summary_large_image","twitter_misc":{"Dur\u00e9e de lecture estim\u00e9e":"2 minutes"},"schema":{"@context":"https:\/\/schema.org","@graph":[{"@type":"WebPage","@id":"https:\/\/webonsai.com\/fr\/remboursements\/","url":"https:\/\/webonsai.com\/fr\/remboursements\/","name":"Remboursements - webonsai.com","isPartOf":{"@id":"https:\/\/webonsai.com\/fr\/#website"},"datePublished":"2024-06-18T05:45:24+00:00","dateModified":"2025-09-18T17:33:55+00:00","breadcrumb":{"@id":"https:\/\/webonsai.com\/fr\/remboursements\/#breadcrumb"},"inLanguage":"fr-FR","potentialAction":[{"@type":"ReadAction","target":["https:\/\/webonsai.com\/fr\/remboursements\/"]}]},{"@type":"BreadcrumbList","@id":"https:\/\/webonsai.com\/fr\/remboursements\/#breadcrumb","itemListElement":[{"@type":"ListItem","position":1,"name":"Home","item":"https:\/\/webonsai.com\/fr\/"},{"@type":"ListItem","position":2,"name":"Remboursements"}]},{"@type":"WebSite","@id":"https:\/\/webonsai.com\/fr\/#website","url":"https:\/\/webonsai.com\/fr\/","name":"webonsai.com","description":"","publisher":{"@id":"https:\/\/webonsai.com\/fr\/#organization"},"potentialAction":[{"@type":"SearchAction","target":{"@type":"EntryPoint","urlTemplate":"https:\/\/webonsai.com\/fr\/?s={search_term_string}"},"query-input":{"@type":"PropertyValueSpecification","valueRequired":true,"valueName":"search_term_string"}}],"inLanguage":"fr-FR"},{"@type":"Organization","@id":"https:\/\/webonsai.com\/fr\/#organization","name":"We Bonsai","url":"https:\/\/webonsai.com\/fr\/","logo":{"@type":"ImageObject","inLanguage":"fr-FR","@id":"https:\/\/webonsai.com\/fr\/#\/schema\/logo\/image\/","url":"https:\/\/webonsai.com\/wp-content\/uploads\/2024\/05\/WeBonsai_Logo.png","contentUrl":"https:\/\/webonsai.com\/wp-content\/uploads\/2024\/05\/WeBonsai_Logo.png","width":400,"height":125,"caption":"We Bonsai"},"image":{"@id":"https:\/\/webonsai.com\/fr\/#\/schema\/logo\/image\/"}}]}},"_links":{"self":[{"href":"https:\/\/webonsai.com\/fr\/wp-json\/wp\/v2\/pages\/33617","targetHints":{"allow":["GET"]}}],"collection":[{"href":"https:\/\/webonsai.com\/fr\/wp-json\/wp\/v2\/pages"}],"about":[{"href":"https:\/\/webonsai.com\/fr\/wp-json\/wp\/v2\/types\/page"}],"author":[{"embeddable":true,"href":"https:\/\/webonsai.com\/fr\/wp-json\/wp\/v2\/users\/2"}],"replies":[{"embeddable":true,"href":"https:\/\/webonsai.com\/fr\/wp-json\/wp\/v2\/comments?post=33617"}],"version-history":[{"count":1,"href":"https:\/\/webonsai.com\/fr\/wp-json\/wp\/v2\/pages\/33617\/revisions"}],"predecessor-version":[{"id":33618,"href":"https:\/\/webonsai.com\/fr\/wp-json\/wp\/v2\/pages\/33617\/revisions\/33618"}],"wp:attachment":[{"href":"https:\/\/webonsai.com\/fr\/wp-json\/wp\/v2\/media?parent=33617"}],"curies":[{"name":"wp","href":"https:\/\/api.w.org\/{rel}","templated":true}]}}