{"id":42448,"date":"2026-04-06T16:01:37","date_gmt":"2026-04-06T16:01:37","guid":{"rendered":"https:\/\/webonsai.com\/product\/stein-fuer-ishizuki-80-cm-hoehe-56-cm-breite\/"},"modified":"2026-04-06T16:01:37","modified_gmt":"2026-04-06T16:01:37","slug":"stein-fuer-ishizuki-80-cm-hoehe-56-cm-breite","status":"publish","type":"product","link":"https:\/\/webonsai.com\/de\/produkt\/stein-fuer-ishizuki-80-cm-hoehe-56-cm-breite\/","title":{"rendered":"Stein f\u00fcr Ishizuki (80 cm H\u00f6he, 56 cm Breite)"},"content":{"rendered":"<div class=\"xdj266r x14z9mp xat24cr x1lziwak x1vvkbs x126k92a\">\n<div dir=\"auto\">\n<p>Es wird in einer Holzkiste verschickt.<\/p>\n<\/div>\n<div dir=\"auto\">K\u00fcnstlicher Stein f\u00fcr Ishizuki.<\/div>\n<div dir=\"auto\">Gr\u00f6\u00dfe: 80 cm H\u00f6he, 56 cm Breite.<\/div>\n<div dir=\"auto\"><\/div>\n<div dir=\"auto\">Hergestellt aus einem Verbundmaterial aus Harz und Fasern. Sehr leicht (ca. 8 kg, UV- und frostbest\u00e4ndig). <\/div>\n<\/div>\n<div class=\"x14z9mp xat24cr x1lziwak x1vvkbs xtlvy1s x126k92a\">\n<div dir=\"auto\">Inspiriert von dem Stein von Meister Masahiko Kimura (letztes Bild).<\/div>\n<\/div>\n","protected":false},"excerpt":{"rendered":"<div class=\"xdj266r x14z9mp xat24cr x1lziwak x1vvkbs x126k92a\">\n<div dir=\"auto\">\n<p>Es wird in einer Holzkiste verschickt.<\/p>\n<\/div>\n<div dir=\"auto\">K\u00fcnstlicher Stein f\u00fcr Ishizuki.<\/div>\n<div dir=\"auto\">Gr\u00f6\u00dfe: 80 cm H\u00f6he, 56 cm Breite.<\/div>\n<div dir=\"auto\"><\/div>\n<div dir=\"auto\">Hergestellt aus einem Verbundmaterial aus Harz und Fasern. Sehr leicht (ca. 8 kg, UV- und frostbest\u00e4ndig). <\/div>\n<\/div>\n<div class=\"x14z9mp xat24cr x1lziwak x1vvkbs xtlvy1s x126k92a\">\n<div dir=\"auto\">Inspiriert von dem Stein von Meister Masahiko Kimura (letztes Bild).<\/div>\n<\/div>\n","protected":false},"featured_media":42373,"template":"","meta":[],"product_brand":[],"product_cat":[232],"product_tag":[],"class_list":{"0":"post-42448","1":"product","2":"type-product","3":"status-publish","4":"has-post-thumbnail","6":"product_cat-topfe-platten","7":"product_shipping_class-schwer","10":"first","11":"instock","12":"shipping-taxable","13":"purchasable","14":"product-type-simple"},"yoast_head":"<!-- This site is optimized with the Yoast SEO plugin v27.5 - https:\/\/yoast.com\/product\/yoast-seo-wordpress\/ -->\n<title>Stein f\u00fcr Ishizuki (80 cm H\u00f6he, 56 cm Breite) - webonsai.com<\/title>\n<meta name=\"robots\" content=\"index, follow, max-snippet:-1, max-image-preview:large, max-video-preview:-1\" \/>\n<link rel=\"canonical\" href=\"https:\/\/webonsai.com\/de\/produkt\/stein-fuer-ishizuki-80-cm-hoehe-56-cm-breite\/\" \/>\n<meta property=\"og:locale\" content=\"de_DE\" \/>\n<meta property=\"og:type\" content=\"article\" \/>\n<meta property=\"og:title\" content=\"Stein f\u00fcr Ishizuki (80 cm H\u00f6he, 56 cm Breite) - webonsai.com\" \/>\n<meta property=\"og:description\" content=\"Es wird in einer Holzkiste verschickt.  K\u00fcnstlicher Stein f\u00fcr Ishizuki. Gr\u00f6\u00dfe: 80 cm H\u00f6he, 56 cm Breite. Hergestellt aus einem Verbundmaterial aus Harz und Fasern. Sehr leicht (ca. 8 kg, UV- und frostbest\u00e4ndig).  Inspiriert von dem Stein von Meister Masahiko Kimura (letztes Bild).\" \/>\n<meta property=\"og:url\" content=\"https:\/\/webonsai.com\/de\/produkt\/stein-fuer-ishizuki-80-cm-hoehe-56-cm-breite\/\" \/>\n<meta property=\"og:site_name\" content=\"webonsai.com\" \/>\n<meta property=\"og:image\" content=\"https:\/\/webonsai.com\/wp-content\/uploads\/2026\/04\/WhatsApp-Image-2026-04-06-at-6.00.48-PM.jpeg?wsr\" \/>\n\t<meta property=\"og:image:width\" content=\"1500\" \/>\n\t<meta property=\"og:image:height\" content=\"2000\" \/>\n\t<meta property=\"og:image:type\" content=\"image\/jpeg\" \/>\n<meta name=\"twitter:card\" content=\"summary_large_image\" \/>\n<script type=\"application\/ld+json\" class=\"yoast-schema-graph\">{\"@context\":\"https:\\\/\\\/schema.org\",\"@graph\":[{\"@type\":\"WebPage\",\"@id\":\"https:\\\/\\\/webonsai.com\\\/de\\\/produkt\\\/stein-fuer-ishizuki-80-cm-hoehe-56-cm-breite\\\/\",\"url\":\"https:\\\/\\\/webonsai.com\\\/de\\\/produkt\\\/stein-fuer-ishizuki-80-cm-hoehe-56-cm-breite\\\/\",\"name\":\"Stein f\u00fcr Ishizuki (80 cm H\u00f6he, 56 cm Breite) - webonsai.com\",\"isPartOf\":{\"@id\":\"https:\\\/\\\/webonsai.com\\\/de\\\/#website\"},\"primaryImageOfPage\":{\"@id\":\"https:\\\/\\\/webonsai.com\\\/de\\\/produkt\\\/stein-fuer-ishizuki-80-cm-hoehe-56-cm-breite\\\/#primaryimage\"},\"image\":{\"@id\":\"https:\\\/\\\/webonsai.com\\\/de\\\/produkt\\\/stein-fuer-ishizuki-80-cm-hoehe-56-cm-breite\\\/#primaryimage\"},\"thumbnailUrl\":\"https:\\\/\\\/webonsai.com\\\/wp-content\\\/uploads\\\/2026\\\/04\\\/WhatsApp-Image-2026-04-06-at-6.00.48-PM.jpeg?wsr\",\"datePublished\":\"2026-04-06T16:01:37+00:00\",\"breadcrumb\":{\"@id\":\"https:\\\/\\\/webonsai.com\\\/de\\\/produkt\\\/stein-fuer-ishizuki-80-cm-hoehe-56-cm-breite\\\/#breadcrumb\"},\"inLanguage\":\"de\",\"potentialAction\":[{\"@type\":\"ReadAction\",\"target\":[\"https:\\\/\\\/webonsai.com\\\/de\\\/produkt\\\/stein-fuer-ishizuki-80-cm-hoehe-56-cm-breite\\\/\"]}]},{\"@type\":\"ImageObject\",\"inLanguage\":\"de\",\"@id\":\"https:\\\/\\\/webonsai.com\\\/de\\\/produkt\\\/stein-fuer-ishizuki-80-cm-hoehe-56-cm-breite\\\/#primaryimage\",\"url\":\"https:\\\/\\\/webonsai.com\\\/wp-content\\\/uploads\\\/2026\\\/04\\\/WhatsApp-Image-2026-04-06-at-6.00.48-PM.jpeg?wsr\",\"contentUrl\":\"https:\\\/\\\/webonsai.com\\\/wp-content\\\/uploads\\\/2026\\\/04\\\/WhatsApp-Image-2026-04-06-at-6.00.48-PM.jpeg?wsr\",\"width\":1500,\"height\":2000},{\"@type\":\"BreadcrumbList\",\"@id\":\"https:\\\/\\\/webonsai.com\\\/de\\\/produkt\\\/stein-fuer-ishizuki-80-cm-hoehe-56-cm-breite\\\/#breadcrumb\",\"itemListElement\":[{\"@type\":\"ListItem\",\"position\":1,\"name\":\"Home\",\"item\":\"https:\\\/\\\/webonsai.com\\\/de\\\/\"},{\"@type\":\"ListItem\",\"position\":2,\"name\":\"Shop\",\"item\":\"https:\\\/\\\/webonsai.com\\\/shop\\\/\"},{\"@type\":\"ListItem\",\"position\":3,\"name\":\"Stein f\u00fcr Ishizuki (80 cm H\u00f6he, 56 cm Breite)\"}]},{\"@type\":\"WebSite\",\"@id\":\"https:\\\/\\\/webonsai.com\\\/de\\\/#website\",\"url\":\"https:\\\/\\\/webonsai.com\\\/de\\\/\",\"name\":\"webonsai.com\",\"description\":\"\",\"publisher\":{\"@id\":\"https:\\\/\\\/webonsai.com\\\/de\\\/#organization\"},\"potentialAction\":[{\"@type\":\"SearchAction\",\"target\":{\"@type\":\"EntryPoint\",\"urlTemplate\":\"https:\\\/\\\/webonsai.com\\\/de\\\/?s={search_term_string}\"},\"query-input\":{\"@type\":\"PropertyValueSpecification\",\"valueRequired\":true,\"valueName\":\"search_term_string\"}}],\"inLanguage\":\"de\"},{\"@type\":\"Organization\",\"@id\":\"https:\\\/\\\/webonsai.com\\\/de\\\/#organization\",\"name\":\"We Bonsai\",\"url\":\"https:\\\/\\\/webonsai.com\\\/de\\\/\",\"logo\":{\"@type\":\"ImageObject\",\"inLanguage\":\"de\",\"@id\":\"https:\\\/\\\/webonsai.com\\\/de\\\/#\\\/schema\\\/logo\\\/image\\\/\",\"url\":\"https:\\\/\\\/webonsai.com\\\/wp-content\\\/uploads\\\/2024\\\/05\\\/WeBonsai_Logo.png\",\"contentUrl\":\"https:\\\/\\\/webonsai.com\\\/wp-content\\\/uploads\\\/2024\\\/05\\\/WeBonsai_Logo.png\",\"width\":400,\"height\":125,\"caption\":\"We Bonsai\"},\"image\":{\"@id\":\"https:\\\/\\\/webonsai.com\\\/de\\\/#\\\/schema\\\/logo\\\/image\\\/\"}}]}<\/script>\n<!-- \/ Yoast SEO plugin. -->","yoast_head_json":{"title":"Stein f\u00fcr Ishizuki (80 cm H\u00f6he, 56 cm Breite) - webonsai.com","robots":{"index":"index","follow":"follow","max-snippet":"max-snippet:-1","max-image-preview":"max-image-preview:large","max-video-preview":"max-video-preview:-1"},"canonical":"https:\/\/webonsai.com\/de\/produkt\/stein-fuer-ishizuki-80-cm-hoehe-56-cm-breite\/","og_locale":"de_DE","og_type":"article","og_title":"Stein f\u00fcr Ishizuki (80 cm H\u00f6he, 56 cm Breite) - webonsai.com","og_description":"Es wird in einer Holzkiste verschickt.  K\u00fcnstlicher Stein f\u00fcr Ishizuki. Gr\u00f6\u00dfe: 80 cm H\u00f6he, 56 cm Breite. Hergestellt aus einem Verbundmaterial aus Harz und Fasern. Sehr leicht (ca. 8 kg, UV- und frostbest\u00e4ndig).  Inspiriert von dem Stein von Meister Masahiko Kimura (letztes Bild).","og_url":"https:\/\/webonsai.com\/de\/produkt\/stein-fuer-ishizuki-80-cm-hoehe-56-cm-breite\/","og_site_name":"webonsai.com","og_image":[{"width":1500,"height":2000,"url":"https:\/\/webonsai.com\/wp-content\/uploads\/2026\/04\/WhatsApp-Image-2026-04-06-at-6.00.48-PM.jpeg?wsr","type":"image\/jpeg"}],"twitter_card":"summary_large_image","schema":{"@context":"https:\/\/schema.org","@graph":[{"@type":"WebPage","@id":"https:\/\/webonsai.com\/de\/produkt\/stein-fuer-ishizuki-80-cm-hoehe-56-cm-breite\/","url":"https:\/\/webonsai.com\/de\/produkt\/stein-fuer-ishizuki-80-cm-hoehe-56-cm-breite\/","name":"Stein f\u00fcr Ishizuki (80 cm H\u00f6he, 56 cm Breite) - webonsai.com","isPartOf":{"@id":"https:\/\/webonsai.com\/de\/#website"},"primaryImageOfPage":{"@id":"https:\/\/webonsai.com\/de\/produkt\/stein-fuer-ishizuki-80-cm-hoehe-56-cm-breite\/#primaryimage"},"image":{"@id":"https:\/\/webonsai.com\/de\/produkt\/stein-fuer-ishizuki-80-cm-hoehe-56-cm-breite\/#primaryimage"},"thumbnailUrl":"https:\/\/webonsai.com\/wp-content\/uploads\/2026\/04\/WhatsApp-Image-2026-04-06-at-6.00.48-PM.jpeg?wsr","datePublished":"2026-04-06T16:01:37+00:00","breadcrumb":{"@id":"https:\/\/webonsai.com\/de\/produkt\/stein-fuer-ishizuki-80-cm-hoehe-56-cm-breite\/#breadcrumb"},"inLanguage":"de","potentialAction":[{"@type":"ReadAction","target":["https:\/\/webonsai.com\/de\/produkt\/stein-fuer-ishizuki-80-cm-hoehe-56-cm-breite\/"]}]},{"@type":"ImageObject","inLanguage":"de","@id":"https:\/\/webonsai.com\/de\/produkt\/stein-fuer-ishizuki-80-cm-hoehe-56-cm-breite\/#primaryimage","url":"https:\/\/webonsai.com\/wp-content\/uploads\/2026\/04\/WhatsApp-Image-2026-04-06-at-6.00.48-PM.jpeg?wsr","contentUrl":"https:\/\/webonsai.com\/wp-content\/uploads\/2026\/04\/WhatsApp-Image-2026-04-06-at-6.00.48-PM.jpeg?wsr","width":1500,"height":2000},{"@type":"BreadcrumbList","@id":"https:\/\/webonsai.com\/de\/produkt\/stein-fuer-ishizuki-80-cm-hoehe-56-cm-breite\/#breadcrumb","itemListElement":[{"@type":"ListItem","position":1,"name":"Home","item":"https:\/\/webonsai.com\/de\/"},{"@type":"ListItem","position":2,"name":"Shop","item":"https:\/\/webonsai.com\/shop\/"},{"@type":"ListItem","position":3,"name":"Stein f\u00fcr Ishizuki (80 cm H\u00f6he, 56 cm Breite)"}]},{"@type":"WebSite","@id":"https:\/\/webonsai.com\/de\/#website","url":"https:\/\/webonsai.com\/de\/","name":"webonsai.com","description":"","publisher":{"@id":"https:\/\/webonsai.com\/de\/#organization"},"potentialAction":[{"@type":"SearchAction","target":{"@type":"EntryPoint","urlTemplate":"https:\/\/webonsai.com\/de\/?s={search_term_string}"},"query-input":{"@type":"PropertyValueSpecification","valueRequired":true,"valueName":"search_term_string"}}],"inLanguage":"de"},{"@type":"Organization","@id":"https:\/\/webonsai.com\/de\/#organization","name":"We Bonsai","url":"https:\/\/webonsai.com\/de\/","logo":{"@type":"ImageObject","inLanguage":"de","@id":"https:\/\/webonsai.com\/de\/#\/schema\/logo\/image\/","url":"https:\/\/webonsai.com\/wp-content\/uploads\/2024\/05\/WeBonsai_Logo.png","contentUrl":"https:\/\/webonsai.com\/wp-content\/uploads\/2024\/05\/WeBonsai_Logo.png","width":400,"height":125,"caption":"We Bonsai"},"image":{"@id":"https:\/\/webonsai.com\/de\/#\/schema\/logo\/image\/"}}]}},"_links":{"self":[{"href":"https:\/\/webonsai.com\/de\/wp-json\/wp\/v2\/product\/42448","targetHints":{"allow":["GET"]}}],"collection":[{"href":"https:\/\/webonsai.com\/de\/wp-json\/wp\/v2\/product"}],"about":[{"href":"https:\/\/webonsai.com\/de\/wp-json\/wp\/v2\/types\/product"}],"wp:featuredmedia":[{"embeddable":true,"href":"https:\/\/webonsai.com\/de\/wp-json\/wp\/v2\/media\/42373"}],"wp:attachment":[{"href":"https:\/\/webonsai.com\/de\/wp-json\/wp\/v2\/media?parent=42448"}],"wp:term":[{"taxonomy":"product_brand","embeddable":true,"href":"https:\/\/webonsai.com\/de\/wp-json\/wp\/v2\/product_brand?post=42448"},{"taxonomy":"product_cat","embeddable":true,"href":"https:\/\/webonsai.com\/de\/wp-json\/wp\/v2\/product_cat?post=42448"},{"taxonomy":"product_tag","embeddable":true,"href":"https:\/\/webonsai.com\/de\/wp-json\/wp\/v2\/product_tag?post=42448"}],"curies":[{"name":"wp","href":"https:\/\/api.w.org\/{rel}","templated":true}]}}