{"id":40892,"date":"2024-06-01T20:21:13","date_gmt":"2024-06-01T20:21:13","guid":{"rendered":"https:\/\/webonsai.com\/product\/bonsai-schale-oval-aus-kunstharz-43x30x10\/"},"modified":"2024-06-01T20:21:13","modified_gmt":"2024-06-01T20:21:13","slug":"bonsai-schale-oval-aus-kunstharz-43x30x10","status":"publish","type":"product","link":"https:\/\/webonsai.com\/de\/produkt\/bonsai-schale-oval-aus-kunstharz-43x30x10\/","title":{"rendered":"Bonsai-Schale oval aus Kunstharz &#8211; 43x30x10"},"content":{"rendered":"<p>Ovaler Topf aus Harz, brandneu, nie benutzt. Sehr widerstandsf\u00e4hig.<br \/>\nGr\u00f6\u00dfe: 43cm x 30cm x 10cm <\/p>\n","protected":false},"excerpt":{"rendered":"<p>Ovaler Topf aus Harz, brandneu, nie benutzt. Sehr widerstandsf\u00e4hig. Gr\u00f6\u00dfe: 43cm x 30cm x 10cm<\/p>\n","protected":false},"featured_media":34653,"template":"","meta":[],"product_brand":[],"product_cat":[259],"product_tag":[],"class_list":{"0":"post-40892","1":"product","2":"type-product","3":"status-publish","4":"has-post-thumbnail","6":"product_cat-schalen","7":"product_shipping_class-wc-mp-1-17","10":"first","11":"instock","12":"shipping-taxable","13":"purchasable","14":"product-type-simple"},"yoast_head":"<!-- This site is optimized with the Yoast SEO plugin v27.5 - https:\/\/yoast.com\/product\/yoast-seo-wordpress\/ -->\n<title>Bonsai-Schale oval aus Kunstharz - 43x30x10 - webonsai.com<\/title>\n<meta name=\"robots\" content=\"index, follow, max-snippet:-1, max-image-preview:large, max-video-preview:-1\" \/>\n<link rel=\"canonical\" href=\"https:\/\/webonsai.com\/de\/produkt\/bonsai-schale-oval-aus-kunstharz-43x30x10\/\" \/>\n<meta property=\"og:locale\" content=\"de_DE\" \/>\n<meta property=\"og:type\" content=\"article\" \/>\n<meta property=\"og:title\" content=\"Bonsai-Schale oval aus Kunstharz - 43x30x10 - webonsai.com\" \/>\n<meta property=\"og:description\" content=\"Ovaler Topf aus Harz, brandneu, nie benutzt. Sehr widerstandsf\u00e4hig. Gr\u00f6\u00dfe: 43cm x 30cm x 10cm\" \/>\n<meta property=\"og:url\" content=\"https:\/\/webonsai.com\/de\/produkt\/bonsai-schale-oval-aus-kunstharz-43x30x10\/\" \/>\n<meta property=\"og:site_name\" content=\"webonsai.com\" \/>\n<meta property=\"og:image\" content=\"https:\/\/webonsai.com\/wp-content\/uploads\/2025\/09\/20241217_120822.jpg?wsr\" \/>\n\t<meta property=\"og:image:width\" content=\"1080\" \/>\n\t<meta property=\"og:image:height\" content=\"810\" \/>\n\t<meta property=\"og:image:type\" content=\"image\/jpeg\" \/>\n<meta name=\"twitter:card\" content=\"summary_large_image\" \/>\n<script type=\"application\/ld+json\" class=\"yoast-schema-graph\">{\"@context\":\"https:\\\/\\\/schema.org\",\"@graph\":[{\"@type\":\"WebPage\",\"@id\":\"https:\\\/\\\/webonsai.com\\\/de\\\/produkt\\\/bonsai-schale-oval-aus-kunstharz-43x30x10\\\/\",\"url\":\"https:\\\/\\\/webonsai.com\\\/de\\\/produkt\\\/bonsai-schale-oval-aus-kunstharz-43x30x10\\\/\",\"name\":\"Bonsai-Schale oval aus Kunstharz - 43x30x10 - webonsai.com\",\"isPartOf\":{\"@id\":\"https:\\\/\\\/webonsai.com\\\/de\\\/#website\"},\"primaryImageOfPage\":{\"@id\":\"https:\\\/\\\/webonsai.com\\\/de\\\/produkt\\\/bonsai-schale-oval-aus-kunstharz-43x30x10\\\/#primaryimage\"},\"image\":{\"@id\":\"https:\\\/\\\/webonsai.com\\\/de\\\/produkt\\\/bonsai-schale-oval-aus-kunstharz-43x30x10\\\/#primaryimage\"},\"thumbnailUrl\":\"https:\\\/\\\/webonsai.com\\\/wp-content\\\/uploads\\\/2025\\\/09\\\/20241217_120822.jpg?wsr\",\"datePublished\":\"2024-06-01T20:21:13+00:00\",\"breadcrumb\":{\"@id\":\"https:\\\/\\\/webonsai.com\\\/de\\\/produkt\\\/bonsai-schale-oval-aus-kunstharz-43x30x10\\\/#breadcrumb\"},\"inLanguage\":\"de\",\"potentialAction\":[{\"@type\":\"ReadAction\",\"target\":[\"https:\\\/\\\/webonsai.com\\\/de\\\/produkt\\\/bonsai-schale-oval-aus-kunstharz-43x30x10\\\/\"]}]},{\"@type\":\"ImageObject\",\"inLanguage\":\"de\",\"@id\":\"https:\\\/\\\/webonsai.com\\\/de\\\/produkt\\\/bonsai-schale-oval-aus-kunstharz-43x30x10\\\/#primaryimage\",\"url\":\"https:\\\/\\\/webonsai.com\\\/wp-content\\\/uploads\\\/2025\\\/09\\\/20241217_120822.jpg?wsr\",\"contentUrl\":\"https:\\\/\\\/webonsai.com\\\/wp-content\\\/uploads\\\/2025\\\/09\\\/20241217_120822.jpg?wsr\",\"width\":1080,\"height\":810,\"caption\":\"pot oval 47cm\"},{\"@type\":\"BreadcrumbList\",\"@id\":\"https:\\\/\\\/webonsai.com\\\/de\\\/produkt\\\/bonsai-schale-oval-aus-kunstharz-43x30x10\\\/#breadcrumb\",\"itemListElement\":[{\"@type\":\"ListItem\",\"position\":1,\"name\":\"Home\",\"item\":\"https:\\\/\\\/webonsai.com\\\/de\\\/\"},{\"@type\":\"ListItem\",\"position\":2,\"name\":\"Shop\",\"item\":\"https:\\\/\\\/webonsai.com\\\/shop\\\/\"},{\"@type\":\"ListItem\",\"position\":3,\"name\":\"Bonsai-Schale oval aus Kunstharz &#8211; 43x30x10\"}]},{\"@type\":\"WebSite\",\"@id\":\"https:\\\/\\\/webonsai.com\\\/de\\\/#website\",\"url\":\"https:\\\/\\\/webonsai.com\\\/de\\\/\",\"name\":\"webonsai.com\",\"description\":\"\",\"publisher\":{\"@id\":\"https:\\\/\\\/webonsai.com\\\/de\\\/#organization\"},\"potentialAction\":[{\"@type\":\"SearchAction\",\"target\":{\"@type\":\"EntryPoint\",\"urlTemplate\":\"https:\\\/\\\/webonsai.com\\\/de\\\/?s={search_term_string}\"},\"query-input\":{\"@type\":\"PropertyValueSpecification\",\"valueRequired\":true,\"valueName\":\"search_term_string\"}}],\"inLanguage\":\"de\"},{\"@type\":\"Organization\",\"@id\":\"https:\\\/\\\/webonsai.com\\\/de\\\/#organization\",\"name\":\"We Bonsai\",\"url\":\"https:\\\/\\\/webonsai.com\\\/de\\\/\",\"logo\":{\"@type\":\"ImageObject\",\"inLanguage\":\"de\",\"@id\":\"https:\\\/\\\/webonsai.com\\\/de\\\/#\\\/schema\\\/logo\\\/image\\\/\",\"url\":\"https:\\\/\\\/webonsai.com\\\/wp-content\\\/uploads\\\/2024\\\/05\\\/WeBonsai_Logo.png\",\"contentUrl\":\"https:\\\/\\\/webonsai.com\\\/wp-content\\\/uploads\\\/2024\\\/05\\\/WeBonsai_Logo.png\",\"width\":400,\"height\":125,\"caption\":\"We Bonsai\"},\"image\":{\"@id\":\"https:\\\/\\\/webonsai.com\\\/de\\\/#\\\/schema\\\/logo\\\/image\\\/\"}}]}<\/script>\n<!-- \/ Yoast SEO plugin. -->","yoast_head_json":{"title":"Bonsai-Schale oval aus Kunstharz - 43x30x10 - webonsai.com","robots":{"index":"index","follow":"follow","max-snippet":"max-snippet:-1","max-image-preview":"max-image-preview:large","max-video-preview":"max-video-preview:-1"},"canonical":"https:\/\/webonsai.com\/de\/produkt\/bonsai-schale-oval-aus-kunstharz-43x30x10\/","og_locale":"de_DE","og_type":"article","og_title":"Bonsai-Schale oval aus Kunstharz - 43x30x10 - webonsai.com","og_description":"Ovaler Topf aus Harz, brandneu, nie benutzt. Sehr widerstandsf\u00e4hig. Gr\u00f6\u00dfe: 43cm x 30cm x 10cm","og_url":"https:\/\/webonsai.com\/de\/produkt\/bonsai-schale-oval-aus-kunstharz-43x30x10\/","og_site_name":"webonsai.com","og_image":[{"width":1080,"height":810,"url":"https:\/\/webonsai.com\/wp-content\/uploads\/2025\/09\/20241217_120822.jpg?wsr","type":"image\/jpeg"}],"twitter_card":"summary_large_image","schema":{"@context":"https:\/\/schema.org","@graph":[{"@type":"WebPage","@id":"https:\/\/webonsai.com\/de\/produkt\/bonsai-schale-oval-aus-kunstharz-43x30x10\/","url":"https:\/\/webonsai.com\/de\/produkt\/bonsai-schale-oval-aus-kunstharz-43x30x10\/","name":"Bonsai-Schale oval aus Kunstharz - 43x30x10 - webonsai.com","isPartOf":{"@id":"https:\/\/webonsai.com\/de\/#website"},"primaryImageOfPage":{"@id":"https:\/\/webonsai.com\/de\/produkt\/bonsai-schale-oval-aus-kunstharz-43x30x10\/#primaryimage"},"image":{"@id":"https:\/\/webonsai.com\/de\/produkt\/bonsai-schale-oval-aus-kunstharz-43x30x10\/#primaryimage"},"thumbnailUrl":"https:\/\/webonsai.com\/wp-content\/uploads\/2025\/09\/20241217_120822.jpg?wsr","datePublished":"2024-06-01T20:21:13+00:00","breadcrumb":{"@id":"https:\/\/webonsai.com\/de\/produkt\/bonsai-schale-oval-aus-kunstharz-43x30x10\/#breadcrumb"},"inLanguage":"de","potentialAction":[{"@type":"ReadAction","target":["https:\/\/webonsai.com\/de\/produkt\/bonsai-schale-oval-aus-kunstharz-43x30x10\/"]}]},{"@type":"ImageObject","inLanguage":"de","@id":"https:\/\/webonsai.com\/de\/produkt\/bonsai-schale-oval-aus-kunstharz-43x30x10\/#primaryimage","url":"https:\/\/webonsai.com\/wp-content\/uploads\/2025\/09\/20241217_120822.jpg?wsr","contentUrl":"https:\/\/webonsai.com\/wp-content\/uploads\/2025\/09\/20241217_120822.jpg?wsr","width":1080,"height":810,"caption":"pot oval 47cm"},{"@type":"BreadcrumbList","@id":"https:\/\/webonsai.com\/de\/produkt\/bonsai-schale-oval-aus-kunstharz-43x30x10\/#breadcrumb","itemListElement":[{"@type":"ListItem","position":1,"name":"Home","item":"https:\/\/webonsai.com\/de\/"},{"@type":"ListItem","position":2,"name":"Shop","item":"https:\/\/webonsai.com\/shop\/"},{"@type":"ListItem","position":3,"name":"Bonsai-Schale oval aus Kunstharz &#8211; 43x30x10"}]},{"@type":"WebSite","@id":"https:\/\/webonsai.com\/de\/#website","url":"https:\/\/webonsai.com\/de\/","name":"webonsai.com","description":"","publisher":{"@id":"https:\/\/webonsai.com\/de\/#organization"},"potentialAction":[{"@type":"SearchAction","target":{"@type":"EntryPoint","urlTemplate":"https:\/\/webonsai.com\/de\/?s={search_term_string}"},"query-input":{"@type":"PropertyValueSpecification","valueRequired":true,"valueName":"search_term_string"}}],"inLanguage":"de"},{"@type":"Organization","@id":"https:\/\/webonsai.com\/de\/#organization","name":"We Bonsai","url":"https:\/\/webonsai.com\/de\/","logo":{"@type":"ImageObject","inLanguage":"de","@id":"https:\/\/webonsai.com\/de\/#\/schema\/logo\/image\/","url":"https:\/\/webonsai.com\/wp-content\/uploads\/2024\/05\/WeBonsai_Logo.png","contentUrl":"https:\/\/webonsai.com\/wp-content\/uploads\/2024\/05\/WeBonsai_Logo.png","width":400,"height":125,"caption":"We Bonsai"},"image":{"@id":"https:\/\/webonsai.com\/de\/#\/schema\/logo\/image\/"}}]}},"_links":{"self":[{"href":"https:\/\/webonsai.com\/de\/wp-json\/wp\/v2\/product\/40892","targetHints":{"allow":["GET"]}}],"collection":[{"href":"https:\/\/webonsai.com\/de\/wp-json\/wp\/v2\/product"}],"about":[{"href":"https:\/\/webonsai.com\/de\/wp-json\/wp\/v2\/types\/product"}],"wp:featuredmedia":[{"embeddable":true,"href":"https:\/\/webonsai.com\/de\/wp-json\/wp\/v2\/media\/34653"}],"wp:attachment":[{"href":"https:\/\/webonsai.com\/de\/wp-json\/wp\/v2\/media?parent=40892"}],"wp:term":[{"taxonomy":"product_brand","embeddable":true,"href":"https:\/\/webonsai.com\/de\/wp-json\/wp\/v2\/product_brand?post=40892"},{"taxonomy":"product_cat","embeddable":true,"href":"https:\/\/webonsai.com\/de\/wp-json\/wp\/v2\/product_cat?post=40892"},{"taxonomy":"product_tag","embeddable":true,"href":"https:\/\/webonsai.com\/de\/wp-json\/wp\/v2\/product_tag?post=40892"}],"curies":[{"name":"wp","href":"https:\/\/api.w.org\/{rel}","templated":true}]}}