{"id":40209,"date":"2026-01-30T19:40:04","date_gmt":"2026-01-30T19:40:04","guid":{"rendered":"https:\/\/webonsai.com\/product\/bonsai-topf-50-x-37-x-11-cm-braune-keramik\/"},"modified":"2026-03-20T15:53:37","modified_gmt":"2026-03-20T15:53:37","slug":"bonsai-topf-50-x-37-x-11-cm-braune-keramik","status":"publish","type":"product","link":"https:\/\/webonsai.com\/de\/produkt\/bonsai-topf-50-x-37-x-11-cm-braune-keramik\/","title":{"rendered":"Bonsai-Topf 50 x 37 x 11 cm, braune Keramik"},"content":{"rendered":"<p><strong>Material: Keramik (Ton)<br \/>\nFarbe: braun <\/strong><\/p>\n<ul>\n<li><strong>Au\u00dfenma\u00dfe:<\/strong><br \/>\nBreite: 50 cm<br \/>\nL\u00e4nge: 37 cm<br \/>\nH\u00f6he: 11 cm<\/li>\n<li><strong data-start=\"284\" data-end=\"308\">Innenma\u00dfe:<\/strong><br data-start=\"308\" data-end=\"311\">Breite: 47 cm<br \/>\nL\u00e4nge: 33 cm<br \/>\nH\u00f6he: 8 cm<\/li>\n<\/ul>\n<p><strong>Artikelnummer:<\/strong> 156722<\/p>\n","protected":false},"excerpt":{"rendered":"<ul>\n<li><strong>Material: Keramik (Ton)<br \/>\nFarbe: braun <\/strong><\/p>\n<ul>\n<li><strong>Au\u00dfenma\u00dfe:<\/strong><br \/>\nBreite: 50 cm<br \/>\nL\u00e4nge: 37 cm<br \/>\nH\u00f6he: 11 cm<\/li>\n<li><strong data-start=\"284\" data-end=\"308\">Innenma\u00dfe:<\/strong><br data-start=\"308\" data-end=\"311\">Breite: 47 cm<br \/>\nL\u00e4nge: 33 cm<br \/>\nH\u00f6he: 8 cm<\/li>\n<\/ul>\n<p><strong>Artikelnummer:<\/strong> 156722<\/li>\n<\/ul>\n","protected":false},"featured_media":40101,"template":"","meta":[],"product_brand":[],"product_cat":[259],"product_tag":[],"class_list":{"0":"post-40209","1":"product","2":"type-product","3":"status-publish","4":"has-post-thumbnail","6":"product_cat-schalen","7":"product_shipping_class-wc-mp-1-17","10":"first","11":"instock","12":"shipping-taxable","13":"purchasable","14":"product-type-simple"},"yoast_head":"<!-- This site is optimized with the Yoast SEO plugin v27.5 - https:\/\/yoast.com\/product\/yoast-seo-wordpress\/ -->\n<title>Bonsai-Topf 50 x 37 x 11 cm, braune Keramik - webonsai.com<\/title>\n<meta name=\"robots\" content=\"index, follow, max-snippet:-1, max-image-preview:large, max-video-preview:-1\" \/>\n<link rel=\"canonical\" href=\"https:\/\/webonsai.com\/de\/produkt\/bonsai-topf-50-x-37-x-11-cm-braune-keramik\/\" \/>\n<meta property=\"og:locale\" content=\"de_DE\" \/>\n<meta property=\"og:type\" content=\"article\" \/>\n<meta property=\"og:title\" content=\"Bonsai-Topf 50 x 37 x 11 cm, braune Keramik - webonsai.com\" \/>\n<meta property=\"og:description\" content=\"Material: Keramik (Ton) Farbe: braun   Au\u00dfenma\u00dfe: Breite: 50 cm L\u00e4nge: 37 cm H\u00f6he: 11 cm  Innenma\u00dfe:Breite: 47 cm L\u00e4nge: 33 cm H\u00f6he: 8 cm Artikelnummer: 156722\" \/>\n<meta property=\"og:url\" content=\"https:\/\/webonsai.com\/de\/produkt\/bonsai-topf-50-x-37-x-11-cm-braune-keramik\/\" \/>\n<meta property=\"og:site_name\" content=\"webonsai.com\" \/>\n<meta property=\"article:modified_time\" content=\"2026-03-20T15:53:37+00:00\" \/>\n<meta property=\"og:image\" content=\"https:\/\/webonsai.com\/wp-content\/uploads\/2026\/01\/156722-1.jpeg?wsr\" \/>\n\t<meta property=\"og:image:width\" content=\"1200\" \/>\n\t<meta property=\"og:image:height\" content=\"1600\" \/>\n\t<meta property=\"og:image:type\" content=\"image\/jpeg\" \/>\n<meta name=\"twitter:card\" content=\"summary_large_image\" \/>\n<script type=\"application\/ld+json\" class=\"yoast-schema-graph\">{\"@context\":\"https:\\\/\\\/schema.org\",\"@graph\":[{\"@type\":\"WebPage\",\"@id\":\"https:\\\/\\\/webonsai.com\\\/de\\\/produkt\\\/bonsai-topf-50-x-37-x-11-cm-braune-keramik\\\/\",\"url\":\"https:\\\/\\\/webonsai.com\\\/de\\\/produkt\\\/bonsai-topf-50-x-37-x-11-cm-braune-keramik\\\/\",\"name\":\"Bonsai-Topf 50 x 37 x 11 cm, braune Keramik - webonsai.com\",\"isPartOf\":{\"@id\":\"https:\\\/\\\/webonsai.com\\\/de\\\/#website\"},\"primaryImageOfPage\":{\"@id\":\"https:\\\/\\\/webonsai.com\\\/de\\\/produkt\\\/bonsai-topf-50-x-37-x-11-cm-braune-keramik\\\/#primaryimage\"},\"image\":{\"@id\":\"https:\\\/\\\/webonsai.com\\\/de\\\/produkt\\\/bonsai-topf-50-x-37-x-11-cm-braune-keramik\\\/#primaryimage\"},\"thumbnailUrl\":\"https:\\\/\\\/webonsai.com\\\/wp-content\\\/uploads\\\/2026\\\/01\\\/156722-1.jpeg?wsr\",\"datePublished\":\"2026-01-30T19:40:04+00:00\",\"dateModified\":\"2026-03-20T15:53:37+00:00\",\"breadcrumb\":{\"@id\":\"https:\\\/\\\/webonsai.com\\\/de\\\/produkt\\\/bonsai-topf-50-x-37-x-11-cm-braune-keramik\\\/#breadcrumb\"},\"inLanguage\":\"de\",\"potentialAction\":[{\"@type\":\"ReadAction\",\"target\":[\"https:\\\/\\\/webonsai.com\\\/de\\\/produkt\\\/bonsai-topf-50-x-37-x-11-cm-braune-keramik\\\/\"]}]},{\"@type\":\"ImageObject\",\"inLanguage\":\"de\",\"@id\":\"https:\\\/\\\/webonsai.com\\\/de\\\/produkt\\\/bonsai-topf-50-x-37-x-11-cm-braune-keramik\\\/#primaryimage\",\"url\":\"https:\\\/\\\/webonsai.com\\\/wp-content\\\/uploads\\\/2026\\\/01\\\/156722-1.jpeg?wsr\",\"contentUrl\":\"https:\\\/\\\/webonsai.com\\\/wp-content\\\/uploads\\\/2026\\\/01\\\/156722-1.jpeg?wsr\",\"width\":1200,\"height\":1600},{\"@type\":\"BreadcrumbList\",\"@id\":\"https:\\\/\\\/webonsai.com\\\/de\\\/produkt\\\/bonsai-topf-50-x-37-x-11-cm-braune-keramik\\\/#breadcrumb\",\"itemListElement\":[{\"@type\":\"ListItem\",\"position\":1,\"name\":\"Home\",\"item\":\"https:\\\/\\\/webonsai.com\\\/de\\\/\"},{\"@type\":\"ListItem\",\"position\":2,\"name\":\"Shop\",\"item\":\"https:\\\/\\\/webonsai.com\\\/shop\\\/\"},{\"@type\":\"ListItem\",\"position\":3,\"name\":\"Bonsai-Topf 50 x 37 x 11 cm, braune Keramik\"}]},{\"@type\":\"WebSite\",\"@id\":\"https:\\\/\\\/webonsai.com\\\/de\\\/#website\",\"url\":\"https:\\\/\\\/webonsai.com\\\/de\\\/\",\"name\":\"webonsai.com\",\"description\":\"\",\"publisher\":{\"@id\":\"https:\\\/\\\/webonsai.com\\\/de\\\/#organization\"},\"potentialAction\":[{\"@type\":\"SearchAction\",\"target\":{\"@type\":\"EntryPoint\",\"urlTemplate\":\"https:\\\/\\\/webonsai.com\\\/de\\\/?s={search_term_string}\"},\"query-input\":{\"@type\":\"PropertyValueSpecification\",\"valueRequired\":true,\"valueName\":\"search_term_string\"}}],\"inLanguage\":\"de\"},{\"@type\":\"Organization\",\"@id\":\"https:\\\/\\\/webonsai.com\\\/de\\\/#organization\",\"name\":\"We Bonsai\",\"url\":\"https:\\\/\\\/webonsai.com\\\/de\\\/\",\"logo\":{\"@type\":\"ImageObject\",\"inLanguage\":\"de\",\"@id\":\"https:\\\/\\\/webonsai.com\\\/de\\\/#\\\/schema\\\/logo\\\/image\\\/\",\"url\":\"https:\\\/\\\/webonsai.com\\\/wp-content\\\/uploads\\\/2024\\\/05\\\/WeBonsai_Logo.png\",\"contentUrl\":\"https:\\\/\\\/webonsai.com\\\/wp-content\\\/uploads\\\/2024\\\/05\\\/WeBonsai_Logo.png\",\"width\":400,\"height\":125,\"caption\":\"We Bonsai\"},\"image\":{\"@id\":\"https:\\\/\\\/webonsai.com\\\/de\\\/#\\\/schema\\\/logo\\\/image\\\/\"}}]}<\/script>\n<!-- \/ Yoast SEO plugin. -->","yoast_head_json":{"title":"Bonsai-Topf 50 x 37 x 11 cm, braune Keramik - webonsai.com","robots":{"index":"index","follow":"follow","max-snippet":"max-snippet:-1","max-image-preview":"max-image-preview:large","max-video-preview":"max-video-preview:-1"},"canonical":"https:\/\/webonsai.com\/de\/produkt\/bonsai-topf-50-x-37-x-11-cm-braune-keramik\/","og_locale":"de_DE","og_type":"article","og_title":"Bonsai-Topf 50 x 37 x 11 cm, braune Keramik - webonsai.com","og_description":"Material: Keramik (Ton) Farbe: braun   Au\u00dfenma\u00dfe: Breite: 50 cm L\u00e4nge: 37 cm H\u00f6he: 11 cm  Innenma\u00dfe:Breite: 47 cm L\u00e4nge: 33 cm H\u00f6he: 8 cm Artikelnummer: 156722","og_url":"https:\/\/webonsai.com\/de\/produkt\/bonsai-topf-50-x-37-x-11-cm-braune-keramik\/","og_site_name":"webonsai.com","article_modified_time":"2026-03-20T15:53:37+00:00","og_image":[{"width":1200,"height":1600,"url":"https:\/\/webonsai.com\/wp-content\/uploads\/2026\/01\/156722-1.jpeg?wsr","type":"image\/jpeg"}],"twitter_card":"summary_large_image","schema":{"@context":"https:\/\/schema.org","@graph":[{"@type":"WebPage","@id":"https:\/\/webonsai.com\/de\/produkt\/bonsai-topf-50-x-37-x-11-cm-braune-keramik\/","url":"https:\/\/webonsai.com\/de\/produkt\/bonsai-topf-50-x-37-x-11-cm-braune-keramik\/","name":"Bonsai-Topf 50 x 37 x 11 cm, braune Keramik - webonsai.com","isPartOf":{"@id":"https:\/\/webonsai.com\/de\/#website"},"primaryImageOfPage":{"@id":"https:\/\/webonsai.com\/de\/produkt\/bonsai-topf-50-x-37-x-11-cm-braune-keramik\/#primaryimage"},"image":{"@id":"https:\/\/webonsai.com\/de\/produkt\/bonsai-topf-50-x-37-x-11-cm-braune-keramik\/#primaryimage"},"thumbnailUrl":"https:\/\/webonsai.com\/wp-content\/uploads\/2026\/01\/156722-1.jpeg?wsr","datePublished":"2026-01-30T19:40:04+00:00","dateModified":"2026-03-20T15:53:37+00:00","breadcrumb":{"@id":"https:\/\/webonsai.com\/de\/produkt\/bonsai-topf-50-x-37-x-11-cm-braune-keramik\/#breadcrumb"},"inLanguage":"de","potentialAction":[{"@type":"ReadAction","target":["https:\/\/webonsai.com\/de\/produkt\/bonsai-topf-50-x-37-x-11-cm-braune-keramik\/"]}]},{"@type":"ImageObject","inLanguage":"de","@id":"https:\/\/webonsai.com\/de\/produkt\/bonsai-topf-50-x-37-x-11-cm-braune-keramik\/#primaryimage","url":"https:\/\/webonsai.com\/wp-content\/uploads\/2026\/01\/156722-1.jpeg?wsr","contentUrl":"https:\/\/webonsai.com\/wp-content\/uploads\/2026\/01\/156722-1.jpeg?wsr","width":1200,"height":1600},{"@type":"BreadcrumbList","@id":"https:\/\/webonsai.com\/de\/produkt\/bonsai-topf-50-x-37-x-11-cm-braune-keramik\/#breadcrumb","itemListElement":[{"@type":"ListItem","position":1,"name":"Home","item":"https:\/\/webonsai.com\/de\/"},{"@type":"ListItem","position":2,"name":"Shop","item":"https:\/\/webonsai.com\/shop\/"},{"@type":"ListItem","position":3,"name":"Bonsai-Topf 50 x 37 x 11 cm, braune Keramik"}]},{"@type":"WebSite","@id":"https:\/\/webonsai.com\/de\/#website","url":"https:\/\/webonsai.com\/de\/","name":"webonsai.com","description":"","publisher":{"@id":"https:\/\/webonsai.com\/de\/#organization"},"potentialAction":[{"@type":"SearchAction","target":{"@type":"EntryPoint","urlTemplate":"https:\/\/webonsai.com\/de\/?s={search_term_string}"},"query-input":{"@type":"PropertyValueSpecification","valueRequired":true,"valueName":"search_term_string"}}],"inLanguage":"de"},{"@type":"Organization","@id":"https:\/\/webonsai.com\/de\/#organization","name":"We Bonsai","url":"https:\/\/webonsai.com\/de\/","logo":{"@type":"ImageObject","inLanguage":"de","@id":"https:\/\/webonsai.com\/de\/#\/schema\/logo\/image\/","url":"https:\/\/webonsai.com\/wp-content\/uploads\/2024\/05\/WeBonsai_Logo.png","contentUrl":"https:\/\/webonsai.com\/wp-content\/uploads\/2024\/05\/WeBonsai_Logo.png","width":400,"height":125,"caption":"We Bonsai"},"image":{"@id":"https:\/\/webonsai.com\/de\/#\/schema\/logo\/image\/"}}]}},"_links":{"self":[{"href":"https:\/\/webonsai.com\/de\/wp-json\/wp\/v2\/product\/40209","targetHints":{"allow":["GET"]}}],"collection":[{"href":"https:\/\/webonsai.com\/de\/wp-json\/wp\/v2\/product"}],"about":[{"href":"https:\/\/webonsai.com\/de\/wp-json\/wp\/v2\/types\/product"}],"wp:featuredmedia":[{"embeddable":true,"href":"https:\/\/webonsai.com\/de\/wp-json\/wp\/v2\/media\/40101"}],"wp:attachment":[{"href":"https:\/\/webonsai.com\/de\/wp-json\/wp\/v2\/media?parent=40209"}],"wp:term":[{"taxonomy":"product_brand","embeddable":true,"href":"https:\/\/webonsai.com\/de\/wp-json\/wp\/v2\/product_brand?post=40209"},{"taxonomy":"product_cat","embeddable":true,"href":"https:\/\/webonsai.com\/de\/wp-json\/wp\/v2\/product_cat?post=40209"},{"taxonomy":"product_tag","embeddable":true,"href":"https:\/\/webonsai.com\/de\/wp-json\/wp\/v2\/product_tag?post=40209"}],"curies":[{"name":"wp","href":"https:\/\/api.w.org\/{rel}","templated":true}]}}