{"id":39662,"date":"2025-12-10T14:59:44","date_gmt":"2025-12-10T14:59:44","guid":{"rendered":"https:\/\/webonsai.com\/product\/kuroiwa-haruki-handbemalte-keramik-bonsaischale\/"},"modified":"2026-03-20T13:07:40","modified_gmt":"2026-03-20T13:07:40","slug":"kuroiwa-haruki-handbemalte-keramik-bonsaischale","status":"publish","type":"product","link":"https:\/\/webonsai.com\/de\/produkt\/kuroiwa-haruki-handbemalte-keramik-bonsaischale\/","title":{"rendered":"Kuroiwa Haruki \u2013 Keramik-Bonsai-Topf, handbemalt, Japan"},"content":{"rendered":"<p data-start=\"0\" data-end=\"110\">Kuroiwa Haruki &#8211; Handgefertigte und handbemalte Bonsaischale.<br data-start=\"54\" data-end=\"57\">Einzigartiges, handgefertigtes St\u00fcck, neu und unbenutzt.<\/p>\n<p data-start=\"112\" data-end=\"229\"><strong data-start=\"112\" data-end=\"136\">Au\u00dfenma\u00dfe der Schale:<\/strong> 12,5 cm (Breite) \u00d7 11,5 cm (H\u00f6he)<\/p>\n","protected":false},"excerpt":{"rendered":"<p data-start=\"0\" data-end=\"110\">Kuroiwa Haruki &#8211; Handgefertigte und handbemalte Bonsaischale.<br data-start=\"54\" data-end=\"57\">Einzigartiges, handgefertigtes St\u00fcck, neu und unbenutzt.<\/p>\n<p data-start=\"112\" data-end=\"229\"><strong data-start=\"112\" data-end=\"136\">Au\u00dfenma\u00dfe der Schale:<\/strong> 12,5 cm (Breite) \u00d7 11,5 cm (H\u00f6he)<\/p>\n","protected":false},"featured_media":39660,"template":"","meta":[],"product_brand":[],"product_cat":[],"product_tag":[],"class_list":{"0":"post-39662","1":"product","2":"type-product","3":"status-publish","4":"has-post-thumbnail","8":"first","9":"instock","10":"shipping-taxable","11":"purchasable","12":"product-type-simple"},"yoast_head":"<!-- This site is optimized with the Yoast SEO plugin v27.5 - https:\/\/yoast.com\/product\/yoast-seo-wordpress\/ -->\n<title>Kuroiwa Haruki \u2013 Keramik-Bonsai-Topf, handbemalt, Japan - webonsai.com<\/title>\n<meta name=\"robots\" content=\"index, follow, max-snippet:-1, max-image-preview:large, max-video-preview:-1\" \/>\n<link rel=\"canonical\" href=\"https:\/\/webonsai.com\/de\/produkt\/kuroiwa-haruki-handbemalte-keramik-bonsaischale\/\" \/>\n<meta property=\"og:locale\" content=\"de_DE\" \/>\n<meta property=\"og:type\" content=\"article\" \/>\n<meta property=\"og:title\" content=\"Kuroiwa Haruki \u2013 Keramik-Bonsai-Topf, handbemalt, Japan - webonsai.com\" \/>\n<meta property=\"og:description\" content=\"Kuroiwa Haruki - Handgefertigte und handbemalte Bonsaischale.Einzigartiges, handgefertigtes St\u00fcck, neu und unbenutzt. Au\u00dfenma\u00dfe der Schale: 12,5 cm (Breite) \u00d7 11,5 cm (H\u00f6he)\" \/>\n<meta property=\"og:url\" content=\"https:\/\/webonsai.com\/de\/produkt\/kuroiwa-haruki-handbemalte-keramik-bonsaischale\/\" \/>\n<meta property=\"og:site_name\" content=\"webonsai.com\" \/>\n<meta property=\"article:modified_time\" content=\"2026-03-20T13:07:40+00:00\" \/>\n<meta property=\"og:image\" content=\"https:\/\/webonsai.com\/wp-content\/uploads\/2025\/12\/Kuroiwa-Haruki-Ceramic-Bonsai-Japan-1.jpeg?wsr\" \/>\n\t<meta property=\"og:image:width\" content=\"1536\" \/>\n\t<meta property=\"og:image:height\" content=\"2048\" \/>\n\t<meta property=\"og:image:type\" content=\"image\/jpeg\" \/>\n<meta name=\"twitter:card\" content=\"summary_large_image\" \/>\n<script type=\"application\/ld+json\" class=\"yoast-schema-graph\">{\"@context\":\"https:\\\/\\\/schema.org\",\"@graph\":[{\"@type\":\"WebPage\",\"@id\":\"https:\\\/\\\/webonsai.com\\\/de\\\/produkt\\\/kuroiwa-haruki-handbemalte-keramik-bonsaischale\\\/\",\"url\":\"https:\\\/\\\/webonsai.com\\\/de\\\/produkt\\\/kuroiwa-haruki-handbemalte-keramik-bonsaischale\\\/\",\"name\":\"Kuroiwa Haruki \u2013 Keramik-Bonsai-Topf, handbemalt, Japan - webonsai.com\",\"isPartOf\":{\"@id\":\"https:\\\/\\\/webonsai.com\\\/de\\\/#website\"},\"primaryImageOfPage\":{\"@id\":\"https:\\\/\\\/webonsai.com\\\/de\\\/produkt\\\/kuroiwa-haruki-handbemalte-keramik-bonsaischale\\\/#primaryimage\"},\"image\":{\"@id\":\"https:\\\/\\\/webonsai.com\\\/de\\\/produkt\\\/kuroiwa-haruki-handbemalte-keramik-bonsaischale\\\/#primaryimage\"},\"thumbnailUrl\":\"https:\\\/\\\/webonsai.com\\\/wp-content\\\/uploads\\\/2025\\\/12\\\/Kuroiwa-Haruki-Ceramic-Bonsai-Japan-1.jpeg?wsr\",\"datePublished\":\"2025-12-10T14:59:44+00:00\",\"dateModified\":\"2026-03-20T13:07:40+00:00\",\"breadcrumb\":{\"@id\":\"https:\\\/\\\/webonsai.com\\\/de\\\/produkt\\\/kuroiwa-haruki-handbemalte-keramik-bonsaischale\\\/#breadcrumb\"},\"inLanguage\":\"de\",\"potentialAction\":[{\"@type\":\"ReadAction\",\"target\":[\"https:\\\/\\\/webonsai.com\\\/de\\\/produkt\\\/kuroiwa-haruki-handbemalte-keramik-bonsaischale\\\/\"]}]},{\"@type\":\"ImageObject\",\"inLanguage\":\"de\",\"@id\":\"https:\\\/\\\/webonsai.com\\\/de\\\/produkt\\\/kuroiwa-haruki-handbemalte-keramik-bonsaischale\\\/#primaryimage\",\"url\":\"https:\\\/\\\/webonsai.com\\\/wp-content\\\/uploads\\\/2025\\\/12\\\/Kuroiwa-Haruki-Ceramic-Bonsai-Japan-1.jpeg?wsr\",\"contentUrl\":\"https:\\\/\\\/webonsai.com\\\/wp-content\\\/uploads\\\/2025\\\/12\\\/Kuroiwa-Haruki-Ceramic-Bonsai-Japan-1.jpeg?wsr\",\"width\":1536,\"height\":2048,\"caption\":\"Kuroiwa Haruki - Ceramic Bonsai Japan 1\"},{\"@type\":\"BreadcrumbList\",\"@id\":\"https:\\\/\\\/webonsai.com\\\/de\\\/produkt\\\/kuroiwa-haruki-handbemalte-keramik-bonsaischale\\\/#breadcrumb\",\"itemListElement\":[{\"@type\":\"ListItem\",\"position\":1,\"name\":\"Home\",\"item\":\"https:\\\/\\\/webonsai.com\\\/de\\\/\"},{\"@type\":\"ListItem\",\"position\":2,\"name\":\"Shop\",\"item\":\"https:\\\/\\\/webonsai.com\\\/shop\\\/\"},{\"@type\":\"ListItem\",\"position\":3,\"name\":\"Kuroiwa Haruki \u2013 Keramik-Bonsai-Topf, handbemalt, Japan\"}]},{\"@type\":\"WebSite\",\"@id\":\"https:\\\/\\\/webonsai.com\\\/de\\\/#website\",\"url\":\"https:\\\/\\\/webonsai.com\\\/de\\\/\",\"name\":\"webonsai.com\",\"description\":\"\",\"publisher\":{\"@id\":\"https:\\\/\\\/webonsai.com\\\/de\\\/#organization\"},\"potentialAction\":[{\"@type\":\"SearchAction\",\"target\":{\"@type\":\"EntryPoint\",\"urlTemplate\":\"https:\\\/\\\/webonsai.com\\\/de\\\/?s={search_term_string}\"},\"query-input\":{\"@type\":\"PropertyValueSpecification\",\"valueRequired\":true,\"valueName\":\"search_term_string\"}}],\"inLanguage\":\"de\"},{\"@type\":\"Organization\",\"@id\":\"https:\\\/\\\/webonsai.com\\\/de\\\/#organization\",\"name\":\"We Bonsai\",\"url\":\"https:\\\/\\\/webonsai.com\\\/de\\\/\",\"logo\":{\"@type\":\"ImageObject\",\"inLanguage\":\"de\",\"@id\":\"https:\\\/\\\/webonsai.com\\\/de\\\/#\\\/schema\\\/logo\\\/image\\\/\",\"url\":\"https:\\\/\\\/webonsai.com\\\/wp-content\\\/uploads\\\/2024\\\/05\\\/WeBonsai_Logo.png\",\"contentUrl\":\"https:\\\/\\\/webonsai.com\\\/wp-content\\\/uploads\\\/2024\\\/05\\\/WeBonsai_Logo.png\",\"width\":400,\"height\":125,\"caption\":\"We Bonsai\"},\"image\":{\"@id\":\"https:\\\/\\\/webonsai.com\\\/de\\\/#\\\/schema\\\/logo\\\/image\\\/\"}}]}<\/script>\n<!-- \/ Yoast SEO plugin. -->","yoast_head_json":{"title":"Kuroiwa Haruki \u2013 Keramik-Bonsai-Topf, handbemalt, Japan - webonsai.com","robots":{"index":"index","follow":"follow","max-snippet":"max-snippet:-1","max-image-preview":"max-image-preview:large","max-video-preview":"max-video-preview:-1"},"canonical":"https:\/\/webonsai.com\/de\/produkt\/kuroiwa-haruki-handbemalte-keramik-bonsaischale\/","og_locale":"de_DE","og_type":"article","og_title":"Kuroiwa Haruki \u2013 Keramik-Bonsai-Topf, handbemalt, Japan - webonsai.com","og_description":"Kuroiwa Haruki - Handgefertigte und handbemalte Bonsaischale.Einzigartiges, handgefertigtes St\u00fcck, neu und unbenutzt. Au\u00dfenma\u00dfe der Schale: 12,5 cm (Breite) \u00d7 11,5 cm (H\u00f6he)","og_url":"https:\/\/webonsai.com\/de\/produkt\/kuroiwa-haruki-handbemalte-keramik-bonsaischale\/","og_site_name":"webonsai.com","article_modified_time":"2026-03-20T13:07:40+00:00","og_image":[{"width":1536,"height":2048,"url":"https:\/\/webonsai.com\/wp-content\/uploads\/2025\/12\/Kuroiwa-Haruki-Ceramic-Bonsai-Japan-1.jpeg?wsr","type":"image\/jpeg"}],"twitter_card":"summary_large_image","schema":{"@context":"https:\/\/schema.org","@graph":[{"@type":"WebPage","@id":"https:\/\/webonsai.com\/de\/produkt\/kuroiwa-haruki-handbemalte-keramik-bonsaischale\/","url":"https:\/\/webonsai.com\/de\/produkt\/kuroiwa-haruki-handbemalte-keramik-bonsaischale\/","name":"Kuroiwa Haruki \u2013 Keramik-Bonsai-Topf, handbemalt, Japan - webonsai.com","isPartOf":{"@id":"https:\/\/webonsai.com\/de\/#website"},"primaryImageOfPage":{"@id":"https:\/\/webonsai.com\/de\/produkt\/kuroiwa-haruki-handbemalte-keramik-bonsaischale\/#primaryimage"},"image":{"@id":"https:\/\/webonsai.com\/de\/produkt\/kuroiwa-haruki-handbemalte-keramik-bonsaischale\/#primaryimage"},"thumbnailUrl":"https:\/\/webonsai.com\/wp-content\/uploads\/2025\/12\/Kuroiwa-Haruki-Ceramic-Bonsai-Japan-1.jpeg?wsr","datePublished":"2025-12-10T14:59:44+00:00","dateModified":"2026-03-20T13:07:40+00:00","breadcrumb":{"@id":"https:\/\/webonsai.com\/de\/produkt\/kuroiwa-haruki-handbemalte-keramik-bonsaischale\/#breadcrumb"},"inLanguage":"de","potentialAction":[{"@type":"ReadAction","target":["https:\/\/webonsai.com\/de\/produkt\/kuroiwa-haruki-handbemalte-keramik-bonsaischale\/"]}]},{"@type":"ImageObject","inLanguage":"de","@id":"https:\/\/webonsai.com\/de\/produkt\/kuroiwa-haruki-handbemalte-keramik-bonsaischale\/#primaryimage","url":"https:\/\/webonsai.com\/wp-content\/uploads\/2025\/12\/Kuroiwa-Haruki-Ceramic-Bonsai-Japan-1.jpeg?wsr","contentUrl":"https:\/\/webonsai.com\/wp-content\/uploads\/2025\/12\/Kuroiwa-Haruki-Ceramic-Bonsai-Japan-1.jpeg?wsr","width":1536,"height":2048,"caption":"Kuroiwa Haruki - Ceramic Bonsai Japan 1"},{"@type":"BreadcrumbList","@id":"https:\/\/webonsai.com\/de\/produkt\/kuroiwa-haruki-handbemalte-keramik-bonsaischale\/#breadcrumb","itemListElement":[{"@type":"ListItem","position":1,"name":"Home","item":"https:\/\/webonsai.com\/de\/"},{"@type":"ListItem","position":2,"name":"Shop","item":"https:\/\/webonsai.com\/shop\/"},{"@type":"ListItem","position":3,"name":"Kuroiwa Haruki \u2013 Keramik-Bonsai-Topf, handbemalt, Japan"}]},{"@type":"WebSite","@id":"https:\/\/webonsai.com\/de\/#website","url":"https:\/\/webonsai.com\/de\/","name":"webonsai.com","description":"","publisher":{"@id":"https:\/\/webonsai.com\/de\/#organization"},"potentialAction":[{"@type":"SearchAction","target":{"@type":"EntryPoint","urlTemplate":"https:\/\/webonsai.com\/de\/?s={search_term_string}"},"query-input":{"@type":"PropertyValueSpecification","valueRequired":true,"valueName":"search_term_string"}}],"inLanguage":"de"},{"@type":"Organization","@id":"https:\/\/webonsai.com\/de\/#organization","name":"We Bonsai","url":"https:\/\/webonsai.com\/de\/","logo":{"@type":"ImageObject","inLanguage":"de","@id":"https:\/\/webonsai.com\/de\/#\/schema\/logo\/image\/","url":"https:\/\/webonsai.com\/wp-content\/uploads\/2024\/05\/WeBonsai_Logo.png","contentUrl":"https:\/\/webonsai.com\/wp-content\/uploads\/2024\/05\/WeBonsai_Logo.png","width":400,"height":125,"caption":"We Bonsai"},"image":{"@id":"https:\/\/webonsai.com\/de\/#\/schema\/logo\/image\/"}}]}},"_links":{"self":[{"href":"https:\/\/webonsai.com\/de\/wp-json\/wp\/v2\/product\/39662","targetHints":{"allow":["GET"]}}],"collection":[{"href":"https:\/\/webonsai.com\/de\/wp-json\/wp\/v2\/product"}],"about":[{"href":"https:\/\/webonsai.com\/de\/wp-json\/wp\/v2\/types\/product"}],"wp:featuredmedia":[{"embeddable":true,"href":"https:\/\/webonsai.com\/de\/wp-json\/wp\/v2\/media\/39660"}],"wp:attachment":[{"href":"https:\/\/webonsai.com\/de\/wp-json\/wp\/v2\/media?parent=39662"}],"wp:term":[{"taxonomy":"product_brand","embeddable":true,"href":"https:\/\/webonsai.com\/de\/wp-json\/wp\/v2\/product_brand?post=39662"},{"taxonomy":"product_cat","embeddable":true,"href":"https:\/\/webonsai.com\/de\/wp-json\/wp\/v2\/product_cat?post=39662"},{"taxonomy":"product_tag","embeddable":true,"href":"https:\/\/webonsai.com\/de\/wp-json\/wp\/v2\/product_tag?post=39662"}],"curies":[{"name":"wp","href":"https:\/\/api.w.org\/{rel}","templated":true}]}}