{"id":39637,"date":"2025-12-07T13:38:16","date_gmt":"2025-12-07T13:38:16","guid":{"rendered":"https:\/\/webonsai.com\/product\/kishu-wacholder-bonsai-hoehe-30-cm\/"},"modified":"2026-03-20T13:07:45","modified_gmt":"2026-03-20T13:07:45","slug":"kishu-wacholder-bonsai-hoehe-30-cm","status":"publish","type":"product","link":"https:\/\/webonsai.com\/de\/produkt\/kishu-wacholder-bonsai-hoehe-30-cm\/","title":{"rendered":"Kishu-Wacholder-Bonsai (H\u00f6he: 30 cm)"},"content":{"rendered":"<p data-start=\"98\" data-end=\"155\"><strong>Juniper Kishu<\/strong><br \/>\n<span class=\"html-span xdj266r x14z9mp xat24cr x1lziwak xexx8yu xyri2b x18d9i69 x1c1uobl x1hl2dhg x16tdsg8 x1vvkbs\"><strong class=\"html-strong xdj266r x14z9mp xat24cr x1lziwak xexx8yu xyri2b x18d9i69 x1c1uobl x1hl2dhg x16tdsg8 x1vvkbs x1s688f\">Sichere Lieferung in einer Holzkiste.<\/strong><\/span><\/p>\n<ul>\n<li data-start=\"53\" data-end=\"74\">\n<p data-start=\"55\" data-end=\"74\"><strong data-start=\"55\" data-end=\"66\">H\u00f6he:<\/strong> 31 cm (10 cm ist die Topfh\u00f6he)<\/p>\n<\/li>\n<li data-start=\"75\" data-end=\"95\">\n<p data-start=\"77\" data-end=\"95\"><strong data-start=\"77\" data-end=\"87\">Breite:<\/strong> 33 cm<\/p>\n<\/li>\n<\/ul>\n<p>Topfgr\u00f6\u00dfe: 33 x 13 x 20 cm<br \/>\nStammumfang: 9 cm<\/p>\n<p data-start=\"77\" data-end=\"95\">Fotos aufgenommen im Dezember 2025<\/p>\n","protected":false},"excerpt":{"rendered":"<p data-start=\"98\" data-end=\"155\"><strong>Juniper Kishu<\/strong><br \/>\n<span class=\"html-span xdj266r x14z9mp xat24cr x1lziwak xexx8yu xyri2b x18d9i69 x1c1uobl x1hl2dhg x16tdsg8 x1vvkbs\"><strong class=\"html-strong xdj266r x14z9mp xat24cr x1lziwak xexx8yu xyri2b x18d9i69 x1c1uobl x1hl2dhg x16tdsg8 x1vvkbs x1s688f\">Sichere Lieferung in einer Holzkiste.<\/strong><\/span><\/p>\n<ul>\n<li data-start=\"53\" data-end=\"74\">\n<p data-start=\"55\" data-end=\"74\"><strong data-start=\"55\" data-end=\"66\">H\u00f6he:<\/strong> 31 cm (10 cm ist die Topfh\u00f6he)<\/p>\n<\/li>\n<li data-start=\"75\" data-end=\"95\">\n<p data-start=\"77\" data-end=\"95\"><strong data-start=\"77\" data-end=\"87\">Breite:<\/strong> 33 cm<\/p>\n<\/li>\n<\/ul>\n<p>Topfgr\u00f6\u00dfe: 33 x 13 x 20 cm<br \/>\nStammumfang: 9 cm<\/p>\n<p data-start=\"77\" data-end=\"95\">Fotos aufgenommen im Dezember 2025<\/p>\n","protected":false},"featured_media":39613,"template":"","meta":[],"product_brand":[],"product_cat":[],"product_tag":[],"class_list":{"0":"post-39637","1":"product","2":"type-product","3":"status-publish","4":"has-post-thumbnail","8":"first","9":"instock","10":"shipping-taxable","11":"purchasable","12":"product-type-simple"},"yoast_head":"<!-- This site is optimized with the Yoast SEO plugin v27.5 - https:\/\/yoast.com\/product\/yoast-seo-wordpress\/ -->\n<title>Kishu-Wacholder-Bonsai (H\u00f6he: 30 cm) - webonsai.com<\/title>\n<meta name=\"robots\" content=\"index, follow, max-snippet:-1, max-image-preview:large, max-video-preview:-1\" \/>\n<link rel=\"canonical\" href=\"https:\/\/webonsai.com\/de\/produkt\/kishu-wacholder-bonsai-hoehe-30-cm\/\" \/>\n<meta property=\"og:locale\" content=\"de_DE\" \/>\n<meta property=\"og:type\" content=\"article\" \/>\n<meta property=\"og:title\" content=\"Kishu-Wacholder-Bonsai (H\u00f6he: 30 cm) - webonsai.com\" \/>\n<meta property=\"og:description\" content=\"Juniper Kishu Sichere Lieferung in einer Holzkiste.   H\u00f6he: 31 cm (10 cm ist die Topfh\u00f6he)   Breite: 33 cm  Topfgr\u00f6\u00dfe: 33 x 13 x 20 cm Stammumfang: 9 cm Fotos aufgenommen im Dezember 2025\" \/>\n<meta property=\"og:url\" content=\"https:\/\/webonsai.com\/de\/produkt\/kishu-wacholder-bonsai-hoehe-30-cm\/\" \/>\n<meta property=\"og:site_name\" content=\"webonsai.com\" \/>\n<meta property=\"article:modified_time\" content=\"2026-03-20T13:07:45+00:00\" \/>\n<meta property=\"og:image\" content=\"https:\/\/webonsai.com\/wp-content\/uploads\/2025\/12\/711b4b16-f43f-4bf0-a59f-efa0843f7998.jpeg?wsr\" \/>\n\t<meta property=\"og:image:width\" content=\"1200\" \/>\n\t<meta property=\"og:image:height\" content=\"1600\" \/>\n\t<meta property=\"og:image:type\" content=\"image\/jpeg\" \/>\n<meta name=\"twitter:card\" content=\"summary_large_image\" \/>\n<script type=\"application\/ld+json\" class=\"yoast-schema-graph\">{\"@context\":\"https:\\\/\\\/schema.org\",\"@graph\":[{\"@type\":\"WebPage\",\"@id\":\"https:\\\/\\\/webonsai.com\\\/de\\\/produkt\\\/kishu-wacholder-bonsai-hoehe-30-cm\\\/\",\"url\":\"https:\\\/\\\/webonsai.com\\\/de\\\/produkt\\\/kishu-wacholder-bonsai-hoehe-30-cm\\\/\",\"name\":\"Kishu-Wacholder-Bonsai (H\u00f6he: 30 cm) - webonsai.com\",\"isPartOf\":{\"@id\":\"https:\\\/\\\/webonsai.com\\\/de\\\/#website\"},\"primaryImageOfPage\":{\"@id\":\"https:\\\/\\\/webonsai.com\\\/de\\\/produkt\\\/kishu-wacholder-bonsai-hoehe-30-cm\\\/#primaryimage\"},\"image\":{\"@id\":\"https:\\\/\\\/webonsai.com\\\/de\\\/produkt\\\/kishu-wacholder-bonsai-hoehe-30-cm\\\/#primaryimage\"},\"thumbnailUrl\":\"https:\\\/\\\/webonsai.com\\\/wp-content\\\/uploads\\\/2025\\\/12\\\/711b4b16-f43f-4bf0-a59f-efa0843f7998.jpeg?wsr\",\"datePublished\":\"2025-12-07T13:38:16+00:00\",\"dateModified\":\"2026-03-20T13:07:45+00:00\",\"breadcrumb\":{\"@id\":\"https:\\\/\\\/webonsai.com\\\/de\\\/produkt\\\/kishu-wacholder-bonsai-hoehe-30-cm\\\/#breadcrumb\"},\"inLanguage\":\"de\",\"potentialAction\":[{\"@type\":\"ReadAction\",\"target\":[\"https:\\\/\\\/webonsai.com\\\/de\\\/produkt\\\/kishu-wacholder-bonsai-hoehe-30-cm\\\/\"]}]},{\"@type\":\"ImageObject\",\"inLanguage\":\"de\",\"@id\":\"https:\\\/\\\/webonsai.com\\\/de\\\/produkt\\\/kishu-wacholder-bonsai-hoehe-30-cm\\\/#primaryimage\",\"url\":\"https:\\\/\\\/webonsai.com\\\/wp-content\\\/uploads\\\/2025\\\/12\\\/711b4b16-f43f-4bf0-a59f-efa0843f7998.jpeg?wsr\",\"contentUrl\":\"https:\\\/\\\/webonsai.com\\\/wp-content\\\/uploads\\\/2025\\\/12\\\/711b4b16-f43f-4bf0-a59f-efa0843f7998.jpeg?wsr\",\"width\":1200,\"height\":1600},{\"@type\":\"BreadcrumbList\",\"@id\":\"https:\\\/\\\/webonsai.com\\\/de\\\/produkt\\\/kishu-wacholder-bonsai-hoehe-30-cm\\\/#breadcrumb\",\"itemListElement\":[{\"@type\":\"ListItem\",\"position\":1,\"name\":\"Home\",\"item\":\"https:\\\/\\\/webonsai.com\\\/de\\\/\"},{\"@type\":\"ListItem\",\"position\":2,\"name\":\"Shop\",\"item\":\"https:\\\/\\\/webonsai.com\\\/shop\\\/\"},{\"@type\":\"ListItem\",\"position\":3,\"name\":\"Kishu-Wacholder-Bonsai (H\u00f6he: 30 cm)\"}]},{\"@type\":\"WebSite\",\"@id\":\"https:\\\/\\\/webonsai.com\\\/de\\\/#website\",\"url\":\"https:\\\/\\\/webonsai.com\\\/de\\\/\",\"name\":\"webonsai.com\",\"description\":\"\",\"publisher\":{\"@id\":\"https:\\\/\\\/webonsai.com\\\/de\\\/#organization\"},\"potentialAction\":[{\"@type\":\"SearchAction\",\"target\":{\"@type\":\"EntryPoint\",\"urlTemplate\":\"https:\\\/\\\/webonsai.com\\\/de\\\/?s={search_term_string}\"},\"query-input\":{\"@type\":\"PropertyValueSpecification\",\"valueRequired\":true,\"valueName\":\"search_term_string\"}}],\"inLanguage\":\"de\"},{\"@type\":\"Organization\",\"@id\":\"https:\\\/\\\/webonsai.com\\\/de\\\/#organization\",\"name\":\"We Bonsai\",\"url\":\"https:\\\/\\\/webonsai.com\\\/de\\\/\",\"logo\":{\"@type\":\"ImageObject\",\"inLanguage\":\"de\",\"@id\":\"https:\\\/\\\/webonsai.com\\\/de\\\/#\\\/schema\\\/logo\\\/image\\\/\",\"url\":\"https:\\\/\\\/webonsai.com\\\/wp-content\\\/uploads\\\/2024\\\/05\\\/WeBonsai_Logo.png\",\"contentUrl\":\"https:\\\/\\\/webonsai.com\\\/wp-content\\\/uploads\\\/2024\\\/05\\\/WeBonsai_Logo.png\",\"width\":400,\"height\":125,\"caption\":\"We Bonsai\"},\"image\":{\"@id\":\"https:\\\/\\\/webonsai.com\\\/de\\\/#\\\/schema\\\/logo\\\/image\\\/\"}}]}<\/script>\n<!-- \/ Yoast SEO plugin. -->","yoast_head_json":{"title":"Kishu-Wacholder-Bonsai (H\u00f6he: 30 cm) - webonsai.com","robots":{"index":"index","follow":"follow","max-snippet":"max-snippet:-1","max-image-preview":"max-image-preview:large","max-video-preview":"max-video-preview:-1"},"canonical":"https:\/\/webonsai.com\/de\/produkt\/kishu-wacholder-bonsai-hoehe-30-cm\/","og_locale":"de_DE","og_type":"article","og_title":"Kishu-Wacholder-Bonsai (H\u00f6he: 30 cm) - webonsai.com","og_description":"Juniper Kishu Sichere Lieferung in einer Holzkiste.   H\u00f6he: 31 cm (10 cm ist die Topfh\u00f6he)   Breite: 33 cm  Topfgr\u00f6\u00dfe: 33 x 13 x 20 cm Stammumfang: 9 cm Fotos aufgenommen im Dezember 2025","og_url":"https:\/\/webonsai.com\/de\/produkt\/kishu-wacholder-bonsai-hoehe-30-cm\/","og_site_name":"webonsai.com","article_modified_time":"2026-03-20T13:07:45+00:00","og_image":[{"width":1200,"height":1600,"url":"https:\/\/webonsai.com\/wp-content\/uploads\/2025\/12\/711b4b16-f43f-4bf0-a59f-efa0843f7998.jpeg?wsr","type":"image\/jpeg"}],"twitter_card":"summary_large_image","schema":{"@context":"https:\/\/schema.org","@graph":[{"@type":"WebPage","@id":"https:\/\/webonsai.com\/de\/produkt\/kishu-wacholder-bonsai-hoehe-30-cm\/","url":"https:\/\/webonsai.com\/de\/produkt\/kishu-wacholder-bonsai-hoehe-30-cm\/","name":"Kishu-Wacholder-Bonsai (H\u00f6he: 30 cm) - webonsai.com","isPartOf":{"@id":"https:\/\/webonsai.com\/de\/#website"},"primaryImageOfPage":{"@id":"https:\/\/webonsai.com\/de\/produkt\/kishu-wacholder-bonsai-hoehe-30-cm\/#primaryimage"},"image":{"@id":"https:\/\/webonsai.com\/de\/produkt\/kishu-wacholder-bonsai-hoehe-30-cm\/#primaryimage"},"thumbnailUrl":"https:\/\/webonsai.com\/wp-content\/uploads\/2025\/12\/711b4b16-f43f-4bf0-a59f-efa0843f7998.jpeg?wsr","datePublished":"2025-12-07T13:38:16+00:00","dateModified":"2026-03-20T13:07:45+00:00","breadcrumb":{"@id":"https:\/\/webonsai.com\/de\/produkt\/kishu-wacholder-bonsai-hoehe-30-cm\/#breadcrumb"},"inLanguage":"de","potentialAction":[{"@type":"ReadAction","target":["https:\/\/webonsai.com\/de\/produkt\/kishu-wacholder-bonsai-hoehe-30-cm\/"]}]},{"@type":"ImageObject","inLanguage":"de","@id":"https:\/\/webonsai.com\/de\/produkt\/kishu-wacholder-bonsai-hoehe-30-cm\/#primaryimage","url":"https:\/\/webonsai.com\/wp-content\/uploads\/2025\/12\/711b4b16-f43f-4bf0-a59f-efa0843f7998.jpeg?wsr","contentUrl":"https:\/\/webonsai.com\/wp-content\/uploads\/2025\/12\/711b4b16-f43f-4bf0-a59f-efa0843f7998.jpeg?wsr","width":1200,"height":1600},{"@type":"BreadcrumbList","@id":"https:\/\/webonsai.com\/de\/produkt\/kishu-wacholder-bonsai-hoehe-30-cm\/#breadcrumb","itemListElement":[{"@type":"ListItem","position":1,"name":"Home","item":"https:\/\/webonsai.com\/de\/"},{"@type":"ListItem","position":2,"name":"Shop","item":"https:\/\/webonsai.com\/shop\/"},{"@type":"ListItem","position":3,"name":"Kishu-Wacholder-Bonsai (H\u00f6he: 30 cm)"}]},{"@type":"WebSite","@id":"https:\/\/webonsai.com\/de\/#website","url":"https:\/\/webonsai.com\/de\/","name":"webonsai.com","description":"","publisher":{"@id":"https:\/\/webonsai.com\/de\/#organization"},"potentialAction":[{"@type":"SearchAction","target":{"@type":"EntryPoint","urlTemplate":"https:\/\/webonsai.com\/de\/?s={search_term_string}"},"query-input":{"@type":"PropertyValueSpecification","valueRequired":true,"valueName":"search_term_string"}}],"inLanguage":"de"},{"@type":"Organization","@id":"https:\/\/webonsai.com\/de\/#organization","name":"We Bonsai","url":"https:\/\/webonsai.com\/de\/","logo":{"@type":"ImageObject","inLanguage":"de","@id":"https:\/\/webonsai.com\/de\/#\/schema\/logo\/image\/","url":"https:\/\/webonsai.com\/wp-content\/uploads\/2024\/05\/WeBonsai_Logo.png","contentUrl":"https:\/\/webonsai.com\/wp-content\/uploads\/2024\/05\/WeBonsai_Logo.png","width":400,"height":125,"caption":"We Bonsai"},"image":{"@id":"https:\/\/webonsai.com\/de\/#\/schema\/logo\/image\/"}}]}},"_links":{"self":[{"href":"https:\/\/webonsai.com\/de\/wp-json\/wp\/v2\/product\/39637","targetHints":{"allow":["GET"]}}],"collection":[{"href":"https:\/\/webonsai.com\/de\/wp-json\/wp\/v2\/product"}],"about":[{"href":"https:\/\/webonsai.com\/de\/wp-json\/wp\/v2\/types\/product"}],"wp:featuredmedia":[{"embeddable":true,"href":"https:\/\/webonsai.com\/de\/wp-json\/wp\/v2\/media\/39613"}],"wp:attachment":[{"href":"https:\/\/webonsai.com\/de\/wp-json\/wp\/v2\/media?parent=39637"}],"wp:term":[{"taxonomy":"product_brand","embeddable":true,"href":"https:\/\/webonsai.com\/de\/wp-json\/wp\/v2\/product_brand?post=39637"},{"taxonomy":"product_cat","embeddable":true,"href":"https:\/\/webonsai.com\/de\/wp-json\/wp\/v2\/product_cat?post=39637"},{"taxonomy":"product_tag","embeddable":true,"href":"https:\/\/webonsai.com\/de\/wp-json\/wp\/v2\/product_tag?post=39637"}],"curies":[{"name":"wp","href":"https:\/\/api.w.org\/{rel}","templated":true}]}}