{"id":37912,"date":"2025-10-27T16:04:21","date_gmt":"2025-10-27T16:04:21","guid":{"rendered":"https:\/\/webonsai.com\/product\/bonsaischale-rechteckig-25-x-18-x-75-cm-braun\/"},"modified":"2025-10-27T16:04:21","modified_gmt":"2025-10-27T16:04:21","slug":"bonsaischale-rechteckig-25-x-18-x-75-cm-braun","status":"publish","type":"product","link":"https:\/\/webonsai.com\/de\/produkt\/bonsaischale-rechteckig-25-x-18-x-75-cm-braun\/","title":{"rendered":"Bonsaischale rechteckig 25 x 18 x 7,5 cm Braun"},"content":{"rendered":"<p><strong>Farbe: braun <\/strong><\/p>\n<ul>\n<li><strong>Au\u00dfenma\u00dfe:<\/strong><br \/>\nBreite: 25 cm<br \/>\nL\u00e4nge: 18 cm<br \/>\nH\u00f6he: 7,5 cm<\/li>\n<li><strong data-start=\"284\" data-end=\"308\">Innenma\u00dfe:<\/strong><br data-start=\"308\" data-end=\"311\">Breite: 22 cm<br \/>\nL\u00e4nge: 15,5 cm<br \/>\nH\u00f6he: 6 cm<\/li>\n<\/ul>\n<p><strong>SKU:<\/strong> 87797<\/p>\n","protected":false},"excerpt":{"rendered":"<ul>\n<li><strong>Farbe: braun <\/strong>\n<ul>\n<li><strong>Au\u00dfenma\u00dfe:<\/strong><br \/>\nBreite: 25 cm<br \/>\nL\u00e4nge: 18 cm<br \/>\nH\u00f6he: 7,5 cm<\/li>\n<li><strong data-start=\"284\" data-end=\"308\">Innenma\u00dfe:<\/strong><br data-start=\"308\" data-end=\"311\">Breite: 22 cm<br \/>\nL\u00e4nge: 15,5 cm<br \/>\nH\u00f6he: 6 cm<\/li>\n<\/ul>\n<\/li>\n<\/ul>\n","protected":false},"featured_media":37907,"template":"","meta":[],"product_brand":[],"product_cat":[259],"product_tag":[],"class_list":{"0":"post-37912","1":"product","2":"type-product","3":"status-publish","4":"has-post-thumbnail","6":"product_cat-schalen","7":"product_shipping_class-wc-mp-1-17","10":"first","11":"instock","12":"shipping-taxable","13":"purchasable","14":"product-type-simple"},"yoast_head":"<!-- This site is optimized with the Yoast SEO plugin v27.5 - https:\/\/yoast.com\/product\/yoast-seo-wordpress\/ -->\n<title>Bonsaischale rechteckig 25 x 18 x 7,5 cm Braun - webonsai.com<\/title>\n<meta name=\"robots\" content=\"index, follow, max-snippet:-1, max-image-preview:large, max-video-preview:-1\" \/>\n<link rel=\"canonical\" href=\"https:\/\/webonsai.com\/de\/produkt\/bonsaischale-rechteckig-25-x-18-x-75-cm-braun\/\" \/>\n<meta property=\"og:locale\" content=\"de_DE\" \/>\n<meta property=\"og:type\" content=\"article\" \/>\n<meta property=\"og:title\" content=\"Bonsaischale rechteckig 25 x 18 x 7,5 cm Braun - webonsai.com\" \/>\n<meta property=\"og:description\" content=\"Farbe: braun   Au\u00dfenma\u00dfe: Breite: 25 cm L\u00e4nge: 18 cm H\u00f6he: 7,5 cm  Innenma\u00dfe:Breite: 22 cm L\u00e4nge: 15,5 cm H\u00f6he: 6 cm\" \/>\n<meta property=\"og:url\" content=\"https:\/\/webonsai.com\/de\/produkt\/bonsaischale-rechteckig-25-x-18-x-75-cm-braun\/\" \/>\n<meta property=\"og:site_name\" content=\"webonsai.com\" \/>\n<meta property=\"og:image\" content=\"https:\/\/webonsai.com\/wp-content\/uploads\/2025\/10\/Bonsai-Pot-Rectangular-25-x-18-x-75-cm.jpg?wsr\" \/>\n\t<meta property=\"og:image:width\" content=\"810\" \/>\n\t<meta property=\"og:image:height\" content=\"1080\" \/>\n\t<meta property=\"og:image:type\" content=\"image\/jpeg\" \/>\n<meta name=\"twitter:card\" content=\"summary_large_image\" \/>\n<script type=\"application\/ld+json\" class=\"yoast-schema-graph\">{\"@context\":\"https:\\\/\\\/schema.org\",\"@graph\":[{\"@type\":\"WebPage\",\"@id\":\"https:\\\/\\\/webonsai.com\\\/de\\\/produkt\\\/bonsaischale-rechteckig-25-x-18-x-75-cm-braun\\\/\",\"url\":\"https:\\\/\\\/webonsai.com\\\/de\\\/produkt\\\/bonsaischale-rechteckig-25-x-18-x-75-cm-braun\\\/\",\"name\":\"Bonsaischale rechteckig 25 x 18 x 7,5 cm Braun - webonsai.com\",\"isPartOf\":{\"@id\":\"https:\\\/\\\/webonsai.com\\\/de\\\/#website\"},\"primaryImageOfPage\":{\"@id\":\"https:\\\/\\\/webonsai.com\\\/de\\\/produkt\\\/bonsaischale-rechteckig-25-x-18-x-75-cm-braun\\\/#primaryimage\"},\"image\":{\"@id\":\"https:\\\/\\\/webonsai.com\\\/de\\\/produkt\\\/bonsaischale-rechteckig-25-x-18-x-75-cm-braun\\\/#primaryimage\"},\"thumbnailUrl\":\"https:\\\/\\\/webonsai.com\\\/wp-content\\\/uploads\\\/2025\\\/10\\\/Bonsai-Pot-Rectangular-25-x-18-x-75-cm.jpg?wsr\",\"datePublished\":\"2025-10-27T16:04:21+00:00\",\"breadcrumb\":{\"@id\":\"https:\\\/\\\/webonsai.com\\\/de\\\/produkt\\\/bonsaischale-rechteckig-25-x-18-x-75-cm-braun\\\/#breadcrumb\"},\"inLanguage\":\"de\",\"potentialAction\":[{\"@type\":\"ReadAction\",\"target\":[\"https:\\\/\\\/webonsai.com\\\/de\\\/produkt\\\/bonsaischale-rechteckig-25-x-18-x-75-cm-braun\\\/\"]}]},{\"@type\":\"ImageObject\",\"inLanguage\":\"de\",\"@id\":\"https:\\\/\\\/webonsai.com\\\/de\\\/produkt\\\/bonsaischale-rechteckig-25-x-18-x-75-cm-braun\\\/#primaryimage\",\"url\":\"https:\\\/\\\/webonsai.com\\\/wp-content\\\/uploads\\\/2025\\\/10\\\/Bonsai-Pot-Rectangular-25-x-18-x-75-cm.jpg?wsr\",\"contentUrl\":\"https:\\\/\\\/webonsai.com\\\/wp-content\\\/uploads\\\/2025\\\/10\\\/Bonsai-Pot-Rectangular-25-x-18-x-75-cm.jpg?wsr\",\"width\":810,\"height\":1080,\"caption\":\"Bonsai Pot Rectangular 25 x 18 x 7,5 cm\"},{\"@type\":\"BreadcrumbList\",\"@id\":\"https:\\\/\\\/webonsai.com\\\/de\\\/produkt\\\/bonsaischale-rechteckig-25-x-18-x-75-cm-braun\\\/#breadcrumb\",\"itemListElement\":[{\"@type\":\"ListItem\",\"position\":1,\"name\":\"Home\",\"item\":\"https:\\\/\\\/webonsai.com\\\/de\\\/\"},{\"@type\":\"ListItem\",\"position\":2,\"name\":\"Shop\",\"item\":\"https:\\\/\\\/webonsai.com\\\/shop\\\/\"},{\"@type\":\"ListItem\",\"position\":3,\"name\":\"Bonsaischale rechteckig 25 x 18 x 7,5 cm Braun\"}]},{\"@type\":\"WebSite\",\"@id\":\"https:\\\/\\\/webonsai.com\\\/de\\\/#website\",\"url\":\"https:\\\/\\\/webonsai.com\\\/de\\\/\",\"name\":\"webonsai.com\",\"description\":\"\",\"publisher\":{\"@id\":\"https:\\\/\\\/webonsai.com\\\/de\\\/#organization\"},\"potentialAction\":[{\"@type\":\"SearchAction\",\"target\":{\"@type\":\"EntryPoint\",\"urlTemplate\":\"https:\\\/\\\/webonsai.com\\\/de\\\/?s={search_term_string}\"},\"query-input\":{\"@type\":\"PropertyValueSpecification\",\"valueRequired\":true,\"valueName\":\"search_term_string\"}}],\"inLanguage\":\"de\"},{\"@type\":\"Organization\",\"@id\":\"https:\\\/\\\/webonsai.com\\\/de\\\/#organization\",\"name\":\"We Bonsai\",\"url\":\"https:\\\/\\\/webonsai.com\\\/de\\\/\",\"logo\":{\"@type\":\"ImageObject\",\"inLanguage\":\"de\",\"@id\":\"https:\\\/\\\/webonsai.com\\\/de\\\/#\\\/schema\\\/logo\\\/image\\\/\",\"url\":\"https:\\\/\\\/webonsai.com\\\/wp-content\\\/uploads\\\/2024\\\/05\\\/WeBonsai_Logo.png\",\"contentUrl\":\"https:\\\/\\\/webonsai.com\\\/wp-content\\\/uploads\\\/2024\\\/05\\\/WeBonsai_Logo.png\",\"width\":400,\"height\":125,\"caption\":\"We Bonsai\"},\"image\":{\"@id\":\"https:\\\/\\\/webonsai.com\\\/de\\\/#\\\/schema\\\/logo\\\/image\\\/\"}}]}<\/script>\n<!-- \/ Yoast SEO plugin. -->","yoast_head_json":{"title":"Bonsaischale rechteckig 25 x 18 x 7,5 cm Braun - webonsai.com","robots":{"index":"index","follow":"follow","max-snippet":"max-snippet:-1","max-image-preview":"max-image-preview:large","max-video-preview":"max-video-preview:-1"},"canonical":"https:\/\/webonsai.com\/de\/produkt\/bonsaischale-rechteckig-25-x-18-x-75-cm-braun\/","og_locale":"de_DE","og_type":"article","og_title":"Bonsaischale rechteckig 25 x 18 x 7,5 cm Braun - webonsai.com","og_description":"Farbe: braun   Au\u00dfenma\u00dfe: Breite: 25 cm L\u00e4nge: 18 cm H\u00f6he: 7,5 cm  Innenma\u00dfe:Breite: 22 cm L\u00e4nge: 15,5 cm H\u00f6he: 6 cm","og_url":"https:\/\/webonsai.com\/de\/produkt\/bonsaischale-rechteckig-25-x-18-x-75-cm-braun\/","og_site_name":"webonsai.com","og_image":[{"width":810,"height":1080,"url":"https:\/\/webonsai.com\/wp-content\/uploads\/2025\/10\/Bonsai-Pot-Rectangular-25-x-18-x-75-cm.jpg?wsr","type":"image\/jpeg"}],"twitter_card":"summary_large_image","schema":{"@context":"https:\/\/schema.org","@graph":[{"@type":"WebPage","@id":"https:\/\/webonsai.com\/de\/produkt\/bonsaischale-rechteckig-25-x-18-x-75-cm-braun\/","url":"https:\/\/webonsai.com\/de\/produkt\/bonsaischale-rechteckig-25-x-18-x-75-cm-braun\/","name":"Bonsaischale rechteckig 25 x 18 x 7,5 cm Braun - webonsai.com","isPartOf":{"@id":"https:\/\/webonsai.com\/de\/#website"},"primaryImageOfPage":{"@id":"https:\/\/webonsai.com\/de\/produkt\/bonsaischale-rechteckig-25-x-18-x-75-cm-braun\/#primaryimage"},"image":{"@id":"https:\/\/webonsai.com\/de\/produkt\/bonsaischale-rechteckig-25-x-18-x-75-cm-braun\/#primaryimage"},"thumbnailUrl":"https:\/\/webonsai.com\/wp-content\/uploads\/2025\/10\/Bonsai-Pot-Rectangular-25-x-18-x-75-cm.jpg?wsr","datePublished":"2025-10-27T16:04:21+00:00","breadcrumb":{"@id":"https:\/\/webonsai.com\/de\/produkt\/bonsaischale-rechteckig-25-x-18-x-75-cm-braun\/#breadcrumb"},"inLanguage":"de","potentialAction":[{"@type":"ReadAction","target":["https:\/\/webonsai.com\/de\/produkt\/bonsaischale-rechteckig-25-x-18-x-75-cm-braun\/"]}]},{"@type":"ImageObject","inLanguage":"de","@id":"https:\/\/webonsai.com\/de\/produkt\/bonsaischale-rechteckig-25-x-18-x-75-cm-braun\/#primaryimage","url":"https:\/\/webonsai.com\/wp-content\/uploads\/2025\/10\/Bonsai-Pot-Rectangular-25-x-18-x-75-cm.jpg?wsr","contentUrl":"https:\/\/webonsai.com\/wp-content\/uploads\/2025\/10\/Bonsai-Pot-Rectangular-25-x-18-x-75-cm.jpg?wsr","width":810,"height":1080,"caption":"Bonsai Pot Rectangular 25 x 18 x 7,5 cm"},{"@type":"BreadcrumbList","@id":"https:\/\/webonsai.com\/de\/produkt\/bonsaischale-rechteckig-25-x-18-x-75-cm-braun\/#breadcrumb","itemListElement":[{"@type":"ListItem","position":1,"name":"Home","item":"https:\/\/webonsai.com\/de\/"},{"@type":"ListItem","position":2,"name":"Shop","item":"https:\/\/webonsai.com\/shop\/"},{"@type":"ListItem","position":3,"name":"Bonsaischale rechteckig 25 x 18 x 7,5 cm Braun"}]},{"@type":"WebSite","@id":"https:\/\/webonsai.com\/de\/#website","url":"https:\/\/webonsai.com\/de\/","name":"webonsai.com","description":"","publisher":{"@id":"https:\/\/webonsai.com\/de\/#organization"},"potentialAction":[{"@type":"SearchAction","target":{"@type":"EntryPoint","urlTemplate":"https:\/\/webonsai.com\/de\/?s={search_term_string}"},"query-input":{"@type":"PropertyValueSpecification","valueRequired":true,"valueName":"search_term_string"}}],"inLanguage":"de"},{"@type":"Organization","@id":"https:\/\/webonsai.com\/de\/#organization","name":"We Bonsai","url":"https:\/\/webonsai.com\/de\/","logo":{"@type":"ImageObject","inLanguage":"de","@id":"https:\/\/webonsai.com\/de\/#\/schema\/logo\/image\/","url":"https:\/\/webonsai.com\/wp-content\/uploads\/2024\/05\/WeBonsai_Logo.png","contentUrl":"https:\/\/webonsai.com\/wp-content\/uploads\/2024\/05\/WeBonsai_Logo.png","width":400,"height":125,"caption":"We Bonsai"},"image":{"@id":"https:\/\/webonsai.com\/de\/#\/schema\/logo\/image\/"}}]}},"_links":{"self":[{"href":"https:\/\/webonsai.com\/de\/wp-json\/wp\/v2\/product\/37912","targetHints":{"allow":["GET"]}}],"collection":[{"href":"https:\/\/webonsai.com\/de\/wp-json\/wp\/v2\/product"}],"about":[{"href":"https:\/\/webonsai.com\/de\/wp-json\/wp\/v2\/types\/product"}],"wp:featuredmedia":[{"embeddable":true,"href":"https:\/\/webonsai.com\/de\/wp-json\/wp\/v2\/media\/37907"}],"wp:attachment":[{"href":"https:\/\/webonsai.com\/de\/wp-json\/wp\/v2\/media?parent=37912"}],"wp:term":[{"taxonomy":"product_brand","embeddable":true,"href":"https:\/\/webonsai.com\/de\/wp-json\/wp\/v2\/product_brand?post=37912"},{"taxonomy":"product_cat","embeddable":true,"href":"https:\/\/webonsai.com\/de\/wp-json\/wp\/v2\/product_cat?post=37912"},{"taxonomy":"product_tag","embeddable":true,"href":"https:\/\/webonsai.com\/de\/wp-json\/wp\/v2\/product_tag?post=37912"}],"curies":[{"name":"wp","href":"https:\/\/api.w.org\/{rel}","templated":true}]}}