{"id":37126,"date":"2025-10-21T14:44:00","date_gmt":"2025-10-21T14:44:00","guid":{"rendered":"https:\/\/webonsai.com\/product\/kokufu-bonsai-ten-77\/"},"modified":"2025-10-21T18:06:10","modified_gmt":"2025-10-21T18:06:10","slug":"kokufu-bonsai-ten-77","status":"publish","type":"product","link":"https:\/\/webonsai.com\/de\/produkt\/kokufu-bonsai-ten-77\/","title":{"rendered":"Bonsai Kokufu-ten Buch Nr. 77"},"content":{"rendered":"<p data-start=\"98\" data-end=\"155\"><strong data-start=\"150\" data-end=\"192\">Kokufu 77 \u2013 Die Kunst des japanischen Bonsai<\/strong><\/p>\n<p data-start=\"98\" data-end=\"155\"><br data-start=\"192\" data-end=\"195\">Die <strong data-start=\"199\" data-end=\"209\">Kokufu<\/strong>-Sammlung umfasst die offiziellen Kataloge von Japans renommiertester Bonsai-Ausstellung. <strong data-start=\"296\" data-end=\"309\">Kokufu 77 <\/strong>pr\u00e4sentiert atemberaubende Fotos und detaillierte Beschreibungen der preisgekr\u00f6nten B\u00e4ume der 61. Kokufu-ten und f\u00e4ngt dabei die Sch\u00f6nheit, Ausgewogenheit und zeitlose Tradition der Bonsai-Kunst ein. Ein Muss f\u00fcr Sammler und Liebhaber der japanischen Kultur.<\/p>\n","protected":false},"excerpt":{"rendered":"<p data-start=\"98\" data-end=\"155\"><strong data-start=\"150\" data-end=\"192\">Kokufu 77 \u2013 Die Kunst des japanischen Bonsai<\/strong><\/p>\n<p data-start=\"98\" data-end=\"155\"><br data-start=\"192\" data-end=\"195\">Die <strong data-start=\"199\" data-end=\"209\">Kokufu<\/strong>-Sammlung umfasst die offiziellen Kataloge von Japans renommiertester Bonsai-Ausstellung. <strong data-start=\"296\" data-end=\"309\">Kokufu 77 <\/strong>pr\u00e4sentiert atemberaubende Fotos und detaillierte Beschreibungen der preisgekr\u00f6nten B\u00e4ume der 61. Kokufu-ten und f\u00e4ngt dabei die Sch\u00f6nheit, Ausgewogenheit und zeitlose Tradition der Bonsai-Kunst ein. Ein Muss f\u00fcr Sammler und Liebhaber der japanischen Kultur.<\/p>\n<p data-start=\"98\" data-end=\"155\">Die <strong data-start=\"1007\" data-end=\"1020\">Kokufu 77 <\/strong>erscheint in einer Luxusausgabe mit drei Pr\u00e4sentationsebenen. Die erste ist ein <strong data-start=\"1097\" data-end=\"1115\">stabiler Schuber<\/strong>, der entworfen wurde, um das elegante Erscheinungsbild des Bandes zu sch\u00fctzen und zu verbessern. Im Inneren befindet sich ein <strong data-start=\"1192\" data-end=\"1224\">d\u00fcnner, illustrierter Schutzumschlag<\/strong> mit wundersch\u00f6nen Bonsai-Bildern, der das <strong data-start=\"1273\" data-end=\"1291\">Hardcover-Buch<\/strong> umschlie\u00dft, das mit hochwertigem Material und goldener Schrift veredelt ist. Das Gesamtdesign strahlt Raffinesse und Handwerkskunst aus und spiegelt perfekt das Prestige und die Tradition der Kokufu-ten Bonsai-Ausstellung wider.<\/p>\n","protected":false},"featured_media":37008,"template":"","meta":[],"product_brand":[],"product_cat":[256,257,210],"product_tag":[],"class_list":{"0":"post-37126","1":"product","2":"type-product","3":"status-publish","4":"has-post-thumbnail","6":"product_cat-bucher","7":"product_cat-geschenkkarten","8":"product_cat-vor-bonsai-bonsai","9":"product_shipping_class-wc-mp-1-17","12":"first","13":"instock","14":"shipping-taxable","15":"purchasable","16":"product-type-simple"},"yoast_head":"<!-- This site is optimized with the Yoast SEO plugin v27.5 - https:\/\/yoast.com\/product\/yoast-seo-wordpress\/ -->\n<title>Bonsai Kokufu-ten Buch Nr. 77 - webonsai.com<\/title>\n<meta name=\"robots\" content=\"index, follow, max-snippet:-1, max-image-preview:large, max-video-preview:-1\" \/>\n<link rel=\"canonical\" href=\"https:\/\/webonsai.com\/de\/produkt\/kokufu-bonsai-ten-77\/\" \/>\n<meta property=\"og:locale\" content=\"de_DE\" \/>\n<meta property=\"og:type\" content=\"article\" \/>\n<meta property=\"og:title\" content=\"Bonsai Kokufu-ten Buch Nr. 77 - webonsai.com\" \/>\n<meta property=\"og:description\" content=\"Kokufu 77 \u2013 Die Kunst des japanischen Bonsai Die Kokufu-Sammlung umfasst die offiziellen Kataloge von Japans renommiertester Bonsai-Ausstellung. Kokufu 77 pr\u00e4sentiert atemberaubende Fotos und detaillierte Beschreibungen der preisgekr\u00f6nten B\u00e4ume der 61. Kokufu-ten und f\u00e4ngt dabei die Sch\u00f6nheit, Ausgewogenheit und zeitlose Tradition der Bonsai-Kunst ein. Ein Muss f\u00fcr Sammler und Liebhaber der japanischen Kultur. Die Kokufu 77 erscheint in einer Luxusausgabe mit drei Pr\u00e4sentationsebenen. Die erste ist ein stabiler Schuber, der entworfen wurde, um das elegante Erscheinungsbild des Bandes zu sch\u00fctzen und zu verbessern. Im Inneren befindet sich ein d\u00fcnner, illustrierter Schutzumschlag mit wundersch\u00f6nen Bonsai-Bildern, der das Hardcover-Buch umschlie\u00dft, das mit hochwertigem Material und goldener Schrift veredelt ist. Das Gesamtdesign strahlt Raffinesse und Handwerkskunst aus und spiegelt perfekt das Prestige und die Tradition der Kokufu-ten Bonsai-Ausstellung wider.\" \/>\n<meta property=\"og:url\" content=\"https:\/\/webonsai.com\/de\/produkt\/kokufu-bonsai-ten-77\/\" \/>\n<meta property=\"og:site_name\" content=\"webonsai.com\" \/>\n<meta property=\"article:modified_time\" content=\"2025-10-21T18:06:10+00:00\" \/>\n<meta property=\"og:image\" content=\"https:\/\/webonsai.com\/wp-content\/uploads\/2025\/10\/Kokufu-Bonsai-Ten-77.jpg\" \/>\n\t<meta property=\"og:image:width\" content=\"810\" \/>\n\t<meta property=\"og:image:height\" content=\"1080\" \/>\n\t<meta property=\"og:image:type\" content=\"image\/jpeg\" \/>\n<meta name=\"twitter:card\" content=\"summary_large_image\" \/>\n<script type=\"application\/ld+json\" class=\"yoast-schema-graph\">{\"@context\":\"https:\\\/\\\/schema.org\",\"@graph\":[{\"@type\":\"WebPage\",\"@id\":\"https:\\\/\\\/webonsai.com\\\/de\\\/produkt\\\/kokufu-bonsai-ten-77\\\/\",\"url\":\"https:\\\/\\\/webonsai.com\\\/de\\\/produkt\\\/kokufu-bonsai-ten-77\\\/\",\"name\":\"Bonsai Kokufu-ten Buch Nr. 77 - webonsai.com\",\"isPartOf\":{\"@id\":\"https:\\\/\\\/webonsai.com\\\/de\\\/#website\"},\"primaryImageOfPage\":{\"@id\":\"https:\\\/\\\/webonsai.com\\\/de\\\/produkt\\\/kokufu-bonsai-ten-77\\\/#primaryimage\"},\"image\":{\"@id\":\"https:\\\/\\\/webonsai.com\\\/de\\\/produkt\\\/kokufu-bonsai-ten-77\\\/#primaryimage\"},\"thumbnailUrl\":\"https:\\\/\\\/webonsai.com\\\/wp-content\\\/uploads\\\/2025\\\/10\\\/Kokufu-Bonsai-Ten-77.jpg?wsr\",\"datePublished\":\"2025-10-21T14:44:00+00:00\",\"dateModified\":\"2025-10-21T18:06:10+00:00\",\"breadcrumb\":{\"@id\":\"https:\\\/\\\/webonsai.com\\\/de\\\/produkt\\\/kokufu-bonsai-ten-77\\\/#breadcrumb\"},\"inLanguage\":\"de\",\"potentialAction\":[{\"@type\":\"ReadAction\",\"target\":[\"https:\\\/\\\/webonsai.com\\\/de\\\/produkt\\\/kokufu-bonsai-ten-77\\\/\"]}]},{\"@type\":\"ImageObject\",\"inLanguage\":\"de\",\"@id\":\"https:\\\/\\\/webonsai.com\\\/de\\\/produkt\\\/kokufu-bonsai-ten-77\\\/#primaryimage\",\"url\":\"https:\\\/\\\/webonsai.com\\\/wp-content\\\/uploads\\\/2025\\\/10\\\/Kokufu-Bonsai-Ten-77.jpg?wsr\",\"contentUrl\":\"https:\\\/\\\/webonsai.com\\\/wp-content\\\/uploads\\\/2025\\\/10\\\/Kokufu-Bonsai-Ten-77.jpg?wsr\",\"width\":810,\"height\":1080,\"caption\":\"Kokufu Bonsai Ten # 77\"},{\"@type\":\"BreadcrumbList\",\"@id\":\"https:\\\/\\\/webonsai.com\\\/de\\\/produkt\\\/kokufu-bonsai-ten-77\\\/#breadcrumb\",\"itemListElement\":[{\"@type\":\"ListItem\",\"position\":1,\"name\":\"Home\",\"item\":\"https:\\\/\\\/webonsai.com\\\/de\\\/\"},{\"@type\":\"ListItem\",\"position\":2,\"name\":\"Shop\",\"item\":\"https:\\\/\\\/webonsai.com\\\/shop\\\/\"},{\"@type\":\"ListItem\",\"position\":3,\"name\":\"Bonsai Kokufu-ten Buch Nr. 77\"}]},{\"@type\":\"WebSite\",\"@id\":\"https:\\\/\\\/webonsai.com\\\/de\\\/#website\",\"url\":\"https:\\\/\\\/webonsai.com\\\/de\\\/\",\"name\":\"webonsai.com\",\"description\":\"\",\"publisher\":{\"@id\":\"https:\\\/\\\/webonsai.com\\\/de\\\/#organization\"},\"potentialAction\":[{\"@type\":\"SearchAction\",\"target\":{\"@type\":\"EntryPoint\",\"urlTemplate\":\"https:\\\/\\\/webonsai.com\\\/de\\\/?s={search_term_string}\"},\"query-input\":{\"@type\":\"PropertyValueSpecification\",\"valueRequired\":true,\"valueName\":\"search_term_string\"}}],\"inLanguage\":\"de\"},{\"@type\":\"Organization\",\"@id\":\"https:\\\/\\\/webonsai.com\\\/de\\\/#organization\",\"name\":\"We Bonsai\",\"url\":\"https:\\\/\\\/webonsai.com\\\/de\\\/\",\"logo\":{\"@type\":\"ImageObject\",\"inLanguage\":\"de\",\"@id\":\"https:\\\/\\\/webonsai.com\\\/de\\\/#\\\/schema\\\/logo\\\/image\\\/\",\"url\":\"https:\\\/\\\/webonsai.com\\\/wp-content\\\/uploads\\\/2024\\\/05\\\/WeBonsai_Logo.png\",\"contentUrl\":\"https:\\\/\\\/webonsai.com\\\/wp-content\\\/uploads\\\/2024\\\/05\\\/WeBonsai_Logo.png\",\"width\":400,\"height\":125,\"caption\":\"We Bonsai\"},\"image\":{\"@id\":\"https:\\\/\\\/webonsai.com\\\/de\\\/#\\\/schema\\\/logo\\\/image\\\/\"}}]}<\/script>\n<!-- \/ Yoast SEO plugin. -->","yoast_head_json":{"title":"Bonsai Kokufu-ten Buch Nr. 77 - webonsai.com","robots":{"index":"index","follow":"follow","max-snippet":"max-snippet:-1","max-image-preview":"max-image-preview:large","max-video-preview":"max-video-preview:-1"},"canonical":"https:\/\/webonsai.com\/de\/produkt\/kokufu-bonsai-ten-77\/","og_locale":"de_DE","og_type":"article","og_title":"Bonsai Kokufu-ten Buch Nr. 77 - webonsai.com","og_description":"Kokufu 77 \u2013 Die Kunst des japanischen Bonsai Die Kokufu-Sammlung umfasst die offiziellen Kataloge von Japans renommiertester Bonsai-Ausstellung. Kokufu 77 pr\u00e4sentiert atemberaubende Fotos und detaillierte Beschreibungen der preisgekr\u00f6nten B\u00e4ume der 61. Kokufu-ten und f\u00e4ngt dabei die Sch\u00f6nheit, Ausgewogenheit und zeitlose Tradition der Bonsai-Kunst ein. Ein Muss f\u00fcr Sammler und Liebhaber der japanischen Kultur. Die Kokufu 77 erscheint in einer Luxusausgabe mit drei Pr\u00e4sentationsebenen. Die erste ist ein stabiler Schuber, der entworfen wurde, um das elegante Erscheinungsbild des Bandes zu sch\u00fctzen und zu verbessern. Im Inneren befindet sich ein d\u00fcnner, illustrierter Schutzumschlag mit wundersch\u00f6nen Bonsai-Bildern, der das Hardcover-Buch umschlie\u00dft, das mit hochwertigem Material und goldener Schrift veredelt ist. Das Gesamtdesign strahlt Raffinesse und Handwerkskunst aus und spiegelt perfekt das Prestige und die Tradition der Kokufu-ten Bonsai-Ausstellung wider.","og_url":"https:\/\/webonsai.com\/de\/produkt\/kokufu-bonsai-ten-77\/","og_site_name":"webonsai.com","article_modified_time":"2025-10-21T18:06:10+00:00","og_image":[{"width":810,"height":1080,"url":"https:\/\/webonsai.com\/wp-content\/uploads\/2025\/10\/Kokufu-Bonsai-Ten-77.jpg","type":"image\/jpeg"}],"twitter_card":"summary_large_image","schema":{"@context":"https:\/\/schema.org","@graph":[{"@type":"WebPage","@id":"https:\/\/webonsai.com\/de\/produkt\/kokufu-bonsai-ten-77\/","url":"https:\/\/webonsai.com\/de\/produkt\/kokufu-bonsai-ten-77\/","name":"Bonsai Kokufu-ten Buch Nr. 77 - webonsai.com","isPartOf":{"@id":"https:\/\/webonsai.com\/de\/#website"},"primaryImageOfPage":{"@id":"https:\/\/webonsai.com\/de\/produkt\/kokufu-bonsai-ten-77\/#primaryimage"},"image":{"@id":"https:\/\/webonsai.com\/de\/produkt\/kokufu-bonsai-ten-77\/#primaryimage"},"thumbnailUrl":"https:\/\/webonsai.com\/wp-content\/uploads\/2025\/10\/Kokufu-Bonsai-Ten-77.jpg?wsr","datePublished":"2025-10-21T14:44:00+00:00","dateModified":"2025-10-21T18:06:10+00:00","breadcrumb":{"@id":"https:\/\/webonsai.com\/de\/produkt\/kokufu-bonsai-ten-77\/#breadcrumb"},"inLanguage":"de","potentialAction":[{"@type":"ReadAction","target":["https:\/\/webonsai.com\/de\/produkt\/kokufu-bonsai-ten-77\/"]}]},{"@type":"ImageObject","inLanguage":"de","@id":"https:\/\/webonsai.com\/de\/produkt\/kokufu-bonsai-ten-77\/#primaryimage","url":"https:\/\/webonsai.com\/wp-content\/uploads\/2025\/10\/Kokufu-Bonsai-Ten-77.jpg?wsr","contentUrl":"https:\/\/webonsai.com\/wp-content\/uploads\/2025\/10\/Kokufu-Bonsai-Ten-77.jpg?wsr","width":810,"height":1080,"caption":"Kokufu Bonsai Ten # 77"},{"@type":"BreadcrumbList","@id":"https:\/\/webonsai.com\/de\/produkt\/kokufu-bonsai-ten-77\/#breadcrumb","itemListElement":[{"@type":"ListItem","position":1,"name":"Home","item":"https:\/\/webonsai.com\/de\/"},{"@type":"ListItem","position":2,"name":"Shop","item":"https:\/\/webonsai.com\/shop\/"},{"@type":"ListItem","position":3,"name":"Bonsai Kokufu-ten Buch Nr. 77"}]},{"@type":"WebSite","@id":"https:\/\/webonsai.com\/de\/#website","url":"https:\/\/webonsai.com\/de\/","name":"webonsai.com","description":"","publisher":{"@id":"https:\/\/webonsai.com\/de\/#organization"},"potentialAction":[{"@type":"SearchAction","target":{"@type":"EntryPoint","urlTemplate":"https:\/\/webonsai.com\/de\/?s={search_term_string}"},"query-input":{"@type":"PropertyValueSpecification","valueRequired":true,"valueName":"search_term_string"}}],"inLanguage":"de"},{"@type":"Organization","@id":"https:\/\/webonsai.com\/de\/#organization","name":"We Bonsai","url":"https:\/\/webonsai.com\/de\/","logo":{"@type":"ImageObject","inLanguage":"de","@id":"https:\/\/webonsai.com\/de\/#\/schema\/logo\/image\/","url":"https:\/\/webonsai.com\/wp-content\/uploads\/2024\/05\/WeBonsai_Logo.png","contentUrl":"https:\/\/webonsai.com\/wp-content\/uploads\/2024\/05\/WeBonsai_Logo.png","width":400,"height":125,"caption":"We Bonsai"},"image":{"@id":"https:\/\/webonsai.com\/de\/#\/schema\/logo\/image\/"}}]}},"_links":{"self":[{"href":"https:\/\/webonsai.com\/de\/wp-json\/wp\/v2\/product\/37126","targetHints":{"allow":["GET"]}}],"collection":[{"href":"https:\/\/webonsai.com\/de\/wp-json\/wp\/v2\/product"}],"about":[{"href":"https:\/\/webonsai.com\/de\/wp-json\/wp\/v2\/types\/product"}],"wp:featuredmedia":[{"embeddable":true,"href":"https:\/\/webonsai.com\/de\/wp-json\/wp\/v2\/media\/37008"}],"wp:attachment":[{"href":"https:\/\/webonsai.com\/de\/wp-json\/wp\/v2\/media?parent=37126"}],"wp:term":[{"taxonomy":"product_brand","embeddable":true,"href":"https:\/\/webonsai.com\/de\/wp-json\/wp\/v2\/product_brand?post=37126"},{"taxonomy":"product_cat","embeddable":true,"href":"https:\/\/webonsai.com\/de\/wp-json\/wp\/v2\/product_cat?post=37126"},{"taxonomy":"product_tag","embeddable":true,"href":"https:\/\/webonsai.com\/de\/wp-json\/wp\/v2\/product_tag?post=37126"}],"curies":[{"name":"wp","href":"https:\/\/api.w.org\/{rel}","templated":true}]}}