{"id":36202,"date":"2025-09-26T12:28:51","date_gmt":"2025-09-26T12:28:51","guid":{"rendered":"https:\/\/webonsai.com\/product\/prunus-bonsai-hoehe-ohne-topf-32-cm-breite-51-cm\/"},"modified":"2025-09-26T12:28:51","modified_gmt":"2025-09-26T12:28:51","slug":"prunus-bonsai-hoehe-ohne-topf-32-cm-breite-51-cm","status":"publish","type":"product","link":"https:\/\/webonsai.com\/de\/produkt\/prunus-bonsai-hoehe-ohne-topf-32-cm-breite-51-cm\/","title":{"rendered":"Prunus Bonsai \u2013 H\u00f6he (ohne Topf): 32 cm, Breite: 51 cm"},"content":{"rendered":"<p data-start=\"98\" data-end=\"155\"><strong data-start=\"98\" data-end=\"123\">VERSAND IN HOLZBOX<\/strong><br data-start=\"123\" data-end=\"126\">Das Bild wurde im Oktober 2025 aufgenommen<\/p>\n<ul data-start=\"157\" data-end=\"293\">\n<li data-start=\"157\" data-end=\"178\">\n<p data-start=\"159\" data-end=\"178\">H\u00f6he: 32 cm<\/p>\n<\/li>\n<li data-start=\"179\" data-end=\"199\">\n<p data-start=\"181\" data-end=\"199\">Breite: 11 cm<\/p>\n<\/li>\n<li data-start=\"200\" data-end=\"233\">\n<p data-start=\"202\" data-end=\"233\">Stammumfang: 56 cm<\/p>\n<\/li>\n<li data-start=\"234\" data-end=\"293\">\n<p data-start=\"236\" data-end=\"293\">Topf: 21 cm (H\u00f6he) \u00d7 27 cm (Breite) \u00d7 27 cm (Tiefe)<\/p>\n<\/li>\n<\/ul>\n","protected":false},"excerpt":{"rendered":"<p data-start=\"98\" data-end=\"155\"><strong data-start=\"98\" data-end=\"123\">VERSAND IN HOLZKISTE<\/strong><br data-start=\"123\" data-end=\"126\">Bild aufgenommen im Oktober 2025<\/p>\n<ul data-start=\"157\" data-end=\"293\">\n<li data-start=\"157\" data-end=\"178\">\n<p data-start=\"159\" data-end=\"178\">H\u00f6he: 32 cm<\/p>\n<\/li>\n<li data-start=\"179\" data-end=\"199\">\n<p data-start=\"181\" data-end=\"199\">Breite: 11 cm<\/p>\n<\/li>\n<li data-start=\"200\" data-end=\"233\">\n<p data-start=\"202\" data-end=\"233\">Stammumfang: 56 cm<\/p>\n<\/li>\n<li data-start=\"234\" data-end=\"293\">\n<p data-start=\"236\" data-end=\"293\">Topf: 21 cm (H\u00f6he) \u00d7 27 cm (Breite) \u00d7 27 cm (Tiefe)<\/p>\n<\/li>\n<\/ul>\n","protected":false},"featured_media":34826,"template":"","meta":[],"product_brand":[],"product_cat":[239],"product_tag":[],"class_list":{"0":"post-36202","1":"product","2":"type-product","3":"status-publish","4":"has-post-thumbnail","6":"product_cat-tempai","7":"product_shipping_class-schwer","10":"first","11":"instock","12":"shipping-taxable","13":"purchasable","14":"product-type-simple"},"yoast_head":"<!-- This site is optimized with the Yoast SEO plugin v27.5 - https:\/\/yoast.com\/product\/yoast-seo-wordpress\/ -->\n<title>Prunus Bonsai \u2013 H\u00f6he (ohne Topf): 32 cm, Breite: 51 cm - webonsai.com<\/title>\n<meta name=\"robots\" content=\"index, follow, max-snippet:-1, max-image-preview:large, max-video-preview:-1\" \/>\n<link rel=\"canonical\" href=\"https:\/\/webonsai.com\/de\/produkt\/prunus-bonsai-hoehe-ohne-topf-32-cm-breite-51-cm\/\" \/>\n<meta property=\"og:locale\" content=\"de_DE\" \/>\n<meta property=\"og:type\" content=\"article\" \/>\n<meta property=\"og:title\" content=\"Prunus Bonsai \u2013 H\u00f6he (ohne Topf): 32 cm, Breite: 51 cm - webonsai.com\" \/>\n<meta property=\"og:description\" content=\"VERSAND IN HOLZKISTEBild aufgenommen im Oktober 2025   H\u00f6he: 32 cm   Breite: 11 cm   Stammumfang: 56 cm   Topf: 21 cm (H\u00f6he) \u00d7 27 cm (Breite) \u00d7 27 cm (Tiefe)\" \/>\n<meta property=\"og:url\" content=\"https:\/\/webonsai.com\/de\/produkt\/prunus-bonsai-hoehe-ohne-topf-32-cm-breite-51-cm\/\" \/>\n<meta property=\"og:site_name\" content=\"webonsai.com\" \/>\n<meta property=\"og:image\" content=\"https:\/\/webonsai.com\/wp-content\/uploads\/2025\/09\/Prunus-1.jpg?wsr\" \/>\n\t<meta property=\"og:image:width\" content=\"1080\" \/>\n\t<meta property=\"og:image:height\" content=\"1294\" \/>\n\t<meta property=\"og:image:type\" content=\"image\/jpeg\" \/>\n<meta name=\"twitter:card\" content=\"summary_large_image\" \/>\n<script type=\"application\/ld+json\" class=\"yoast-schema-graph\">{\"@context\":\"https:\\\/\\\/schema.org\",\"@graph\":[{\"@type\":\"WebPage\",\"@id\":\"https:\\\/\\\/webonsai.com\\\/de\\\/produkt\\\/prunus-bonsai-hoehe-ohne-topf-32-cm-breite-51-cm\\\/\",\"url\":\"https:\\\/\\\/webonsai.com\\\/de\\\/produkt\\\/prunus-bonsai-hoehe-ohne-topf-32-cm-breite-51-cm\\\/\",\"name\":\"Prunus Bonsai \u2013 H\u00f6he (ohne Topf): 32 cm, Breite: 51 cm - webonsai.com\",\"isPartOf\":{\"@id\":\"https:\\\/\\\/webonsai.com\\\/de\\\/#website\"},\"primaryImageOfPage\":{\"@id\":\"https:\\\/\\\/webonsai.com\\\/de\\\/produkt\\\/prunus-bonsai-hoehe-ohne-topf-32-cm-breite-51-cm\\\/#primaryimage\"},\"image\":{\"@id\":\"https:\\\/\\\/webonsai.com\\\/de\\\/produkt\\\/prunus-bonsai-hoehe-ohne-topf-32-cm-breite-51-cm\\\/#primaryimage\"},\"thumbnailUrl\":\"https:\\\/\\\/webonsai.com\\\/wp-content\\\/uploads\\\/2025\\\/09\\\/Prunus-1.jpg?wsr\",\"datePublished\":\"2025-09-26T12:28:51+00:00\",\"breadcrumb\":{\"@id\":\"https:\\\/\\\/webonsai.com\\\/de\\\/produkt\\\/prunus-bonsai-hoehe-ohne-topf-32-cm-breite-51-cm\\\/#breadcrumb\"},\"inLanguage\":\"de\",\"potentialAction\":[{\"@type\":\"ReadAction\",\"target\":[\"https:\\\/\\\/webonsai.com\\\/de\\\/produkt\\\/prunus-bonsai-hoehe-ohne-topf-32-cm-breite-51-cm\\\/\"]}]},{\"@type\":\"ImageObject\",\"inLanguage\":\"de\",\"@id\":\"https:\\\/\\\/webonsai.com\\\/de\\\/produkt\\\/prunus-bonsai-hoehe-ohne-topf-32-cm-breite-51-cm\\\/#primaryimage\",\"url\":\"https:\\\/\\\/webonsai.com\\\/wp-content\\\/uploads\\\/2025\\\/09\\\/Prunus-1.jpg?wsr\",\"contentUrl\":\"https:\\\/\\\/webonsai.com\\\/wp-content\\\/uploads\\\/2025\\\/09\\\/Prunus-1.jpg?wsr\",\"width\":1080,\"height\":1294,\"caption\":\"Prunus 1\"},{\"@type\":\"BreadcrumbList\",\"@id\":\"https:\\\/\\\/webonsai.com\\\/de\\\/produkt\\\/prunus-bonsai-hoehe-ohne-topf-32-cm-breite-51-cm\\\/#breadcrumb\",\"itemListElement\":[{\"@type\":\"ListItem\",\"position\":1,\"name\":\"Home\",\"item\":\"https:\\\/\\\/webonsai.com\\\/de\\\/\"},{\"@type\":\"ListItem\",\"position\":2,\"name\":\"Shop\",\"item\":\"https:\\\/\\\/webonsai.com\\\/shop\\\/\"},{\"@type\":\"ListItem\",\"position\":3,\"name\":\"Prunus Bonsai \u2013 H\u00f6he (ohne Topf): 32 cm, Breite: 51 cm\"}]},{\"@type\":\"WebSite\",\"@id\":\"https:\\\/\\\/webonsai.com\\\/de\\\/#website\",\"url\":\"https:\\\/\\\/webonsai.com\\\/de\\\/\",\"name\":\"webonsai.com\",\"description\":\"\",\"publisher\":{\"@id\":\"https:\\\/\\\/webonsai.com\\\/de\\\/#organization\"},\"potentialAction\":[{\"@type\":\"SearchAction\",\"target\":{\"@type\":\"EntryPoint\",\"urlTemplate\":\"https:\\\/\\\/webonsai.com\\\/de\\\/?s={search_term_string}\"},\"query-input\":{\"@type\":\"PropertyValueSpecification\",\"valueRequired\":true,\"valueName\":\"search_term_string\"}}],\"inLanguage\":\"de\"},{\"@type\":\"Organization\",\"@id\":\"https:\\\/\\\/webonsai.com\\\/de\\\/#organization\",\"name\":\"We Bonsai\",\"url\":\"https:\\\/\\\/webonsai.com\\\/de\\\/\",\"logo\":{\"@type\":\"ImageObject\",\"inLanguage\":\"de\",\"@id\":\"https:\\\/\\\/webonsai.com\\\/de\\\/#\\\/schema\\\/logo\\\/image\\\/\",\"url\":\"https:\\\/\\\/webonsai.com\\\/wp-content\\\/uploads\\\/2024\\\/05\\\/WeBonsai_Logo.png\",\"contentUrl\":\"https:\\\/\\\/webonsai.com\\\/wp-content\\\/uploads\\\/2024\\\/05\\\/WeBonsai_Logo.png\",\"width\":400,\"height\":125,\"caption\":\"We Bonsai\"},\"image\":{\"@id\":\"https:\\\/\\\/webonsai.com\\\/de\\\/#\\\/schema\\\/logo\\\/image\\\/\"}}]}<\/script>\n<!-- \/ Yoast SEO plugin. -->","yoast_head_json":{"title":"Prunus Bonsai \u2013 H\u00f6he (ohne Topf): 32 cm, Breite: 51 cm - webonsai.com","robots":{"index":"index","follow":"follow","max-snippet":"max-snippet:-1","max-image-preview":"max-image-preview:large","max-video-preview":"max-video-preview:-1"},"canonical":"https:\/\/webonsai.com\/de\/produkt\/prunus-bonsai-hoehe-ohne-topf-32-cm-breite-51-cm\/","og_locale":"de_DE","og_type":"article","og_title":"Prunus Bonsai \u2013 H\u00f6he (ohne Topf): 32 cm, Breite: 51 cm - webonsai.com","og_description":"VERSAND IN HOLZKISTEBild aufgenommen im Oktober 2025   H\u00f6he: 32 cm   Breite: 11 cm   Stammumfang: 56 cm   Topf: 21 cm (H\u00f6he) \u00d7 27 cm (Breite) \u00d7 27 cm (Tiefe)","og_url":"https:\/\/webonsai.com\/de\/produkt\/prunus-bonsai-hoehe-ohne-topf-32-cm-breite-51-cm\/","og_site_name":"webonsai.com","og_image":[{"width":1080,"height":1294,"url":"https:\/\/webonsai.com\/wp-content\/uploads\/2025\/09\/Prunus-1.jpg?wsr","type":"image\/jpeg"}],"twitter_card":"summary_large_image","schema":{"@context":"https:\/\/schema.org","@graph":[{"@type":"WebPage","@id":"https:\/\/webonsai.com\/de\/produkt\/prunus-bonsai-hoehe-ohne-topf-32-cm-breite-51-cm\/","url":"https:\/\/webonsai.com\/de\/produkt\/prunus-bonsai-hoehe-ohne-topf-32-cm-breite-51-cm\/","name":"Prunus Bonsai \u2013 H\u00f6he (ohne Topf): 32 cm, Breite: 51 cm - webonsai.com","isPartOf":{"@id":"https:\/\/webonsai.com\/de\/#website"},"primaryImageOfPage":{"@id":"https:\/\/webonsai.com\/de\/produkt\/prunus-bonsai-hoehe-ohne-topf-32-cm-breite-51-cm\/#primaryimage"},"image":{"@id":"https:\/\/webonsai.com\/de\/produkt\/prunus-bonsai-hoehe-ohne-topf-32-cm-breite-51-cm\/#primaryimage"},"thumbnailUrl":"https:\/\/webonsai.com\/wp-content\/uploads\/2025\/09\/Prunus-1.jpg?wsr","datePublished":"2025-09-26T12:28:51+00:00","breadcrumb":{"@id":"https:\/\/webonsai.com\/de\/produkt\/prunus-bonsai-hoehe-ohne-topf-32-cm-breite-51-cm\/#breadcrumb"},"inLanguage":"de","potentialAction":[{"@type":"ReadAction","target":["https:\/\/webonsai.com\/de\/produkt\/prunus-bonsai-hoehe-ohne-topf-32-cm-breite-51-cm\/"]}]},{"@type":"ImageObject","inLanguage":"de","@id":"https:\/\/webonsai.com\/de\/produkt\/prunus-bonsai-hoehe-ohne-topf-32-cm-breite-51-cm\/#primaryimage","url":"https:\/\/webonsai.com\/wp-content\/uploads\/2025\/09\/Prunus-1.jpg?wsr","contentUrl":"https:\/\/webonsai.com\/wp-content\/uploads\/2025\/09\/Prunus-1.jpg?wsr","width":1080,"height":1294,"caption":"Prunus 1"},{"@type":"BreadcrumbList","@id":"https:\/\/webonsai.com\/de\/produkt\/prunus-bonsai-hoehe-ohne-topf-32-cm-breite-51-cm\/#breadcrumb","itemListElement":[{"@type":"ListItem","position":1,"name":"Home","item":"https:\/\/webonsai.com\/de\/"},{"@type":"ListItem","position":2,"name":"Shop","item":"https:\/\/webonsai.com\/shop\/"},{"@type":"ListItem","position":3,"name":"Prunus Bonsai \u2013 H\u00f6he (ohne Topf): 32 cm, Breite: 51 cm"}]},{"@type":"WebSite","@id":"https:\/\/webonsai.com\/de\/#website","url":"https:\/\/webonsai.com\/de\/","name":"webonsai.com","description":"","publisher":{"@id":"https:\/\/webonsai.com\/de\/#organization"},"potentialAction":[{"@type":"SearchAction","target":{"@type":"EntryPoint","urlTemplate":"https:\/\/webonsai.com\/de\/?s={search_term_string}"},"query-input":{"@type":"PropertyValueSpecification","valueRequired":true,"valueName":"search_term_string"}}],"inLanguage":"de"},{"@type":"Organization","@id":"https:\/\/webonsai.com\/de\/#organization","name":"We Bonsai","url":"https:\/\/webonsai.com\/de\/","logo":{"@type":"ImageObject","inLanguage":"de","@id":"https:\/\/webonsai.com\/de\/#\/schema\/logo\/image\/","url":"https:\/\/webonsai.com\/wp-content\/uploads\/2024\/05\/WeBonsai_Logo.png","contentUrl":"https:\/\/webonsai.com\/wp-content\/uploads\/2024\/05\/WeBonsai_Logo.png","width":400,"height":125,"caption":"We Bonsai"},"image":{"@id":"https:\/\/webonsai.com\/de\/#\/schema\/logo\/image\/"}}]}},"_links":{"self":[{"href":"https:\/\/webonsai.com\/de\/wp-json\/wp\/v2\/product\/36202","targetHints":{"allow":["GET"]}}],"collection":[{"href":"https:\/\/webonsai.com\/de\/wp-json\/wp\/v2\/product"}],"about":[{"href":"https:\/\/webonsai.com\/de\/wp-json\/wp\/v2\/types\/product"}],"wp:featuredmedia":[{"embeddable":true,"href":"https:\/\/webonsai.com\/de\/wp-json\/wp\/v2\/media\/34826"}],"wp:attachment":[{"href":"https:\/\/webonsai.com\/de\/wp-json\/wp\/v2\/media?parent=36202"}],"wp:term":[{"taxonomy":"product_brand","embeddable":true,"href":"https:\/\/webonsai.com\/de\/wp-json\/wp\/v2\/product_brand?post=36202"},{"taxonomy":"product_cat","embeddable":true,"href":"https:\/\/webonsai.com\/de\/wp-json\/wp\/v2\/product_cat?post=36202"},{"taxonomy":"product_tag","embeddable":true,"href":"https:\/\/webonsai.com\/de\/wp-json\/wp\/v2\/product_tag?post=36202"}],"curies":[{"name":"wp","href":"https:\/\/api.w.org\/{rel}","templated":true}]}}